{"id":63854,"date":"2025-09-09T09:17:29","date_gmt":"2025-09-09T02:17:29","guid":{"rendered":"https:\/\/mouldking.store\/shop\/gobricks-189726-bmw-3-0-csl-imsa-1975-18-with-4754-pieces\/"},"modified":"2025-09-09T09:17:33","modified_gmt":"2025-09-09T02:17:33","slug":"gobricks-189726-bmw-3-0-csl-imsa-1975-18-with-4754-pieces","status":"publish","type":"product","link":"https:\/\/mouldking.store\/hu\/shop\/gobricks-189726-bmw-3-0-csl-imsa-1975-18-with-4754-pieces\/","title":{"rendered":"Gobricks 189726 BMW 3.0 CSL IMSA 1975 1:8 with 4754 Pieces"},"content":{"rendered":"<div>\u2705 GOBRICKS MOC 189726 BMW 3.0 CSL IMSA 1975 1:8<\/p>\n<\/div>\n<div>\u2705 The GOBRICKS MOC 189726 BMW 3.0 CSL IMSA 1975 1:8 is a highly-detailed, large-scale model of the iconic race car, aimed at adult fans of building blocks and automotive enthusiasts.<\/p>\n<\/div>\n<div>\ud83d\udeab FONTOS!<\/p>\n<\/div>\n<div>Product Name: BMW 3.0 CSL IMSA 1975 1:8<\/p>\n<\/div>\n<div>Category: Technician<\/p>\n<\/div>\n<div>This Kit Contains: GOBRICKS MOC 189726<\/p>\n<\/div>\n<div>4754 pcs Good Quality Bricks<\/p>\n<\/div>\n<div>Size: 17.4x57x26.4cm<\/p>\n<\/div>\n<div>K\u00e9zi utas\u00edt\u00e1sok&nbsp;<\/p>\n<\/div>\n<div>\ud83d\udcccA f\u0151szerepl\u0151 term\u00e9szete<br \/><strong>Jellemz\u0151k:<\/strong> The model is a highly accurate replica of the real car, with a focus on capturing its aggressive, authentic look. While it is primarily a display model, it includes functional elements such as:<\/div>\n<ul>\n<li>Detailed engine bay.<\/li>\n<li>Steering that is connected to the steering wheel.<\/li>\n<li>Opening doors and hood.<\/li>\n<li>Detailed interior.<\/li>\n<li>Functional suspension.<\/li>\n<\/ul>\n<div><strong>Instructions:<\/strong> The instructions for this MOC are typically provided as a digital PDF file, which can often be found on platforms like Rebrickable.<\/div>\n<div><\/div>","protected":false},"excerpt":{"rendered":"<p>Brand: Gobricks<br \/>\nNem: Uniszex<br \/>\nKoroszt\u00e1ly: &gt; 12 \u00e9ves<br \/>\nModel Number: 189726<br \/>\nBesorol\u00e1s: \u00d6sszeszerel\u00e9s<br \/>\nM\u0171anyag blokk forma: \u00f6nz\u00e1r\u00f3 t\u00e9gla<br \/>\nAnyaga: M\u0171anyag<br \/>\nM\u0171anyag t\u00edpus: ABS<br \/>\nBricks Blocks: 4754 +<br \/>\nNincs doboz<\/p>","protected":false},"featured_media":63853,"comment_status":"open","ping_status":"closed","template":"","meta":{"_acf_changed":false},"product_cat":[1357,364],"product_tag":[5583,389,13782,11080],"class_list":["product","first","instock","shipping-taxable","purchasable","product-type-simple"],"acf":[],"_links":{"self":[{"href":"https:\/\/mouldking.store\/hu\/wp-json\/wp\/v2\/product\/63854","targetHints":{"allow":["GET"]}}],"collection":[{"href":"https:\/\/mouldking.store\/hu\/wp-json\/wp\/v2\/product"}],"about":[{"href":"https:\/\/mouldking.store\/hu\/wp-json\/wp\/v2\/types\/product"}],"replies":[{"embeddable":true,"href":"https:\/\/mouldking.store\/hu\/wp-json\/wp\/v2\/comments?post=63854"}],"wp:featuredmedia":[{"embeddable":true,"href":"https:\/\/mouldking.store\/hu\/wp-json\/wp\/v2\/media\/63853"}],"wp:attachment":[{"href":"https:\/\/mouldking.store\/hu\/wp-json\/wp\/v2\/media?parent=63854"}],"wp:term":[{"taxonomy":"product_cat","embeddable":true,"href":"https:\/\/mouldking.store\/hu\/wp-json\/wp\/v2\/product_cat?post=63854"},{"taxonomy":"product_tag","embeddable":true,"href":"https:\/\/mouldking.store\/hu\/wp-json\/wp\/v2\/product_tag?post=63854"}],"curies":[{"name":"wp","href":"https:\/\/api.w.org\/{rel}","templated":true}]}}