{"id":63875,"date":"2025-09-10T16:39:16","date_gmt":"2025-09-10T09:39:16","guid":{"rendered":"https:\/\/mouldking.store\/shop\/moc-factory-214433-1-8-scale-vcarb02-racing-car-building-blocks-set-with-3429-pieces\/"},"modified":"2025-12-16T20:58:44","modified_gmt":"2025-12-16T13:58:44","slug":"moc-factory-214433-1-8-scale-vcarb02-racing-car-building-blocks-set-with-3429-pieces","status":"publish","type":"product","link":"https:\/\/mouldking.store\/hu\/shop\/moc-factory-214433-1-8-scale-vcarb02-racing-car-building-blocks-set-with-3429-pieces\/","title":{"rendered":"MOC Factory 214433 1\/8 Scale VCARB02 Racing Car Building Blocks Set with 3429 Pieces"},"content":{"rendered":"<div>\u2705 MOC-214433 1\/8 Scale VCARB02 Racing Car Building Blocks Set<\/p>\n<\/div>\n<div>\u2705 The MOC-214433 1\/8 Scale VCARB02 Racing Car Building Blocks Set is a detailed, fan-designed model based on a real-world Formula 1 car. As a &#8220;My Own Creation&#8221; (MOC), it is not an official LEGO product but is compatible with their bricks.<\/p>\n<\/div>\n<div>\ud83d\udeab FONTOS!<\/p>\n<\/div>\n<div>Product Name: 1\/8 Scale VCARB02 Racing Car Building Blocks Set<\/p>\n<\/div>\n<div>Category: Technician<\/p>\n<\/div>\n<div>This Kit Contains: MOC-214433<\/p>\n<\/div>\n<div>3429 pcs Good Quality Bricks<\/p>\n<\/div>\n<div>Size: 69 x 25 x 13cm<\/p>\n<\/div>\n<div>Weight: 3000g<\/p>\n<\/div>\n<div>PDF \u00datmutat\u00f3<\/p>\n<\/div>\n<div>\ud83d\udcccA f\u0151szerepl\u0151 term\u00e9szete<br \/><strong>Design and Creator:<\/strong> The set is a 1:8 scale model of the Visa Cash App RB Formula One Team&#8217;s VCARB02, a real F1 car from the 2025 racing season. It was designed by a builder known as &#8220;Lukas2020.&#8221;<\/div>\n<div><strong>Piece Count and Instructions:<\/strong> The set includes a substantial number of pieces, with some retailers listing the count at 3429. The instructions are typically provided digitally, often through a QR code that gives access to a step-by-step PDF manual.<\/div>\n<div><\/div>\n<div><\/div>","protected":false},"excerpt":{"rendered":"<p>M\u00e1rka: MOC Factory<br \/>\nNem: Uniszex<br \/>\nKorhat\u00e1r: &gt; 16 \u00e9v<br \/>\nModel Number: 214433<br \/>\nBesorol\u00e1s: \u00d6sszeszerel\u00e9s<br \/>\nM\u0171anyag blokk forma: \u00f6nz\u00e1r\u00f3 t\u00e9gla<br \/>\nAnyaga: M\u0171anyag<br \/>\nM\u0171anyag t\u00edpus: ABS<br \/>\nBricks Blocks: 3429 +<br \/>\nNincs doboz<\/p>","protected":false},"featured_media":63874,"comment_status":"open","ping_status":"closed","template":"","meta":{"_acf_changed":false},"product_cat":[1357,364],"product_tag":[710,389,13782,11080],"class_list":["product","first","instock","shipping-taxable","purchasable","product-type-simple"],"acf":[],"_links":{"self":[{"href":"https:\/\/mouldking.store\/hu\/wp-json\/wp\/v2\/product\/63875","targetHints":{"allow":["GET"]}}],"collection":[{"href":"https:\/\/mouldking.store\/hu\/wp-json\/wp\/v2\/product"}],"about":[{"href":"https:\/\/mouldking.store\/hu\/wp-json\/wp\/v2\/types\/product"}],"replies":[{"embeddable":true,"href":"https:\/\/mouldking.store\/hu\/wp-json\/wp\/v2\/comments?post=63875"}],"wp:featuredmedia":[{"embeddable":true,"href":"https:\/\/mouldking.store\/hu\/wp-json\/wp\/v2\/media\/63874"}],"wp:attachment":[{"href":"https:\/\/mouldking.store\/hu\/wp-json\/wp\/v2\/media?parent=63875"}],"wp:term":[{"taxonomy":"product_cat","embeddable":true,"href":"https:\/\/mouldking.store\/hu\/wp-json\/wp\/v2\/product_cat?post=63875"},{"taxonomy":"product_tag","embeddable":true,"href":"https:\/\/mouldking.store\/hu\/wp-json\/wp\/v2\/product_tag?post=63875"}],"curies":[{"name":"wp","href":"https:\/\/api.w.org\/{rel}","templated":true}]}}