{"id":63919,"date":"2025-09-17T15:50:26","date_gmt":"2025-09-17T08:50:26","guid":{"rendered":"https:\/\/mouldking.store\/shop\/moc-factory-155310-racing-car-assembly-toys-building-blocks-set-with-295-pieces\/"},"modified":"2025-12-16T20:58:44","modified_gmt":"2025-12-16T13:58:44","slug":"moc-factory-155310-racing-car-assembly-toys-building-blocks-set-with-295-pieces","status":"publish","type":"product","link":"https:\/\/mouldking.store\/hu\/shop\/moc-factory-155310-racing-car-assembly-toys-building-blocks-set-with-295-pieces\/","title":{"rendered":"MOC Factory 155310 Racing Car Assembly Toys Building Blocks Set with 295 Pieces"},"content":{"rendered":"<div>\u2705 MOC-155310 Racing Car Assembly Toys Building Blocks Set<\/p>\n<\/div>\n<div>\u2705The MOC-155310 Racing Car Assembly Toys Building Blocks Set is a static model designed by cgforcedesigns<\/p>\n<\/div>\n<div>\ud83d\udeab FONTOS!<\/p>\n<\/div>\n<div>Product Name: Racing Car Assembly Toys Building Blocks Set&nbsp;<\/p>\n<\/div>\n<div>Category: Technician<\/p>\n<\/div>\n<div>This Kit Contains: MOC-155310<\/p>\n<\/div>\n<div>295 pcs Good Quality Bricks<\/p>\n<\/div>\n<div>Size: 27 x 17 x 7cm<\/p>\n<\/div>\n<div>Weight: 270g<\/p>\n<\/div>\n<div>PDF \u00datmutat\u00f3<\/p>\n<\/div>\n<div>\ud83d\udcccA f\u0151szerepl\u0151 term\u00e9szete<br \/>.Designed and licensed by <a href=\"https:\/\/www.letbricks.com\/product-tag\/cgforcedesigns\/\" target=\"_blank\" rel=\"noopener\">BrickCG<\/a>. This static version of the racing car, sans stickers (available for separate purchase), boasts a well-designed and sturdy structure. With a focus on both aesthetics and assembly enjoyment, this set includes practical details, delivering an outstanding visual and interactive experience. Ideal for display and collection, it offers exceptional value for money.<br \/>.Compact and adorable design, with a robust structure resembling a car more than traditional building blocks due to the full-brick design.<br \/>.Consists of 295 high-quality parts, each smooth, vibrant, and free from burrs or sawtooth edges. The assembly process is safe and secure.<br \/>.Provided through a QR code for an electronic manual, making it clear and accessible even for beginners. Enhances hands-on, thinking, and creative skills while exploring intricate model construction details.<\/div>\n<div><\/div>","protected":false},"excerpt":{"rendered":"<p>M\u00e1rka: MOC Factory<br \/>\nNem: Uniszex<br \/>\nKoroszt\u00e1ly: &gt; 6 \u00e9v<br \/>\nModel Number: 155310<br \/>\nBesorol\u00e1s: \u00d6sszeszerel\u00e9s<br \/>\nM\u0171anyag blokk forma: \u00f6nz\u00e1r\u00f3 t\u00e9gla<br \/>\nAnyaga: M\u0171anyag<br \/>\nM\u0171anyag t\u00edpus: ABS<br \/>\nBricks Blocks: 295 +<br \/>\nNincs doboz<\/p>","protected":false},"featured_media":63918,"comment_status":"open","ping_status":"closed","template":"","meta":{"_acf_changed":false},"product_cat":[1357,364],"product_tag":[480,389,12978,13782,11080,11122],"class_list":["product","first","instock","shipping-taxable","purchasable","product-type-simple"],"acf":[],"_links":{"self":[{"href":"https:\/\/mouldking.store\/hu\/wp-json\/wp\/v2\/product\/63919","targetHints":{"allow":["GET"]}}],"collection":[{"href":"https:\/\/mouldking.store\/hu\/wp-json\/wp\/v2\/product"}],"about":[{"href":"https:\/\/mouldking.store\/hu\/wp-json\/wp\/v2\/types\/product"}],"replies":[{"embeddable":true,"href":"https:\/\/mouldking.store\/hu\/wp-json\/wp\/v2\/comments?post=63919"}],"wp:featuredmedia":[{"embeddable":true,"href":"https:\/\/mouldking.store\/hu\/wp-json\/wp\/v2\/media\/63918"}],"wp:attachment":[{"href":"https:\/\/mouldking.store\/hu\/wp-json\/wp\/v2\/media?parent=63919"}],"wp:term":[{"taxonomy":"product_cat","embeddable":true,"href":"https:\/\/mouldking.store\/hu\/wp-json\/wp\/v2\/product_cat?post=63919"},{"taxonomy":"product_tag","embeddable":true,"href":"https:\/\/mouldking.store\/hu\/wp-json\/wp\/v2\/product_tag?post=63919"}],"curies":[{"name":"wp","href":"https:\/\/api.w.org\/{rel}","templated":true}]}}