{"id":63934,"date":"2025-09-17T16:36:37","date_gmt":"2025-09-17T09:36:37","guid":{"rendered":"https:\/\/mouldking.store\/shop\/moc-factory-114989-sports-car-model-with-277-pieces\/"},"modified":"2025-12-16T20:58:43","modified_gmt":"2025-12-16T13:58:43","slug":"moc-factory-114989-sports-car-model-with-277-pieces","status":"publish","type":"product","link":"https:\/\/mouldking.store\/hu\/shop\/moc-factory-114989-sports-car-model-with-277-pieces\/","title":{"rendered":"MOC Factory 114989 Sports Car Model with 277 Pieces"},"content":{"rendered":"<div>\u2705 MOC-114989 Sports Car Model<\/p>\n<\/div>\n<div>\u2705The MOC-114989 Sports Car Model is a building block set designed by <strong>ByBabo<\/strong><\/p>\n<\/div>\n<div>\ud83d\udeab FONTOS!<\/p>\n<\/div>\n<div>Product Name: Sports Car Model<\/p>\n<\/div>\n<div>Category: Technician<\/p>\n<\/div>\n<div>This Kit Contains: MOC-114989&nbsp;<\/p>\n<\/div>\n<div>277 pcs Good Quality Bricks<\/p>\n<\/div>\n<div>Size: 27 \u00d7 17 \u00d7 7cm<\/p>\n<\/div>\n<div>Weight: 270g<\/p>\n<\/div>\n<div>PDF \u00datmutat\u00f3<\/p>\n<\/div>\n<div>\ud83d\udcccA f\u0151szerepl\u0151 term\u00e9szete<br \/>.Product Introduction: White sports car model boasts an elegant and design graceful body lines,with a black and white color scheme that makes it a representative of style. The red-accented taillights and the interior design, all showcase the aesthetics of modern automotive craftsmanship. Despite not having an aggressive car exterior or the raw power of a muscle car, you can still sense the hidden speed and excitement within this vehicle.<\/p>\n<\/div>\n<div>.Parts: Made of eco-friendly ABS, the 277 premium parts in high precision casting tightly fit with each other. This bright &amp; firm set offers builders flawless hand feels with no burrs for a safe and easy assembly.<\/p>\n<\/div>\n<div><\/div>","protected":false},"excerpt":{"rendered":"<p>M\u00e1rka: MOC Factory<br \/>\nNem: Uniszex<br \/>\nKorhat\u00e1r: &gt; 16 \u00e9v<br \/>\nModel Number: 114989<br \/>\nBesorol\u00e1s: \u00d6sszeszerel\u00e9s<br \/>\nM\u0171anyag blokk forma: \u00f6nz\u00e1r\u00f3 t\u00e9gla<br \/>\nAnyaga: M\u0171anyag<br \/>\nM\u0171anyag t\u00edpus: ABS<br \/>\nBricks Blocks: 277 +<br \/>\nNincs doboz<\/p>","protected":false},"featured_media":63933,"comment_status":"open","ping_status":"closed","template":"","meta":{"_acf_changed":false},"product_cat":[1357,364],"product_tag":[13791,389,12978,13782,11080],"class_list":["product","first","instock","shipping-taxable","purchasable","product-type-simple"],"acf":[],"_links":{"self":[{"href":"https:\/\/mouldking.store\/hu\/wp-json\/wp\/v2\/product\/63934","targetHints":{"allow":["GET"]}}],"collection":[{"href":"https:\/\/mouldking.store\/hu\/wp-json\/wp\/v2\/product"}],"about":[{"href":"https:\/\/mouldking.store\/hu\/wp-json\/wp\/v2\/types\/product"}],"replies":[{"embeddable":true,"href":"https:\/\/mouldking.store\/hu\/wp-json\/wp\/v2\/comments?post=63934"}],"wp:featuredmedia":[{"embeddable":true,"href":"https:\/\/mouldking.store\/hu\/wp-json\/wp\/v2\/media\/63933"}],"wp:attachment":[{"href":"https:\/\/mouldking.store\/hu\/wp-json\/wp\/v2\/media?parent=63934"}],"wp:term":[{"taxonomy":"product_cat","embeddable":true,"href":"https:\/\/mouldking.store\/hu\/wp-json\/wp\/v2\/product_cat?post=63934"},{"taxonomy":"product_tag","embeddable":true,"href":"https:\/\/mouldking.store\/hu\/wp-json\/wp\/v2\/product_tag?post=63934"}],"curies":[{"name":"wp","href":"https:\/\/api.w.org\/{rel}","templated":true}]}}