{"id":63955,"date":"2025-09-24T14:34:56","date_gmt":"2025-09-24T07:34:56","guid":{"rendered":"https:\/\/mouldking.store\/shop\/moc-factory-141349-high-speed-racing-car-with-320-pieces\/"},"modified":"2025-12-16T20:58:43","modified_gmt":"2025-12-16T13:58:43","slug":"moc-factory-141349-high-speed-racing-car-with-320-pieces","status":"publish","type":"product","link":"https:\/\/mouldking.store\/hu\/shop\/moc-factory-141349-high-speed-racing-car-with-320-pieces\/","title":{"rendered":"MOC Factory 141349 High-Speed Racing Car with 320 Pieces"},"content":{"rendered":"<div>\u2705 MOC-141349 High-Speed Racing Car<\/p>\n<\/div>\n<div>\u2705The &#8220;MOC-141349 High-Speed Racing Car&#8221; is a brick-based model of a Formula 1 car, specifically the <strong>Red Bull Racing RB19<\/strong> from the 2023 season. &#8220;MOC&#8221; stands for &#8220;My Own Creation,&#8221; meaning it is a custom design by an independent builder, not an official set from a major brand like LEGO.<\/p>\n<\/div>\n<div>\ud83d\udeab FONTOS!<\/p>\n<\/div>\n<div>Product Name: High-Speed Racing Car<\/p>\n<\/div>\n<div>Category: Technician<\/p>\n<\/div>\n<div>This Kit Contains: MOC-141349<\/p>\n<\/div>\n<div>320pcs Good Quality Bricks<\/p>\n<\/div>\n<div>Size: 27 x 17 x 7cm.<\/p>\n<\/div>\n<div>Weight: 280g<\/p>\n<\/div>\n<div>PDF \u00datmutat\u00f3<\/p>\n<\/div>\n<div>\ud83d\udcccA f\u0151szerepl\u0151 term\u00e9szete<br \/>.This static version of a Formula racing car, designed and authorized by <a href=\"https:\/\/www.letbricks.com\/?s=cgforcedesigns\" target=\"_blank\" rel=\"noopener\"><strong>cgforcedesigns<\/strong><\/a>, does not include stickers. Stickers are available for purchase separately. The car boasts excellent design, sturdy construction, and aesthetic appeal, with a focus on enjoyable assembly. Numerous practical details make it visually appealing and highly playable. The finished model serves as an excellent display and collectible item, offering great value for money.<\/p>\n<\/div>\n<div>.Compact but cute, featuring a sturdy structure, this car model utilizs a full-brick design gives it a closer resemblance to a model rather than building blocks.<\/p>\n<\/div>\n<div>.Comprising 302 high-quality parts without rough edges or blemishes, ensuring smooth surfaces and vibrant colors, guaranteeing a safe assembly process.<\/p>\n<\/div>\n<div><\/div>","protected":false},"excerpt":{"rendered":"<p>M\u00e1rka: MOC Factory<br \/>\nNem: Uniszex<br \/>\nKorhat\u00e1r: &gt; 16 \u00e9v<br \/>\nModel Number: 141349<br \/>\nBesorol\u00e1s: \u00d6sszeszerel\u00e9s<br \/>\nM\u0171anyag blokk forma: \u00f6nz\u00e1r\u00f3 t\u00e9gla<br \/>\nAnyaga: M\u0171anyag<br \/>\nM\u0171anyag t\u00edpus: ABS<br \/>\nBricks Blocks: 320 +<br \/>\nNincs doboz<\/p>","protected":false},"featured_media":63954,"comment_status":"open","ping_status":"closed","template":"","meta":{"_acf_changed":false},"product_cat":[1357,364],"product_tag":[13792,9303,389,13782,11080],"class_list":["product","first","instock","shipping-taxable","purchasable","product-type-simple"],"acf":[],"_links":{"self":[{"href":"https:\/\/mouldking.store\/hu\/wp-json\/wp\/v2\/product\/63955","targetHints":{"allow":["GET"]}}],"collection":[{"href":"https:\/\/mouldking.store\/hu\/wp-json\/wp\/v2\/product"}],"about":[{"href":"https:\/\/mouldking.store\/hu\/wp-json\/wp\/v2\/types\/product"}],"replies":[{"embeddable":true,"href":"https:\/\/mouldking.store\/hu\/wp-json\/wp\/v2\/comments?post=63955"}],"wp:featuredmedia":[{"embeddable":true,"href":"https:\/\/mouldking.store\/hu\/wp-json\/wp\/v2\/media\/63954"}],"wp:attachment":[{"href":"https:\/\/mouldking.store\/hu\/wp-json\/wp\/v2\/media?parent=63955"}],"wp:term":[{"taxonomy":"product_cat","embeddable":true,"href":"https:\/\/mouldking.store\/hu\/wp-json\/wp\/v2\/product_cat?post=63955"},{"taxonomy":"product_tag","embeddable":true,"href":"https:\/\/mouldking.store\/hu\/wp-json\/wp\/v2\/product_tag?post=63955"}],"curies":[{"name":"wp","href":"https:\/\/api.w.org\/{rel}","templated":true}]}}