{"id":63967,"date":"2025-09-26T16:56:37","date_gmt":"2025-09-26T09:56:37","guid":{"rendered":"https:\/\/mouldking.store\/shop\/moc-factory-porsche-911-gt3-rs-porsche-911-gt3-rs-with-1123-pieces\/"},"modified":"2025-12-16T20:58:43","modified_gmt":"2025-12-16T13:58:43","slug":"moc-factory-porsche-911-gt3-rs-porsche-911-gt3-rs-with-1123-pieces","status":"publish","type":"product","link":"https:\/\/mouldking.store\/hu\/shop\/moc-factory-porsche-911-gt3-rs-porsche-911-gt3-rs-with-1123-pieces\/","title":{"rendered":"MOC Factory Porsche 911 GT3 RS Porsche 911 GT3 RS 1123 darabbal"},"content":{"rendered":"<div>\u2705 MOC-12532 Porsche 911 GT3 RS<\/p>\n<\/div>\n<div>\u2705 The designation &#8220;MOC-12532 Porsche 911 GT3 RS&#8221; refers to a <strong>Medium Scale, Remote Control (RC) building block model<\/strong> of the Porsche 911 GT3 RS.<\/div>\n<div><\/div>\n<div>\ud83d\udeab FONTOS!<\/p>\n<\/div>\n<div>Product Name: Porsche 911 GT3 RS<\/p>\n<\/div>\n<div>Category:Technician<\/p>\n<\/div>\n<div>This Kit Contains: MOC-12532<\/p>\n<\/div>\n<div>1123 pcs Good Quality Bricks<\/div>\n<div><\/div>\n<div>Weight: 3.31lbs<\/p>\n<\/div>\n<div>PDF \u00datmutat\u00f3<\/p>\n<\/div>\n<div>\ud83d\udcccA f\u0151szerepl\u0151 term\u00e9szete<br \/><strong>Type:<\/strong> It&#8217;s a <strong>MOC<\/strong> (My Own Creation) building block set, often compatible with popular building block brands like LEGO Technic (specifically mentioned as compatible with set <strong>42056<\/strong>).<\/div>\n<div><strong>Designer:<\/strong> It was designed and authorized by <strong>Paave<\/strong>.<\/div>\n<div><strong>Part Count:<\/strong> It typically consists of around <strong>1123 parts<\/strong>.<\/div>\n<div><\/div>","protected":false},"excerpt":{"rendered":"<p>M\u00e1rka: MOC Factory<br \/>\nNem: Uniszex<br \/>\nKorhat\u00e1r: &gt; 16 \u00e9v<br \/>\nModel Number: Porsche 911 GT3 RS<br \/>\nBesorol\u00e1s: \u00d6sszeszerel\u00e9s<br \/>\nM\u0171anyag blokk forma: \u00f6nz\u00e1r\u00f3 t\u00e9gla<br \/>\nAnyaga: M\u0171anyag<br \/>\nM\u0171anyag t\u00edpus: ABS<br \/>\nBricks Blocks: 1123 +<br \/>\nNincs doboz<\/p>","protected":false},"featured_media":63966,"comment_status":"open","ping_status":"closed","template":"","meta":{"_acf_changed":false},"product_cat":[1357,364],"product_tag":[12429,389,13782,11080],"class_list":["product","first","instock","shipping-taxable","purchasable","product-type-simple"],"acf":[],"_links":{"self":[{"href":"https:\/\/mouldking.store\/hu\/wp-json\/wp\/v2\/product\/63967","targetHints":{"allow":["GET"]}}],"collection":[{"href":"https:\/\/mouldking.store\/hu\/wp-json\/wp\/v2\/product"}],"about":[{"href":"https:\/\/mouldking.store\/hu\/wp-json\/wp\/v2\/types\/product"}],"replies":[{"embeddable":true,"href":"https:\/\/mouldking.store\/hu\/wp-json\/wp\/v2\/comments?post=63967"}],"wp:featuredmedia":[{"embeddable":true,"href":"https:\/\/mouldking.store\/hu\/wp-json\/wp\/v2\/media\/63966"}],"wp:attachment":[{"href":"https:\/\/mouldking.store\/hu\/wp-json\/wp\/v2\/media?parent=63967"}],"wp:term":[{"taxonomy":"product_cat","embeddable":true,"href":"https:\/\/mouldking.store\/hu\/wp-json\/wp\/v2\/product_cat?post=63967"},{"taxonomy":"product_tag","embeddable":true,"href":"https:\/\/mouldking.store\/hu\/wp-json\/wp\/v2\/product_tag?post=63967"}],"curies":[{"name":"wp","href":"https:\/\/api.w.org\/{rel}","templated":true}]}}