{"id":64002,"date":"2025-10-02T10:29:20","date_gmt":"2025-10-02T03:29:20","guid":{"rendered":"https:\/\/mouldking.store\/shop\/mocbrickland-224292-1-8-scale-apx-gp-f1-team-racing-car-from-f1-the-movie-building-with-3449-pieces\/"},"modified":"2025-12-16T20:58:43","modified_gmt":"2025-12-16T13:58:43","slug":"mocbrickland-224292-1-8-scale-apx-gp-f1-team-racing-car-from-f1-the-movie-building-with-3449-pieces","status":"publish","type":"product","link":"https:\/\/mouldking.store\/hu\/shop\/mocbrickland-224292-1-8-scale-apx-gp-f1-team-racing-car-from-f1-the-movie-building-with-3449-pieces\/","title":{"rendered":"MOCBRICKLAND 224292 1\/8 Scale APX GP F1 Team Racing Car From F1 The Movie Building with 3449 Pieces"},"content":{"rendered":"<div>\u2705 MOC-224292 1\/8 Scale APX GP F1 Team Racing Car From F1 The Movie Building<\/p>\n<\/div>\n<div>\u2705This product is authored by Lukas2020. This model is based on the W16 car from a racing movie.<\/p>\n<\/div>\n<div>\ud83d\udeab FONTOS!<\/p>\n<\/div>\n<div>Product Name: 1\/8 Scale APX GP F1 Team Racing Car From F1 The Movie Building<\/p>\n<\/div>\n<div>Category: technician.<\/p>\n<\/div>\n<div>This Kit Contains: MOC-224292<\/p>\n<\/div>\n<div>3449 pcs Good Quality Bricks<\/p>\n<\/div>\n<div>Size: 69x 25x13cm.<\/p>\n<\/div>\n<div>Weight: 3000g<\/p>\n<\/div>\n<div>PDF Instructions\/Manual Instructions (S\u1ea3n ph\u1ea9m brand l\u00e0 Manual, Moc l\u00e0 PDF)<\/p>\n<\/div>\n<div>\ud83d\udcccA f\u0151szerepl\u0151 term\u00e9szete<br \/>.Parts Description: This set includes 3449 pieces. The smooth, burr-free finish, vibrant colors, and scratch-free surface ensure a safe and enjoyable building experience.<br \/>.Detailed Instruction: Scan the QR code to access the instructions for step-by-step assembly.<br \/>.Value and Significance: Once assembled, this building block set serves as a stunning display model and an eye-catching background decoration. Enhances hands-on skills and creativity.<br \/>.Notes: Contains small parts. Use and store with caution. If you encounter any issues during the assembly process, please feel free to contact us.<\/div>\n<div><\/div>","protected":false},"excerpt":{"rendered":"<p>Brand: MOCBRICKLAND<br \/>\nNem: Uniszex<br \/>\nKorhat\u00e1r: &gt; 16 \u00e9v<br \/>\nModel Number: 224292<br \/>\nBesorol\u00e1s: \u00d6sszeszerel\u00e9s<br \/>\nM\u0171anyag blokk forma: \u00f6nz\u00e1r\u00f3 t\u00e9gla<br \/>\nAnyaga: M\u0171anyag<br \/>\nM\u0171anyag t\u00edpus: ABS<br \/>\nBricks Blocks: 3449 +<br \/>\nNincs doboz<\/p>","protected":false},"featured_media":64001,"comment_status":"open","ping_status":"closed","template":"","meta":{"_acf_changed":false},"product_cat":[1357,364],"product_tag":[13849,480,389,12978,13782,11080],"class_list":["product","first","instock","shipping-taxable","purchasable","product-type-simple"],"acf":[],"_links":{"self":[{"href":"https:\/\/mouldking.store\/hu\/wp-json\/wp\/v2\/product\/64002","targetHints":{"allow":["GET"]}}],"collection":[{"href":"https:\/\/mouldking.store\/hu\/wp-json\/wp\/v2\/product"}],"about":[{"href":"https:\/\/mouldking.store\/hu\/wp-json\/wp\/v2\/types\/product"}],"replies":[{"embeddable":true,"href":"https:\/\/mouldking.store\/hu\/wp-json\/wp\/v2\/comments?post=64002"}],"wp:featuredmedia":[{"embeddable":true,"href":"https:\/\/mouldking.store\/hu\/wp-json\/wp\/v2\/media\/64001"}],"wp:attachment":[{"href":"https:\/\/mouldking.store\/hu\/wp-json\/wp\/v2\/media?parent=64002"}],"wp:term":[{"taxonomy":"product_cat","embeddable":true,"href":"https:\/\/mouldking.store\/hu\/wp-json\/wp\/v2\/product_cat?post=64002"},{"taxonomy":"product_tag","embeddable":true,"href":"https:\/\/mouldking.store\/hu\/wp-json\/wp\/v2\/product_tag?post=64002"}],"curies":[{"name":"wp","href":"https:\/\/api.w.org\/{rel}","templated":true}]}}