{"id":64111,"date":"2025-12-09T14:21:35","date_gmt":"2025-12-09T07:21:35","guid":{"rendered":"https:\/\/mouldking.store\/shop\/joytoy-jt02854-warhammer-40k-space-marine-2-1-18-ultramarines-heavy-armor-with-0-pieces\/"},"modified":"2025-12-09T14:21:41","modified_gmt":"2025-12-09T07:21:41","slug":"joytoy-jt02854-warhammer-40k-space-marine-2-1-18-ultramarines-heavy-armor-with-0-pieces","status":"publish","type":"product","link":"https:\/\/mouldking.store\/hu\/shop\/joytoy-jt02854-warhammer-40k-space-marine-2-1-18-ultramarines-heavy-armor-with-0-pieces\/","title":{"rendered":"Joytoy JT02854 Warhammer 40k Space Marine 2 1: 18 Ultramarines Heavy Armor with 0 Pieces"},"content":{"rendered":"<div>\u2705JT02854 JOYTOY Warhammer 40k Space Marine 2 1: 18 Ultramarines Heavy Armor&nbsp;<\/div>\n<div><\/div>\n<div>\u2705The JOYTOY Warhammer 40k Space Marine 2 1:18 Ultramarines Heavy Armor is part of the line of highly detailed, articulated figures based on the Warhammer 40,000: Space Marine 2 video game.<\/div>\n<div><\/div>\n<div>The &#8220;Heavy Armor&#8221; mention actually refers to several specific figures within the Space Marine 2 Ultramarines Relic Armour set.<\/div>\n<div><\/div>\n<div>\ud83d\udeab FONTOS!<\/div>\n<div>Product Name: JOYTOY Warhammer 40k Space Marine 2 1: 18 Ultramarines Heavy Armor &nbsp;<\/div>\n<div><\/div>\n<div>Category: Movie and Game<\/div>\n<div><\/div>\n<div>This Kit Contains: JOYTOY JT02854<\/div>\n<div><\/div>\n<div>Size: 14cm<\/div>\n<div><\/div>\n<div>K\u00e9zi utas\u00edt\u00e1sok<\/div>\n<div><\/div>\n<div>\ud83d\udcccA f\u0151szerepl\u0151 term\u00e9szete<\/div>\n<div>Scale and Size: All are in the 1:18 scale and stand around 13-14 cm (approximately 5 inches) tall.<\/div>\n<div><\/div>\n<div>Estimated Release: The general release date for this line is often listed as Late December 2025 or April 2026, depending on the specific retailer and potential pre-order shifts.<\/div>\n<div><\/div>","protected":false},"excerpt":{"rendered":"<p>M\u00e1rka: Joytoy<br \/>\nNem: Uniszex<br \/>\nKorhat\u00e1r: &gt; 16 \u00e9v<br \/>\nModel Number: JT02854<br \/>\nBesorol\u00e1s: \u00d6sszeszerel\u00e9s<br \/>\nM\u0171anyag blokk forma: \u00f6nz\u00e1r\u00f3 t\u00e9gla<br \/>\nAnyaga: M\u0171anyag<br \/>\nM\u0171anyag t\u00edpus: ABS<br \/>\nBricks Blocks: 0 +<br \/>\nNincs doboz<\/p>","protected":false},"featured_media":64110,"comment_status":"open","ping_status":"closed","template":"","meta":{"_acf_changed":false},"product_cat":[11927,6016],"product_tag":[11490,11301,13860,2276,11933,11824],"class_list":["product","first","instock","shipping-taxable","purchasable","product-type-simple"],"acf":[],"_links":{"self":[{"href":"https:\/\/mouldking.store\/hu\/wp-json\/wp\/v2\/product\/64111","targetHints":{"allow":["GET"]}}],"collection":[{"href":"https:\/\/mouldking.store\/hu\/wp-json\/wp\/v2\/product"}],"about":[{"href":"https:\/\/mouldking.store\/hu\/wp-json\/wp\/v2\/types\/product"}],"replies":[{"embeddable":true,"href":"https:\/\/mouldking.store\/hu\/wp-json\/wp\/v2\/comments?post=64111"}],"wp:featuredmedia":[{"embeddable":true,"href":"https:\/\/mouldking.store\/hu\/wp-json\/wp\/v2\/media\/64110"}],"wp:attachment":[{"href":"https:\/\/mouldking.store\/hu\/wp-json\/wp\/v2\/media?parent=64111"}],"wp:term":[{"taxonomy":"product_cat","embeddable":true,"href":"https:\/\/mouldking.store\/hu\/wp-json\/wp\/v2\/product_cat?post=64111"},{"taxonomy":"product_tag","embeddable":true,"href":"https:\/\/mouldking.store\/hu\/wp-json\/wp\/v2\/product_tag?post=64111"}],"curies":[{"name":"wp","href":"https:\/\/api.w.org\/{rel}","templated":true}]}}