{"id":64161,"date":"2025-12-30T15:35:38","date_gmt":"2025-12-30T08:35:38","guid":{"rendered":"https:\/\/mouldking.store\/shop\/12go-97025-panzer-viii-maus-with-2688-pieces\/"},"modified":"2025-12-30T15:35:45","modified_gmt":"2025-12-30T08:35:45","slug":"12go-97025-panzer-viii-maus-with-2688-pieces","status":"publish","type":"product","link":"https:\/\/mouldking.store\/hu\/shop\/12go-97025-panzer-viii-maus-with-2688-pieces\/","title":{"rendered":"12GO 97025 PANZER VIII MAUS with 2688 Pieces"},"content":{"rendered":"<div>\u270512GO 97025 PANZER VIII MAUS<\/div>\n<div><\/div>\n<div>\u2705Replicates the heaviest tank ever built\u2014the German Panzer VIII Maus. Given the high piece count, the finished model is massive and heavy.<\/div>\n<div><\/div>\n<div>\ud83d\udeab FONTOS!<\/div>\n<div>Product Name: PANZER VIII MAUS<\/div>\n<div><\/div>\n<div>Category: Technician<\/div>\n<div><\/div>\n<div>This Kit Contains: 12GO 97025<\/div>\n<div><\/div>\n<div>2688 pcs Good Quality Bricks<\/div>\n<div><\/div>\n<div>Size: 13.6&#215;37.7&#215;13.3cm<\/div>\n<div><\/div>\n<div>K\u00e9zi utas\u00edt\u00e1sok<\/div>\n<div><\/div>\n<div>\ud83d\udcccA f\u0151szerepl\u0151 term\u00e9szete<\/div>\n<div>Full Interior Detail: A standout feature of the 12GO brand. The model allows you to remove the turret or open hatches to reveal the internal engine, driver\u2019s compartment, and ammunition storage.<\/div>\n<div><\/div>\n<div>Functional Mechanics: * Tracks: Individual link tracks that move smoothly.<\/div>\n<div><\/div>\n<div>Turret: Rotates 360 degrees.<\/div>\n<div><\/div>\n<div>Main Gun: Elevates and depresses manually.<\/div>\n<div><\/div>\n<div>Modular Construction: Designed in sections (chassis, interior, turret) to allow for easy viewing of the inner mechanical structures after completion.<\/div>\n<div><\/div>\n<div>Motorization Ready: Most versions of this set are designed to be &#8220;Remote Control Ready,&#8221; meaning you can easily integrate motors and a battery box (often sold separately or as a &#8220;Dynamic Version&#8221;) to make the tank drive and the turret rotate via remote.<\/div>","protected":false},"excerpt":{"rendered":"<p>Brand: 12GO<br \/>\nNem: Uniszex<br \/>\nKoroszt\u00e1ly: &gt; 6 \u00e9v<br \/>\nModel Number: 97025<br \/>\nBesorol\u00e1s: \u00d6sszeszerel\u00e9s<br \/>\nM\u0171anyag blokk forma: \u00f6nz\u00e1r\u00f3 t\u00e9gla<br \/>\nAnyaga: M\u0171anyag<br \/>\nM\u0171anyag t\u00edpus: ABS<br \/>\nBricks Blocks: 2688 +<br \/>\nNincs doboz<\/p>","protected":false},"featured_media":64160,"comment_status":"open","ping_status":"closed","template":"","meta":{"_acf_changed":false},"product_cat":[1357,364],"product_tag":[11421,389,13782,11080],"class_list":["product","first","instock","shipping-taxable","purchasable","product-type-simple"],"acf":[],"_links":{"self":[{"href":"https:\/\/mouldking.store\/hu\/wp-json\/wp\/v2\/product\/64161","targetHints":{"allow":["GET"]}}],"collection":[{"href":"https:\/\/mouldking.store\/hu\/wp-json\/wp\/v2\/product"}],"about":[{"href":"https:\/\/mouldking.store\/hu\/wp-json\/wp\/v2\/types\/product"}],"replies":[{"embeddable":true,"href":"https:\/\/mouldking.store\/hu\/wp-json\/wp\/v2\/comments?post=64161"}],"wp:featuredmedia":[{"embeddable":true,"href":"https:\/\/mouldking.store\/hu\/wp-json\/wp\/v2\/media\/64160"}],"wp:attachment":[{"href":"https:\/\/mouldking.store\/hu\/wp-json\/wp\/v2\/media?parent=64161"}],"wp:term":[{"taxonomy":"product_cat","embeddable":true,"href":"https:\/\/mouldking.store\/hu\/wp-json\/wp\/v2\/product_cat?post=64161"},{"taxonomy":"product_tag","embeddable":true,"href":"https:\/\/mouldking.store\/hu\/wp-json\/wp\/v2\/product_tag?post=64161"}],"curies":[{"name":"wp","href":"https:\/\/api.w.org\/{rel}","templated":true}]}}