{"id":8837,"date":"2021-01-28T09:43:43","date_gmt":"2021-01-28T09:43:43","guid":{"rendered":"https:\/\/mouldking.store\/shop\/mould-king-penumatic-parts\/"},"modified":"2022-04-21T11:07:45","modified_gmt":"2022-04-21T04:07:45","slug":"mould-king-penumatic-parts","status":"publish","type":"product","link":"https:\/\/mouldking.store\/hu\/shop\/mould-king-penumatic-parts\/","title":{"rendered":"MOLD KING \u00c9p\u00edt\u0151ipari k\u00e9szletek"},"content":{"rendered":"<ul data-v-b8dc535a=\"\" data-mce-fragment=\"1\">\n<li class=\"basicInformation\" data-v-b8dc535a=\"\" data-mce-fragment=\"1\"><span data-mce-fragment=\"1\">Product number: Penumatic Parts<\/span><\/li>\n<\/ul>\n<ul data-mce-fragment=\"1\">\n<li data-mce-fragment=\"1\"><span style=\"color: #ff2a00;\" data-mce-fragment=\"1\"><strong data-mce-fragment=\"1\">\u00c9rtes\u00edt\u00e9s:<\/strong><\/span><\/li>\n<\/ul>\n<ol data-mce-fragment=\"1\">\n<li data-mce-fragment=\"1\"><span style=\"color: #ff2a00;\" data-mce-fragment=\"1\"><strong data-mce-fragment=\"1\">Mould King Penumatic Parts won&#8217;t be shipped seperately, they must be sent\u00a0together with other sets !!<\/strong><\/span><\/li>\n<li data-mce-fragment=\"1\">Eredeti doboz n\u00e9lk\u00fcl, de garant\u00e1ljuk, hogy term\u00e9keink min\u0151s\u00e9gbiztos\u00edt\u00e1ssal \u00e9s sz\u00e9p csomagol\u00e1ssal rendelkeznek.<\/li>\n<li data-mce-fragment=\"1\">Mint minden alkatr\u00e9szt, amelyet a kisz\u00e1ll\u00edt\u00e1s el\u0151tt ellen\u0151rizt\u00fcnk, \u00edgy ha \u00fagy tal\u00e1lja, hogy n\u00e9h\u00e1ny alkatr\u00e9sz hi\u00e1nyzik vagy s\u00e9r\u00fclt, ne agg\u00f3djon, \u00e9s k\u00e9rj\u00fck, l\u00e9pjen kapcsolatba vel\u00fcnk, \u00e9s azonnal ingyenesen elk\u00fcldj\u00fck \u00d6nnek.<\/li>\n<\/ol>","protected":false},"excerpt":{"rendered":"<p>Product number: Penumatic Parts Notice: Mould King Penumatic Parts won&#8217;t be shipped seperately, they must be sent\u00a0together with other sets !! Without original box, but we guarantee our products have quality assurance and nice packaging. As all the parts we have checked before shipping, so if you find some parts missed or damaged, don&#8217;t worry [&hellip;]<\/p>","protected":false},"featured_media":9340,"comment_status":"open","ping_status":"closed","template":"","meta":{"_acf_changed":false},"product_cat":[15],"product_tag":[172,282,166,167],"class_list":["product","first","instock","shipping-taxable","purchasable","product-type-variable"],"acf":[],"_links":{"self":[{"href":"https:\/\/mouldking.store\/hu\/wp-json\/wp\/v2\/product\/8837","targetHints":{"allow":["GET"]}}],"collection":[{"href":"https:\/\/mouldking.store\/hu\/wp-json\/wp\/v2\/product"}],"about":[{"href":"https:\/\/mouldking.store\/hu\/wp-json\/wp\/v2\/types\/product"}],"replies":[{"embeddable":true,"href":"https:\/\/mouldking.store\/hu\/wp-json\/wp\/v2\/comments?post=8837"}],"wp:featuredmedia":[{"embeddable":true,"href":"https:\/\/mouldking.store\/hu\/wp-json\/wp\/v2\/media\/9340"}],"wp:attachment":[{"href":"https:\/\/mouldking.store\/hu\/wp-json\/wp\/v2\/media?parent=8837"}],"wp:term":[{"taxonomy":"product_cat","embeddable":true,"href":"https:\/\/mouldking.store\/hu\/wp-json\/wp\/v2\/product_cat?post=8837"},{"taxonomy":"product_tag","embeddable":true,"href":"https:\/\/mouldking.store\/hu\/wp-json\/wp\/v2\/product_tag?post=8837"}],"curies":[{"name":"wp","href":"https:\/\/api.w.org\/{rel}","templated":true}]}}