{"id":8901,"date":"2021-01-28T09:43:54","date_gmt":"2021-01-28T09:43:54","guid":{"rendered":"https:\/\/mouldking.store\/shop\/mould-king-17019-rc-tractor-fastrac-4000er-series\/"},"modified":"2025-12-25T09:29:55","modified_gmt":"2025-12-25T02:29:55","slug":"mould-king-17019-rc-tractor-fastrac-4000er-series","status":"publish","type":"product","link":"https:\/\/mouldking.store\/hu\/shop\/mould-king-17019-rc-tractor-fastrac-4000er-series\/","title":{"rendered":"MOLD KING 17019 MOC-25371 traktor Fastrac 4000er sorozat RC-vel"},"content":{"rendered":"<p><span data-mce-fragment=\"1\">Term\u00e9k inform\u00e1ci\u00f3:<\/span><br data-mce-fragment=\"1\" \/><span data-mce-fragment=\"1\">1. Model Number:\u00a017019<\/span><br data-mce-fragment=\"1\" \/><span data-mce-fragment=\"1\">2. Figyelmeztet\u00e9s: nem tud enni<\/span><br data-mce-fragment=\"1\" \/><span data-mce-fragment=\"1\">3. Korhat\u00e1r: &gt; 6 \u00e9v<\/span><br data-mce-fragment=\"1\" \/><span data-mce-fragment=\"1\">4. Min\u0151s\u00edt\u00e9s: 3C<\/span><br data-mce-fragment=\"1\" \/><span data-mce-fragment=\"1\">5. Oszt\u00e1lyoz\u00e1s: \u00d6sszeszerel\u00e9s<\/span><br data-mce-fragment=\"1\" \/><span data-mce-fragment=\"1\">6. Plastic Block Shape: Self-Locking Bricks<\/span><br data-mce-fragment=\"1\" \/><span data-mce-fragment=\"1\">7. Material: Plastic<\/span><br data-mce-fragment=\"1\" \/><span data-mce-fragment=\"1\">8. Plastic Type: ABS<\/span><br data-mce-fragment=\"1\" \/><span data-mce-fragment=\"1\">9. Bricks Blocks: ~2596 +PCS<\/span><br data-mce-fragment=\"1\" \/><span data-mce-fragment=\"1\">10. Contains detailed assembly instructions, PF parts<\/span><br data-mce-fragment=\"1\" \/><br data-mce-fragment=\"1\" \/><span data-mce-fragment=\"1\">\u00c9rtes\u00edt\u00e9s:<\/span><br data-mce-fragment=\"1\" \/><span data-mce-fragment=\"1\">1. Eredeti doboz n\u00e9lk\u00fcl, de garant\u00e1ljuk, hogy term\u00e9keink min\u0151s\u00e9gbiztos\u00edt\u00e1ssal \u00e9s sz\u00e9p csomagol\u00e1ssal rendelkeznek.<\/span><br data-mce-fragment=\"1\" \/><span data-mce-fragment=\"1\">2. Mint minden alkatr\u00e9szt, amelyet a sz\u00e1ll\u00edt\u00e1s el\u0151tt ellen\u0151rizt\u00fcnk, ez\u00e9rt ha \u00fagy tal\u00e1lja, hogy n\u00e9h\u00e1ny alkatr\u00e9sz hi\u00e1nyzik vagy s\u00e9r\u00fclt, ne agg\u00f3djon, \u00e9s k\u00e9rj\u00fck, vegye fel vel\u00fcnk a kapcsolatot, \u00e9s azonnal ingyenesen elk\u00fcldj\u00fck \u00d6nnek.<\/span><\/p>","protected":false},"excerpt":{"rendered":"<p>Product information:1. Model Number:\u00a0170192. Warning: can not eat3. Age Range: &gt; 6 years old4. Certification: 3C5. Classification: Assemblage6. Plastic Block Shape: Self-Locking Bricks7. Material: Plastic8. Plastic Type: ABS9. Bricks Blocks: ~2596 +PCS10. Contains detailed assembly instructions, PF partsNotice:1. Without original box, but we guarantee our products have quality assurance and nice packaging.2. As all the [&hellip;]<\/p>","protected":false},"featured_media":9393,"comment_status":"open","ping_status":"closed","template":"","meta":{"_acf_changed":false},"product_cat":[364],"product_tag":[1299,1298,1297,1300],"class_list":["product","first","instock","sale","shipping-taxable","purchasable","product-type-simple"],"acf":[],"_links":{"self":[{"href":"https:\/\/mouldking.store\/hu\/wp-json\/wp\/v2\/product\/8901","targetHints":{"allow":["GET"]}}],"collection":[{"href":"https:\/\/mouldking.store\/hu\/wp-json\/wp\/v2\/product"}],"about":[{"href":"https:\/\/mouldking.store\/hu\/wp-json\/wp\/v2\/types\/product"}],"replies":[{"embeddable":true,"href":"https:\/\/mouldking.store\/hu\/wp-json\/wp\/v2\/comments?post=8901"}],"wp:featuredmedia":[{"embeddable":true,"href":"https:\/\/mouldking.store\/hu\/wp-json\/wp\/v2\/media\/9393"}],"wp:attachment":[{"href":"https:\/\/mouldking.store\/hu\/wp-json\/wp\/v2\/media?parent=8901"}],"wp:term":[{"taxonomy":"product_cat","embeddable":true,"href":"https:\/\/mouldking.store\/hu\/wp-json\/wp\/v2\/product_cat?post=8901"},{"taxonomy":"product_tag","embeddable":true,"href":"https:\/\/mouldking.store\/hu\/wp-json\/wp\/v2\/product_tag?post=8901"}],"curies":[{"name":"wp","href":"https:\/\/api.w.org\/{rel}","templated":true}]}}