{"id":8994,"date":"2021-01-28T09:44:08","date_gmt":"2021-01-28T09:44:08","guid":{"rendered":"https:\/\/mouldking.store\/shop\/mould-king-19007-rc-penumatic-truck\/"},"modified":"2021-12-23T09:56:20","modified_gmt":"2021-12-23T09:56:20","slug":"mould-king-19007-rc-penumatic-truck","status":"publish","type":"product","link":"https:\/\/mouldking.store\/hu\/shop\/mould-king-19007-rc-penumatic-truck\/","title":{"rendered":"MOLD KING 19007 Mercedes-Benz Arocs 3245 2891 darabbal"},"content":{"rendered":"<p data-mce-fragment=\"1\">Term\u00e9k inform\u00e1ci\u00f3:<\/p>\n<ol data-mce-fragment=\"1\">\n<li data-mce-fragment=\"1\">T\u00edpus: blokkok<\/li>\n<li data-mce-fragment=\"1\">Nem: Uniszex<\/li>\n<li data-mce-fragment=\"1\">Figyelmeztet\u00e9s: nem lehet enni<\/li>\n<li data-mce-fragment=\"1\">Koroszt\u00e1ly: &gt; 6 \u00e9v<\/li>\n<li data-mce-fragment=\"1\">Model Number:\u00a019007<\/li>\n<li data-mce-fragment=\"1\">Besorol\u00e1s: \u00d6sszeszerel\u00e9s<\/li>\n<li data-mce-fragment=\"1\">M\u0171anyag blokk forma: \u00f6nz\u00e1r\u00f3 t\u00e9gla<\/li>\n<li data-mce-fragment=\"1\">Anyaga: M\u0171anyag<\/li>\n<li data-mce-fragment=\"1\">M\u0171anyag t\u00edpus: ABS<\/li>\n<li data-mce-fragment=\"1\">Bricks Blocks: ~2891+PCS<\/li>\n<li data-mce-fragment=\"1\">R\u00e9szletes \u00f6sszeszerel\u00e9si \u00fatmutat\u00f3t tartalmaz.<\/li>\n<\/ol>\n<p><br data-mce-fragment=\"1\" \/><span data-mce-fragment=\"1\">\u00c9rtes\u00edt\u00e9s:<\/span><br data-mce-fragment=\"1\" \/><span data-mce-fragment=\"1\">1. Eredeti doboz n\u00e9lk\u00fcl, de garant\u00e1ljuk, hogy term\u00e9keink min\u0151s\u00e9gbiztos\u00edt\u00e1ssal \u00e9s sz\u00e9p csomagol\u00e1ssal rendelkeznek.<\/span><br data-mce-fragment=\"1\" \/><span data-mce-fragment=\"1\">2. Mint minden alkatr\u00e9szt, amelyet a sz\u00e1ll\u00edt\u00e1s el\u0151tt ellen\u0151rizt\u00fcnk, ez\u00e9rt ha \u00fagy tal\u00e1lja, hogy n\u00e9h\u00e1ny alkatr\u00e9sz hi\u00e1nyzik vagy s\u00e9r\u00fclt, ne agg\u00f3djon, \u00e9s k\u00e9rj\u00fck, vegye fel vel\u00fcnk a kapcsolatot, \u00e9s azonnal ingyenesen elk\u00fcldj\u00fck \u00d6nnek.<\/span><span data-mce-fragment=\"1\">\u00a0<\/span><span data-mce-fragment=\"1\">\u00a0<\/span><\/p>","protected":false},"excerpt":{"rendered":"<p>Product information: Type: Blocks Gender: Unisex Warning: can not eat Age Range: &gt; 6 years old Model Number:\u00a019007 Classification: Assemblage Plastic Block Shape: Self-Locking Bricks Material: Plastic Plastic Type: ABS Bricks Blocks: ~2891+PCS Contains detailed assembly instructions. Notice:1. Without original box, but we guarantee our products have quality assurance and nice packaging.2. As all the [&hellip;]<\/p>","protected":false},"featured_media":9515,"comment_status":"open","ping_status":"closed","template":"","meta":{"_acf_changed":false},"product_cat":[364],"product_tag":[1033,1036,1037,1034,1035,166],"class_list":["product","first","instock","sale","shipping-taxable","purchasable","product-type-simple"],"acf":[],"_links":{"self":[{"href":"https:\/\/mouldking.store\/hu\/wp-json\/wp\/v2\/product\/8994","targetHints":{"allow":["GET"]}}],"collection":[{"href":"https:\/\/mouldking.store\/hu\/wp-json\/wp\/v2\/product"}],"about":[{"href":"https:\/\/mouldking.store\/hu\/wp-json\/wp\/v2\/types\/product"}],"replies":[{"embeddable":true,"href":"https:\/\/mouldking.store\/hu\/wp-json\/wp\/v2\/comments?post=8994"}],"wp:featuredmedia":[{"embeddable":true,"href":"https:\/\/mouldking.store\/hu\/wp-json\/wp\/v2\/media\/9515"}],"wp:attachment":[{"href":"https:\/\/mouldking.store\/hu\/wp-json\/wp\/v2\/media?parent=8994"}],"wp:term":[{"taxonomy":"product_cat","embeddable":true,"href":"https:\/\/mouldking.store\/hu\/wp-json\/wp\/v2\/product_cat?post=8994"},{"taxonomy":"product_tag","embeddable":true,"href":"https:\/\/mouldking.store\/hu\/wp-json\/wp\/v2\/product_tag?post=8994"}],"curies":[{"name":"wp","href":"https:\/\/api.w.org\/{rel}","templated":true}]}}