{"id":9064,"date":"2021-01-28T09:44:27","date_gmt":"2021-01-28T09:44:27","guid":{"rendered":"https:\/\/mouldking.store\/shop\/mould-king-15003-rc-transport-truck\/"},"modified":"2021-12-23T09:56:18","modified_gmt":"2021-12-23T09:56:18","slug":"mould-king-15003-rc-transport-truck","status":"publish","type":"product","link":"https:\/\/mouldking.store\/hu\/shop\/mould-king-15003-rc-transport-truck\/","title":{"rendered":"MOLD KING 15003 aut\u00f3sz\u00e1ll\u00edt\u00f3"},"content":{"rendered":"<p>Term\u00e9k inform\u00e1ci\u00f3:<\/p>\n<ol>\n<li>T\u00edpus: blokkok<\/li>\n<li>Nem: Uniszex<\/li>\n<li>Figyelmeztet\u00e9s: nem lehet enni<\/li>\n<li>Age Range: > 6 years old<\/li>\n<li>Model Number:\u00a015003<\/li>\n<li>Besorol\u00e1s: \u00d6sszeszerel\u00e9s<\/li>\n<li>M\u0171anyag blokk forma: \u00f6nz\u00e1r\u00f3 t\u00e9gla<\/li>\n<li>Anyaga: M\u0171anyag<\/li>\n<li>M\u0171anyag t\u00edpus: ABS<\/li>\n<li>Bricks Blocks: 577+PCS<\/li>\n<li>R\u00e9szletes \u00f6sszeszerel\u00e9si \u00fatmutat\u00f3t, PF alkatr\u00e9szt tartalmaz<\/li>\n<li>\n<span style=\"color: #ff2a00;\"><strong>APP link<\/strong><\/span>: ha nem tudja el\u00e9rni az alkalmaz\u00e1st QR-k\u00f3don kereszt\u00fcl, k\u00e9rj\u00fck, l\u00e9pjen kapcsolatba az elad\u00f3val, hogy megszerezze.<\/li>\n<\/ol>\n<p><span>\u00c9rtes\u00edt\u00e9s:<\/span><br \/><s>1. W<br \/>\nhout original box, but we guarantee our products have quality assurance and nice packaging.<br \/><span>2. Mint minden alkatr\u00e9szt, amelyet a sz\u00e1ll\u00edt\u00e1s el\u0151tt ellen\u0151rizt\u00fcnk, ez\u00e9rt ha \u00fagy tal\u00e1lja, hogy n\u00e9h\u00e1ny alkatr\u00e9sz hi\u00e1nyzik vagy s\u00e9r\u00fclt, ne agg\u00f3djon, \u00e9s k\u00e9rj\u00fck, vegye fel vel\u00fcnk a kapcsolatot, \u00e9s azonnal ingyenesen elk\u00fcldj\u00fck \u00d6nnek.<\/span><span>\u00a0<\/span><span>\u00a0<\/span>&#8211;<br \/>\n<iframe width=\"840\" height=\"472.5\" src=\"https:\/\/www.youtube.com\/embed\/Zbzl8hnwNxA\" frameborder=\"0\" allow=\"accelerometer; autoplay; encrypted-media; gyroscope; picture-in-picture\" allowfullscreen><\/iframe><br \/>\n<\/s><\/p>","protected":false},"excerpt":{"rendered":"<p>Product information: Type: Blocks Gender: Unisex Warning: can not eat Age Range: > 6 years old Model Number:\u00a015003 Classification: Assemblage Plastic Block Shape: Self-Locking Bricks Material: Plastic Plastic Type: ABS Bricks Blocks: 577+PCS Contains detailed assembly instructions, PF part APP link: if can&#8217;t get app through QR code, just pls contact seller to get it. [&hellip;]<\/p>","protected":false},"featured_media":9705,"comment_status":"open","ping_status":"closed","template":"","meta":{"_acf_changed":false},"product_cat":[],"product_tag":[165,166,167],"class_list":["product","first","instock","sale","shipping-taxable","purchasable","product-type-simple"],"acf":[],"_links":{"self":[{"href":"https:\/\/mouldking.store\/hu\/wp-json\/wp\/v2\/product\/9064","targetHints":{"allow":["GET"]}}],"collection":[{"href":"https:\/\/mouldking.store\/hu\/wp-json\/wp\/v2\/product"}],"about":[{"href":"https:\/\/mouldking.store\/hu\/wp-json\/wp\/v2\/types\/product"}],"replies":[{"embeddable":true,"href":"https:\/\/mouldking.store\/hu\/wp-json\/wp\/v2\/comments?post=9064"}],"wp:featuredmedia":[{"embeddable":true,"href":"https:\/\/mouldking.store\/hu\/wp-json\/wp\/v2\/media\/9705"}],"wp:attachment":[{"href":"https:\/\/mouldking.store\/hu\/wp-json\/wp\/v2\/media?parent=9064"}],"wp:term":[{"taxonomy":"product_cat","embeddable":true,"href":"https:\/\/mouldking.store\/hu\/wp-json\/wp\/v2\/product_cat?post=9064"},{"taxonomy":"product_tag","embeddable":true,"href":"https:\/\/mouldking.store\/hu\/wp-json\/wp\/v2\/product_tag?post=9064"}],"curies":[{"name":"wp","href":"https:\/\/api.w.org\/{rel}","templated":true}]}}