{"id":9231,"date":"2021-01-28T09:44:54","date_gmt":"2021-01-28T09:44:54","guid":{"rendered":"https:\/\/mouldking.store\/shop\/mould-king-13122-rc-bulldozer\/"},"modified":"2025-12-25T09:28:22","modified_gmt":"2025-12-25T02:28:22","slug":"mould-king-13122-rc-bulldozer","status":"publish","type":"product","link":"https:\/\/mouldking.store\/hu\/shop\/mould-king-13122-rc-bulldozer\/","title":{"rendered":"MOLD KING 13122 MOC-0836 kerekes rakod\u00f3 1:10 1572 darabbal"},"content":{"rendered":"<p>Term\u00e9k inform\u00e1ci\u00f3:<\/p>\n<ol>\n<li>T\u00edpus: blokkok<\/li>\n<li>Nem: Uniszex<\/li>\n<li>Figyelmeztet\u00e9s: nem lehet enni<\/li>\n<li>Koroszt\u00e1ly: &gt; 6 \u00e9v<\/li>\n<li>Model Number:\u00a013122<\/li>\n<li>Besorol\u00e1s: \u00d6sszeszerel\u00e9s<\/li>\n<li>M\u0171anyag blokk forma: \u00f6nz\u00e1r\u00f3 t\u00e9gla<\/li>\n<li>Anyaga: M\u0171anyag<\/li>\n<li>M\u0171anyag t\u00edpus: ABS<\/li>\n<li>Bricks Blocks: 1572+PCS<\/li>\n<li>R\u00e9szletes \u00f6sszeszerel\u00e9si \u00fatmutat\u00f3t, PF alkatr\u00e9szeket tartalmaz<\/li>\n<li><span style=\"color: #ff2a00\"><strong>APP link<\/strong><\/span>: ha nem tudja el\u00e9rni az alkalmaz\u00e1st QR-k\u00f3don kereszt\u00fcl, k\u00e9rj\u00fck, l\u00e9pjen kapcsolatba az elad\u00f3val, hogy megszerezze.<\/li>\n<\/ol>\n<p>\u00c9rtes\u00edt\u00e9s:<\/p>\n<ol>\n<li>Eredeti doboz n\u00e9lk\u00fcl, de garant\u00e1ljuk, hogy term\u00e9keink min\u0151s\u00e9gbiztos\u00edt\u00e1ssal \u00e9s sz\u00e9p csomagol\u00e1ssal rendelkeznek.<\/li>\n<li>Mint minden alkatr\u00e9szt, amelyet a kisz\u00e1ll\u00edt\u00e1s el\u0151tt ellen\u0151rizt\u00fcnk, \u00edgy ha \u00fagy tal\u00e1lja, hogy n\u00e9h\u00e1ny alkatr\u00e9sz hi\u00e1nyzik vagy s\u00e9r\u00fclt, ne agg\u00f3djon, \u00e9s k\u00e9rj\u00fck, l\u00e9pjen kapcsolatba vel\u00fcnk, \u00e9s azonnal ingyenesen elk\u00fcldj\u00fck \u00d6nnek.<\/li>\n<\/ol>\n<p>&nbsp;<\/p>","protected":false},"excerpt":{"rendered":"<p>Product information: Type: Blocks Gender: Unisex Warning: can not eat Age Range: &gt; 6 years old Model Number:\u00a013122 Classification: Assemblage Plastic Block Shape: Self-Locking Bricks Material: Plastic Plastic Type: ABS Bricks Blocks: 1572+PCS Contains detailed assembly instructions, PF parts APP link: if can&#8217;t get app through QR code, just pls contact seller to get it. [&hellip;]<\/p>","protected":false},"featured_media":10052,"comment_status":"open","ping_status":"closed","template":"","meta":{"_acf_changed":false},"product_cat":[371,364],"product_tag":[702,700,701,430,698,697,366,166,703,699],"class_list":["product","first","instock","sale","shipping-taxable","purchasable","product-type-simple"],"acf":[],"_links":{"self":[{"href":"https:\/\/mouldking.store\/hu\/wp-json\/wp\/v2\/product\/9231","targetHints":{"allow":["GET"]}}],"collection":[{"href":"https:\/\/mouldking.store\/hu\/wp-json\/wp\/v2\/product"}],"about":[{"href":"https:\/\/mouldking.store\/hu\/wp-json\/wp\/v2\/types\/product"}],"replies":[{"embeddable":true,"href":"https:\/\/mouldking.store\/hu\/wp-json\/wp\/v2\/comments?post=9231"}],"wp:featuredmedia":[{"embeddable":true,"href":"https:\/\/mouldking.store\/hu\/wp-json\/wp\/v2\/media\/10052"}],"wp:attachment":[{"href":"https:\/\/mouldking.store\/hu\/wp-json\/wp\/v2\/media?parent=9231"}],"wp:term":[{"taxonomy":"product_cat","embeddable":true,"href":"https:\/\/mouldking.store\/hu\/wp-json\/wp\/v2\/product_cat?post=9231"},{"taxonomy":"product_tag","embeddable":true,"href":"https:\/\/mouldking.store\/hu\/wp-json\/wp\/v2\/product_tag?post=9231"}],"curies":[{"name":"wp","href":"https:\/\/api.w.org\/{rel}","templated":true}]}}