{"id":9254,"date":"2021-01-28T09:44:59","date_gmt":"2021-01-28T02:44:59","guid":{"rendered":"https:\/\/mouldking.store\/shop\/mould-king-13130-liebherr-terex-rh400-mining-excavator\/"},"modified":"2025-12-25T09:28:22","modified_gmt":"2025-12-25T02:28:22","slug":"mould-king-13130-liebherr-terex-rh400-mining-excavator","status":"publish","type":"product","link":"https:\/\/mouldking.store\/hu\/shop\/mould-king-13130-liebherr-terex-rh400-mining-excavator\/","title":{"rendered":"MOLD KING 13130 MOC-1874 Terex RH400 b\u00e1ny\u00e1szati kotr\u00f3"},"content":{"rendered":"<ul>\n<li>Term\u00e9k inform\u00e1ci\u00f3:<\/li>\n<\/ul>\n<ol>\n<li>Modellsz\u00e1m: MOLD KING 13130<\/li>\n<li>Figyelmeztet\u00e9s: nem lehet enni<\/li>\n<li>Koroszt\u00e1ly: &gt; 12 \u00e9ves<\/li>\n<li><span class=\"propery-title\">Tan\u00fas\u00edtv\u00e1ny:\u00a0<\/span><span class=\"propery-des\" title=\"3C\">3C<\/span><\/li>\n<li>Besorol\u00e1s: \u00d6sszeszerel\u00e9s<\/li>\n<li>M\u0171anyag blokk forma: \u00f6nz\u00e1r\u00f3 t\u00e9gla<\/li>\n<li>Anyaga: M\u0171anyag<\/li>\n<li>M\u0171anyag t\u00edpus: ABS<\/li>\n<li>T\u00e9gla Block: ~4415+DB<\/li>\n<li>Tartalmaz utas\u00edt\u00e1sokat, PF alkatr\u00e9szeket<\/li>\n<li><strong><span style=\"color: #ff2a00\">APP link<\/span><\/strong>: ha nem tudja el\u00e9rni az alkalmaz\u00e1st QR-k\u00f3don kereszt\u00fcl, k\u00e9rj\u00fck, l\u00e9pjen kapcsolatba az elad\u00f3val, hogy megszerezze.<\/li>\n<\/ol>\n<ul>\n<li>\u00c9rtes\u00edt\u00e9s:<\/li>\n<\/ul>\n<ol>\n<li>Eredeti doboz n\u00e9lk\u00fcl, de garant\u00e1ljuk, hogy term\u00e9keink min\u0151s\u00e9gbiztos\u00edt\u00e1ssal \u00e9s sz\u00e9p csomagol\u00e1ssal rendelkeznek.<\/li>\n<li>Mint minden alkatr\u00e9szt, amelyet a kisz\u00e1ll\u00edt\u00e1s el\u0151tt ellen\u0151rizt\u00fcnk, \u00edgy ha \u00fagy tal\u00e1lja, hogy n\u00e9h\u00e1ny alkatr\u00e9sz hi\u00e1nyzik vagy s\u00e9r\u00fclt, ne agg\u00f3djon, \u00e9s k\u00e9rj\u00fck, l\u00e9pjen kapcsolatba vel\u00fcnk, \u00e9s azonnal ingyenesen elk\u00fcldj\u00fck \u00d6nnek.<\/li>\n<\/ol>","protected":false},"excerpt":{"rendered":"<p>Product information: Model Number: MOULD KING 13130 Warning: can not eat Age Range: &gt;\u00a012 years old Certification:\u00a03C Classification: Assemblage Plastic Block Shape: Self-Locking Bricks Material: Plastic Plastic Type: ABS Bricks Blocks: ~4415+PCS Contain instructions, PF parts APP link: if can&#8217;t get app through QR code, just pls contact seller to get it. Notice: Without original [&hellip;]<\/p>","protected":false},"featured_media":10152,"comment_status":"open","ping_status":"closed","template":"","meta":{"_acf_changed":false},"product_cat":[364],"product_tag":[1285,1284,1286],"class_list":["product","first","instock","sale","shipping-taxable","purchasable","product-type-simple"],"acf":[],"_links":{"self":[{"href":"https:\/\/mouldking.store\/hu\/wp-json\/wp\/v2\/product\/9254","targetHints":{"allow":["GET"]}}],"collection":[{"href":"https:\/\/mouldking.store\/hu\/wp-json\/wp\/v2\/product"}],"about":[{"href":"https:\/\/mouldking.store\/hu\/wp-json\/wp\/v2\/types\/product"}],"replies":[{"embeddable":true,"href":"https:\/\/mouldking.store\/hu\/wp-json\/wp\/v2\/comments?post=9254"}],"wp:featuredmedia":[{"embeddable":true,"href":"https:\/\/mouldking.store\/hu\/wp-json\/wp\/v2\/media\/10152"}],"wp:attachment":[{"href":"https:\/\/mouldking.store\/hu\/wp-json\/wp\/v2\/media?parent=9254"}],"wp:term":[{"taxonomy":"product_cat","embeddable":true,"href":"https:\/\/mouldking.store\/hu\/wp-json\/wp\/v2\/product_cat?post=9254"},{"taxonomy":"product_tag","embeddable":true,"href":"https:\/\/mouldking.store\/hu\/wp-json\/wp\/v2\/product_tag?post=9254"}],"curies":[{"name":"wp","href":"https:\/\/api.w.org\/{rel}","templated":true}]}}