{"id":13007,"date":"2021-09-28T02:47:33","date_gmt":"2021-09-28T02:47:33","guid":{"rendered":"https:\/\/mouldking.store\/product\/qizhile-lej901-moc-mercedes-benz-g63-amg-6x6-white-9172336"},"modified":"2025-12-25T09:28:20","modified_gmt":"2025-12-25T02:28:20","slug":"qizhile-lej901-moc-mercedes-benz-g63-amg-6x6-white","status":"publish","type":"product","link":"https:\/\/mouldking.store\/it\/shop\/qizhile-lej901-moc-mercedes-benz-g63-amg-6x6-white\/","title":{"rendered":"QIZHILE LEJ901 MOC Mercedes Benz G63 AMG 6\u00d76 Bianco"},"content":{"rendered":"<h4>Un fantastico set di mattoncini QIZHILE LEJ901 MOC Mercedes Benz G63 AMG 6\u00d76 White \u00e8 basato su Mercedes Benz G63 AMG 6\u00d76 White<\/h4>\n<p>Alcuni anni fa, Mercedes-AMG ha sfoggiato il selvaggio G63 6 \u00d7 6, una Classe G con sei ruote, tre assi e un sacco di braciole fuoristrada. Sono stati a lungo esauriti dopo una corsa di 100 veicoli di produzione, ma uno \u00e8 emerso per la vendita.<\/p>\n<p>Elencata su eBay negli Stati Uniti, questa Mercedes-AMG G63 6\u00d76 del 2014 ha visto un solo proprietario e ha percorso 3.797 miglia, e presenta tutte le opzioni offerte dall&#039;azienda. Secondo Scottsdale Ferrari in Arizona, il concessionario che ha messo in vendita il colosso, il proprietario originale ha acquistato il G63 6\u00d76 per circa $531.000 al Dubai Auto Show. \u00c8 dipinto Diamond White compensato da un interno nero e rosso.<\/p>\n<p><img decoding=\"async\" class=\"alignnone size-full wp-image-178559\" src=\"https:\/\/pay.lpwstore.com\/wp-content\/uploads\/2019\/11\/maxresdefault-1.jpg\" alt=\" width=\" height=\"720\" title=\"-\"><\/p>\n<h4>\u2022 +3300 pezzi realizzati con mattoncini in plastica ABS 100% di alta qualit\u00e0, sicuri per i bambini, molto tempo per giocare, 100% compatibile con altre marche di mattoncini<\/h4>\n<p><span style=\"font-size: 14.4px;\">\u2022 Facile da costruire con istruzioni manuali di QIZHILE LEJ901 MOC Mercedes Benz G63 AMG 6\u00d76 Bianco <\/span><span style=\"font-size: 14.4px;\">con guida mattone per mattone e immagini di alta qualit\u00e0<\/span><\/p>\n<p><span style=\"font-size: 14.4px;\">\u2022 Dimensioni complete di QIZHILE LEJ901 MOC Mercedes Benz G63 AMG 6\u00d76 Bianco<\/span><\/p>\n<p><img decoding=\"async\" class=\"alignnone size-full wp-image-178557\" src=\"https:\/\/pay.lpwstore.com\/wp-content\/uploads\/2019\/11\/WeChat-Image_20191125171050-Copy-6-scaled.jpg\" alt=\" width=\" height=\"1611\" title=\"-\"><\/p>\n<h4><strong>CONSEGNA E RESO<\/strong><\/h4>\n<ul>\n<li>Garantiamo per QIZHILE LEJ901 MOC Mercedes Benz G63 AMG 6 \u00d7 6 Bianco: - Rimborso completo se non ricevi il tuo ordine - Fornitura gratuita per pezzi mancanti o libro manuale - Il cliente non pagher\u00e0 pi\u00f9 tasse e spese doganali. (Se devi pagare, ti rimborseremo)<\/li>\n<li>La spedizione internazionale \u00e8 piuttosto complicata, ci sforziamo di elaborare tutti i tuoi problemi. Tuttavia, se il tuo ordine presenta problemi, ti preghiamo di contattarci via e-mail<\/li>\n<li>ANNULLA Ordine: Se hai bisogno di annullare l&#039;ordine, devi contattarci via e-mail contact@pay.lpwstore.com il prima possibile. Non possiamo interrompere l&#039;ordine fino a 48 ore<\/li>\n<\/ul>\n<h4><strong>PARTI MANCANTI<\/strong><\/h4>\n<p>Tutte le parti di QIZHILE LEJ901 MOC Mercedes Benz G63 AMG 6 \u00d7 6 White vengono sottoposte a controllo di qualit\u00e0 prima della spedizione, quindi se trovi parti mancanti o danneggiate, non preoccuparti. Contattaci e te li invieremo gratuitamente, oppure ti offriremo un piccolo rimborso per l&#039;acquisto in altri luoghi.<\/p>\n<div id=\"gtx-anchor\" style=\"width: 222.111px; height: 16.6667px;\">\u00a0<\/div>\n<div class=\"jfk-bubble gtx-bubble\" role=\"alertdialog\" aria-describedby=\"bubble-8\">\n<div id=\"bubble-8\" class=\"jfk-bubble-content-id\">\n<div id=\"gtx-host\" style=\"min-width: 200px; max-width: 400px;\">\u00a0<\/div>\n<\/div>\n<div class=\"jfk-bubble-closebtn-id jfk-bubble-closebtn\" role=\"button\" aria-label=\"Vicino\">\u00a0<\/div>\n<div class=\"jfk-bubble-arrow-id jfk-bubble-arrow jfk-bubble-arrowup\">\n<div class=\"jfk-bubble-arrowimplbefore\">\u00a0<\/div>\n<div class=\"jfk-bubble-arrowimplafter\">\u00a0<\/div>\n<\/div>\n<\/div>","protected":false},"excerpt":{"rendered":"<p>\u2022 Con 3300 pezzi \u2022 Mattoni di altissima qualit\u00e0 (meglio di Lepin)<\/p>\n<p>Questo fantastico MOC QIZHILE LEJ901 Mercedes Benz G63 AMG 6 \u00d7 6 bianco MADE BY LEPINWORLD \u00e8 un MOC davvero fantastico.<\/p>","protected":false},"featured_media":13008,"comment_status":"open","ping_status":"closed","template":"","meta":{"_acf_changed":false},"product_cat":[15],"product_tag":[],"class_list":["product","first","instock","shipping-taxable","purchasable","product-type-simple"],"acf":[],"_links":{"self":[{"href":"https:\/\/mouldking.store\/it\/wp-json\/wp\/v2\/product\/13007","targetHints":{"allow":["GET"]}}],"collection":[{"href":"https:\/\/mouldking.store\/it\/wp-json\/wp\/v2\/product"}],"about":[{"href":"https:\/\/mouldking.store\/it\/wp-json\/wp\/v2\/types\/product"}],"replies":[{"embeddable":true,"href":"https:\/\/mouldking.store\/it\/wp-json\/wp\/v2\/comments?post=13007"}],"wp:featuredmedia":[{"embeddable":true,"href":"https:\/\/mouldking.store\/it\/wp-json\/wp\/v2\/media\/13008"}],"wp:attachment":[{"href":"https:\/\/mouldking.store\/it\/wp-json\/wp\/v2\/media?parent=13007"}],"wp:term":[{"taxonomy":"product_cat","embeddable":true,"href":"https:\/\/mouldking.store\/it\/wp-json\/wp\/v2\/product_cat?post=13007"},{"taxonomy":"product_tag","embeddable":true,"href":"https:\/\/mouldking.store\/it\/wp-json\/wp\/v2\/product_tag?post=13007"}],"curies":[{"name":"wp","href":"https:\/\/api.w.org\/{rel}","templated":true}]}}