{"id":20248,"date":"2021-10-09T04:44:59","date_gmt":"2021-10-08T21:44:59","guid":{"rendered":"https:\/\/mouldking.store\/shop\/moc-5920-roadster-tc9-super-car-by-muffinbrick-moc-factory\/"},"modified":"2025-12-25T09:26:48","modified_gmt":"2025-12-25T02:26:48","slug":"moc-5920-roadster-tc9-super-car-by-muffinbrick-moc-factory","status":"publish","type":"product","link":"https:\/\/mouldking.store\/it\/shop\/moc-5920-roadster-tc9-super-car-by-muffinbrick-moc-factory\/","title":{"rendered":"MOC 5920 Roadster (TC9) Super Car di muffinbrick FABBRICA MOC"},"content":{"rendered":"<p>Modello del roadster per il concorso Eurobricks Technic (TC9).<\/p>\n<p>Punti salienti del modello:<br \/>\n\u2013 utile regia tramite HOG+volante<br \/>\n\u2013 utile differenziale posteriore collegato al motore V4 a 180\u00b0<br \/>\n\u2013 tetto pieghevole<br \/>\n\u2013 ingressi e cappelli apribili<br \/>\n\u2013 salva la ruota sotto il cappello anteriore<\/p>\n<p>Il modello nelle linee guida presenta alcune piccole differenze rispetto alla mia ultima forma, eppure aspetto e capacit\u00e0 sono indistinguibili. Inoltre in partlist ho cambiato alcune sezioni in tonalit\u00e0 non comuni in tonalit\u00e0 progressivamente normali.<\/p>\n<p><img fetchpriority=\"high\" decoding=\"async\" class=\"alignnone size-full wp-image-192305\" src=\"https:\/\/pay.lpwstore.com\/wp-content\/uploads\/2020\/06\/New-Project-7-1.png\" alt=\"MOC 5920\" width=\"800\" height=\"800\" title=\"-\"> <img decoding=\"async\" class=\"alignnone size-full wp-image-192304\" src=\"https:\/\/pay.lpwstore.com\/wp-content\/uploads\/2020\/06\/New-Project-8-1.png\" alt=\"-\" width=\"800\" height=\"800\" title=\"-\"> <img decoding=\"async\" class=\"alignnone size-full wp-image-192303\" src=\"https:\/\/pay.lpwstore.com\/wp-content\/uploads\/2020\/06\/New-Project-9-1.png\" alt=\"-\" width=\"800\" height=\"800\" title=\"-\"> <img loading=\"lazy\" decoding=\"async\" class=\"alignnone size-full wp-image-192302\" src=\"https:\/\/pay.lpwstore.com\/wp-content\/uploads\/2020\/06\/New-Project-10-1.png\" alt=\"MOC 5920\" width=\"800\" height=\"800\" title=\"-\"><\/p>","protected":false},"excerpt":{"rendered":"<ul>\n<li>Includere <strong>955+<\/strong> pz<\/li>\n<li>Istruzioni PDF online<\/li>\n<li>Blocco in ABS di alta qualit\u00e0<\/li>\n<\/ul>","protected":false},"featured_media":20244,"comment_status":"open","ping_status":"closed","template":"","meta":{"_acf_changed":false},"product_cat":[364],"product_tag":[],"class_list":["product","first","instock","shipping-taxable","purchasable","product-type-simple"],"acf":[],"_links":{"self":[{"href":"https:\/\/mouldking.store\/it\/wp-json\/wp\/v2\/product\/20248","targetHints":{"allow":["GET"]}}],"collection":[{"href":"https:\/\/mouldking.store\/it\/wp-json\/wp\/v2\/product"}],"about":[{"href":"https:\/\/mouldking.store\/it\/wp-json\/wp\/v2\/types\/product"}],"replies":[{"embeddable":true,"href":"https:\/\/mouldking.store\/it\/wp-json\/wp\/v2\/comments?post=20248"}],"wp:featuredmedia":[{"embeddable":true,"href":"https:\/\/mouldking.store\/it\/wp-json\/wp\/v2\/media\/20244"}],"wp:attachment":[{"href":"https:\/\/mouldking.store\/it\/wp-json\/wp\/v2\/media?parent=20248"}],"wp:term":[{"taxonomy":"product_cat","embeddable":true,"href":"https:\/\/mouldking.store\/it\/wp-json\/wp\/v2\/product_cat?post=20248"},{"taxonomy":"product_tag","embeddable":true,"href":"https:\/\/mouldking.store\/it\/wp-json\/wp\/v2\/product_tag?post=20248"}],"curies":[{"name":"wp","href":"https:\/\/api.w.org\/{rel}","templated":true}]}}