{"id":20315,"date":"2021-10-09T04:45:55","date_gmt":"2021-10-08T21:45:55","guid":{"rendered":"https:\/\/mouldking.store\/shop\/moc-18144-exs-wing-starfighter-minifig-scale-in-star-wars-by-brickvault-moc-factory\/"},"modified":"2025-12-25T09:26:46","modified_gmt":"2025-12-25T02:26:46","slug":"moc-18144-exs-wing-starfighter-minifig-scale-in-star-wars-by-brickvault-moc-factory","status":"publish","type":"product","link":"https:\/\/mouldking.store\/it\/shop\/moc-18144-exs-wing-starfighter-minifig-scale-in-star-wars-by-brickvault-moc-factory\/","title":{"rendered":"MOC-18144 EXS-wing Starfighter \u2013 Minifig Scale in Star Wars di brickvault MOC FACTORY"},"content":{"rendered":"<p>L&#039;X-wing Starfighter \u00e8 apparso per la prima volta sugli schermi in Star Wars: Episodio IV - Una nuova speranza nel 1977. A partire molto rapidamente da l\u00ec, l&#039;X-wing era molto noto tra i fan e il contendente \u00e8 attualmente una delle astronavi pi\u00f9 inconfondibili di sempre. \u00c8 un po &#039;morbido, un po&#039; aspro e raggiunge un punto centrale tra la fantascienza e una mosca guerriera avanzata. La sovrapposizione delle lamine a S si apre quando si \u00e8 in posizione di assalto, creando quel simbolo a forma di &quot;X&quot; e il resto \u00e8 storia.<\/p>\n<p>Il tempo organizza; 4-8 settimane<\/p>\n<p>&nbsp;<\/p>\n<figure id=\"attachment_202518\" class=\"wp-caption aligncenter\" style=\"width: 800px\" aria-describedby=\"caption-attachment-202518\"><figcaption id=\"caption-attachment-202518\" class=\"wp-caption-text\">\n<figure style=\"width: 681px\" class=\"wp-caption aligncenter\"><img fetchpriority=\"high\" decoding=\"async\" class=\"\" src=\"https:\/\/mocfactory.com\/wp-content\/uploads\/2020\/12\/New-Project-68-1-300x300.png\" alt=\"MOC-18144 Star Wars EXS-wing Starfighter - Minifig Scale Designer brickvault MOC FACTORY\" width=\"681\" height=\"681\" title=\"-\"><figcaption class=\"wp-caption-text\">MOC-18144 Star Wars EXS-wing Starfighter \u2013 Minifig Scale Designer brickvault MOC FACTORY<\/figcaption><\/figure>\n<\/figcaption><\/figure>","protected":false},"excerpt":{"rendered":"<ul>\n<li>Includere <strong>1160<\/strong><strong>+<\/strong> pz<\/li>\n<li>Istruzioni PDF online<\/li>\n<li>Blocco in ABS di alta qualit\u00e0<\/li>\n<\/ul>","protected":false},"featured_media":20314,"comment_status":"open","ping_status":"closed","template":"","meta":{"_acf_changed":false},"product_cat":[415],"product_tag":[],"class_list":["product","first","instock","shipping-taxable","purchasable","product-type-simple"],"acf":[],"_links":{"self":[{"href":"https:\/\/mouldking.store\/it\/wp-json\/wp\/v2\/product\/20315","targetHints":{"allow":["GET"]}}],"collection":[{"href":"https:\/\/mouldking.store\/it\/wp-json\/wp\/v2\/product"}],"about":[{"href":"https:\/\/mouldking.store\/it\/wp-json\/wp\/v2\/types\/product"}],"replies":[{"embeddable":true,"href":"https:\/\/mouldking.store\/it\/wp-json\/wp\/v2\/comments?post=20315"}],"wp:featuredmedia":[{"embeddable":true,"href":"https:\/\/mouldking.store\/it\/wp-json\/wp\/v2\/media\/20314"}],"wp:attachment":[{"href":"https:\/\/mouldking.store\/it\/wp-json\/wp\/v2\/media?parent=20315"}],"wp:term":[{"taxonomy":"product_cat","embeddable":true,"href":"https:\/\/mouldking.store\/it\/wp-json\/wp\/v2\/product_cat?post=20315"},{"taxonomy":"product_tag","embeddable":true,"href":"https:\/\/mouldking.store\/it\/wp-json\/wp\/v2\/product_tag?post=20315"}],"curies":[{"name":"wp","href":"https:\/\/api.w.org\/{rel}","templated":true}]}}