{"id":20470,"date":"2021-10-09T04:50:01","date_gmt":"2021-10-08T21:50:01","guid":{"rendered":"https:\/\/mouldking.store\/shop\/moc-22018-bomber-twin-ion-engine-bomber-star-wars-by-barneius-moc-factory\/"},"modified":"2025-12-25T09:25:21","modified_gmt":"2025-12-25T02:25:21","slug":"moc-22018-bomber-twin-ion-engine-bomber-star-wars-by-barneius-moc-factory","status":"publish","type":"product","link":"https:\/\/mouldking.store\/it\/shop\/moc-22018-bomber-twin-ion-engine-bomber-star-wars-by-barneius-moc-factory\/","title":{"rendered":"MOC-22018 Bomber (Bombardiere a doppio motore ionico) Star Wars di barneius MOC FACTORY"},"content":{"rendered":"<p>Bombardiere TIE. Il terzo modello della mia serie di maestosi TIE esemplari. Le due strutture si basano e si uniscono insieme a un metodo di contorno che rende il modello rigido e forte. Le schede sono lavorate con un metodo simile che ho utilizzato nel mio TIE Interceptor. Ci\u00f2 rende le parti superiore e inferiore fissate in modo sicuro e con i bordi corretti. La totalit\u00e0 delle sottigliezze \u00e8 intenzionale: dovrebbero prendere in considerazione il vero lavoro di questa barca eccezionalmente affascinante per quanto riguarda Star Wars universum (crediti a Jerac per la motivazione sullo stampaggio della parte anteriore della struttura della bomba).<\/p>\n<p><img fetchpriority=\"high\" decoding=\"async\" class=\"alignnone size-full wp-image-193959\" src=\"https:\/\/pay.lpwstore.com\/wp-content\/uploads\/2020\/07\/New-Project-24.png\" alt=\"MOC-22018\" width=\"800\" height=\"800\" title=\"-\"><\/p>\n<p>&nbsp;<\/p>\n<p>\u00c8 abbastanza consistente per quanto riguarda le sue dimensioni, che si adattano davvero bene al carattere della barca. C&#039;\u00e8 uno spazio limitato per una minifig nell&#039;abitacolo. Il modello si adatta perfettamente a qualsiasi assortimento di set LEGO ufficiale, proprio come i miei diversi TIE. Puoi presentarlo su uno stand vetrina impegnato.<\/p>\n<p><img decoding=\"async\" class=\"alignnone size-full wp-image-193960\" src=\"https:\/\/pay.lpwstore.com\/wp-content\/uploads\/2020\/07\/New-Project-26.png\" alt=\"MOC-22018\" width=\"800\" height=\"800\" title=\"-\"> <img decoding=\"async\" class=\"alignnone size-full wp-image-193961\" src=\"https:\/\/pay.lpwstore.com\/wp-content\/uploads\/2020\/07\/New-Project-25.png\" alt=\"MOC-22018\" width=\"800\" height=\"800\" title=\"-\"><\/p>\n<p>&nbsp;<\/p>","protected":false},"excerpt":{"rendered":"<ul>\n<li>Includere\u00a0<strong>1644+<\/strong>\u00a0pz<\/li>\n<li>Libretto di istruzioni PDF<\/li>\n<li>Blocco in ABS di alta qualit\u00e0<\/li>\n<\/ul>","protected":false},"featured_media":20467,"comment_status":"open","ping_status":"closed","template":"","meta":{"_acf_changed":false},"product_cat":[415],"product_tag":[],"class_list":["product","first","instock","shipping-taxable","purchasable","product-type-simple"],"acf":[],"_links":{"self":[{"href":"https:\/\/mouldking.store\/it\/wp-json\/wp\/v2\/product\/20470","targetHints":{"allow":["GET"]}}],"collection":[{"href":"https:\/\/mouldking.store\/it\/wp-json\/wp\/v2\/product"}],"about":[{"href":"https:\/\/mouldking.store\/it\/wp-json\/wp\/v2\/types\/product"}],"replies":[{"embeddable":true,"href":"https:\/\/mouldking.store\/it\/wp-json\/wp\/v2\/comments?post=20470"}],"wp:featuredmedia":[{"embeddable":true,"href":"https:\/\/mouldking.store\/it\/wp-json\/wp\/v2\/media\/20467"}],"wp:attachment":[{"href":"https:\/\/mouldking.store\/it\/wp-json\/wp\/v2\/media?parent=20470"}],"wp:term":[{"taxonomy":"product_cat","embeddable":true,"href":"https:\/\/mouldking.store\/it\/wp-json\/wp\/v2\/product_cat?post=20470"},{"taxonomy":"product_tag","embeddable":true,"href":"https:\/\/mouldking.store\/it\/wp-json\/wp\/v2\/product_tag?post=20470"}],"curies":[{"name":"wp","href":"https:\/\/api.w.org\/{rel}","templated":true}]}}