{"id":21079,"date":"2021-10-09T05:00:43","date_gmt":"2021-10-08T22:00:43","guid":{"rendered":"https:\/\/mouldking.store\/shop\/moc-90030-robot-dreams-gbc-creator-mocfactory\/"},"modified":"2025-12-25T09:24:20","modified_gmt":"2025-12-25T02:24:20","slug":"moc-90030-robot-dreams-gbc-creator-mocfactory","status":"publish","type":"product","link":"https:\/\/mouldking.store\/it\/shop\/moc-90030-robot-dreams-gbc-creator-mocfactory\/","title":{"rendered":"MOC-90030 Robot Dreams GBC Creator MOCFACTORY"},"content":{"rendered":"<p style=\"text-align: left\">Il modello Great Ball Contraption (Gordon Fort Machinery) \u00e8 composto da robot che passano palline. \u00c8 questo il loro lavoro di fantasia? O poi di nuovo vorrebbero realizzare qualcosa di pi\u00f9 appagante? Penso che tu abbia una tua supposizione.<\/p>\n<p><a href=\"https:\/\/pay.lpwstore.com\/wp-content\/uploads\/2020\/09\/MOC-90030-Robot-Dreams-GBC-Creator-MOCFACTORY.jpg\" target=\"_blank\" rel=\"noopener\"><img fetchpriority=\"high\" decoding=\"async\" class=\"aligncenter wp-image-196327 size-full\" title=\"MOC-90030-Robot-Dreams-GBC-Creator-MOCFACTORY\" src=\"https:\/\/pay.lpwstore.com\/wp-content\/uploads\/2020\/09\/MOC-90030-Robot-Dreams-GBC-Creator-MOCFACTORY.jpg\" alt=\"MOC-90030-Robot-Dreams-GBC-Creator-MOCFACTORY\" width=\"800\" height=\"800\" \/><\/a> <img decoding=\"async\" class=\"alignnone size-full wp-image-196328 aligncenter\" src=\"https:\/\/pay.lpwstore.com\/wp-content\/uploads\/2020\/09\/MOC-90030-Robot-Dreams-GBC-Creator-MOCFACTORY-2.jpg\" alt=\"MOC-90030-Robot-Dreams-GBC-Creator-MOCFACTORY-2\" width=\"800\" height=\"800\" title=\"-\"> <img decoding=\"async\" class=\"alignnone size-full wp-image-196329 aligncenter\" src=\"https:\/\/pay.lpwstore.com\/wp-content\/uploads\/2020\/09\/MOC-90030-Robot-Dreams-GBC-Creator-MOCFACTORY-3.jpg\" alt=\"MOC-90030-Robot-Dreams-GBC-Creator-MOCFACTORY-3\" width=\"800\" height=\"800\" title=\"-\"> <img loading=\"lazy\" decoding=\"async\" class=\"alignnone size-full wp-image-196330 aligncenter\" src=\"https:\/\/pay.lpwstore.com\/wp-content\/uploads\/2020\/09\/MOC-90030-Robot-Dreams-GBC-Creator-MOCFACTORY-4.jpg\" alt=\"MOC-90030-Robot-Dreams-GBC-Creator-MOCFACTORY-4\" width=\"800\" height=\"800\" title=\"-\"> <img loading=\"lazy\" decoding=\"async\" class=\"alignnone size-full wp-image-196331 aligncenter\" src=\"https:\/\/pay.lpwstore.com\/wp-content\/uploads\/2020\/09\/MOC-90030-Robot-Dreams-GBC-Creator-MOCFACTORY-5.jpg\" alt=\"MOC-90030-Robot-Dreams-GBC-Creator-MOCFACTORY-5\" width=\"800\" height=\"800\" title=\"-\"> <img loading=\"lazy\" decoding=\"async\" class=\"alignnone size-full wp-image-196332 aligncenter\" src=\"https:\/\/pay.lpwstore.com\/wp-content\/uploads\/2020\/09\/MOC-90030-Robot-Dreams-GBC-Creator-MOCFACTORY-6.jpg\" alt=\"MOC-90030-Robot-Dreams-GBC-Creator-MOCFACTORY-6\" width=\"800\" height=\"800\" title=\"-\"> <img loading=\"lazy\" decoding=\"async\" class=\"alignnone size-full wp-image-196333 aligncenter\" src=\"https:\/\/pay.lpwstore.com\/wp-content\/uploads\/2020\/09\/MOC-90030-Robot-Dreams-GBC-Creator-MOCFACTORY-7.jpg\" alt=\"MOC-90030-Robot-Dreams-GBC-Creator-MOCFACTORY-7\" width=\"800\" height=\"800\" title=\"-\"> <img loading=\"lazy\" decoding=\"async\" class=\"alignnone size-full wp-image-196334 aligncenter\" src=\"https:\/\/pay.lpwstore.com\/wp-content\/uploads\/2020\/09\/MOC-90030-Robot-Dreams-GBC-Creator-MOCFACTORY-8.jpg\" alt=\"MOC-90030-Robot-Dreams-GBC-Creator-MOCFACTORY-8\" width=\"800\" height=\"800\" title=\"-\"><\/p>","protected":false},"excerpt":{"rendered":"<ul>\n<li>Includere <strong>1433+<\/strong> pz<\/li>\n<li>Istruzioni PDF online<\/li>\n<li>Blocco in ABS di alta qualit\u00e0<\/li>\n<\/ul>","protected":false},"featured_media":21071,"comment_status":"open","ping_status":"closed","template":"","meta":{"_acf_changed":false},"product_cat":[371],"product_tag":[],"class_list":["product","first","outofstock","shipping-taxable","purchasable","product-type-simple"],"acf":[],"_links":{"self":[{"href":"https:\/\/mouldking.store\/it\/wp-json\/wp\/v2\/product\/21079","targetHints":{"allow":["GET"]}}],"collection":[{"href":"https:\/\/mouldking.store\/it\/wp-json\/wp\/v2\/product"}],"about":[{"href":"https:\/\/mouldking.store\/it\/wp-json\/wp\/v2\/types\/product"}],"replies":[{"embeddable":true,"href":"https:\/\/mouldking.store\/it\/wp-json\/wp\/v2\/comments?post=21079"}],"wp:featuredmedia":[{"embeddable":true,"href":"https:\/\/mouldking.store\/it\/wp-json\/wp\/v2\/media\/21071"}],"wp:attachment":[{"href":"https:\/\/mouldking.store\/it\/wp-json\/wp\/v2\/media?parent=21079"}],"wp:term":[{"taxonomy":"product_cat","embeddable":true,"href":"https:\/\/mouldking.store\/it\/wp-json\/wp\/v2\/product_cat?post=21079"},{"taxonomy":"product_tag","embeddable":true,"href":"https:\/\/mouldking.store\/it\/wp-json\/wp\/v2\/product_tag?post=21079"}],"curies":[{"name":"wp","href":"https:\/\/api.w.org\/{rel}","templated":true}]}}