{"id":21948,"date":"2021-10-09T05:14:49","date_gmt":"2021-10-09T05:14:49","guid":{"rendered":"https:\/\/mouldking.store\/shop\/moc-31738-solar-farm-for-a-modular-city-creator-by-gabizon-moc-factory\/"},"modified":"2025-12-25T09:23:44","modified_gmt":"2025-12-25T02:23:44","slug":"moc-31738-solar-farm-for-a-modular-city-creator-by-gabizon-moc-factory","status":"publish","type":"product","link":"https:\/\/mouldking.store\/it\/shop\/moc-31738-solar-farm-for-a-modular-city-creator-by-gabizon-moc-factory\/","title":{"rendered":"MOC-31738 Fattoria solare per un creatore di citt\u00e0 modulare di gabizon MOC FACTORY"},"content":{"rendered":"<p>MOC-31738 Fattoria solare per una citt\u00e0 modulare Creator di gabizon MOC FACTORY \u00e8 un set della collezione Creator, progettato da gabizon. Questo MOC 31738 viene fornito con istruzioni in PDF che \u00e8 facile da costruire e trovare i pezzi mancanti. Il set contiene 311 pezzi, pubblicato per la prima volta nel 2020.<\/p>\n<figure id=\"attachment_199282\" aria-describedby=\"caption-attachment-199282\" style=\"width: 800px\" class=\"wp-caption aligncenter\"><a href=\"https:\/\/pay.lpwstore.com\/wp-content\/uploads\/2020\/12\/MOC-31738-Solar-farm-for-a-Modular-City-Creator-by-gabizon-MOC-FACTORY.jpg\" target=\"_blank\" rel=\"noopener\"><img fetchpriority=\"high\" decoding=\"async\" class=\"wp-image-199282 size-full\" title=\"MOC-31738 Fattoria solare per un creatore di citt\u00e0 modulare di gabizon MOC FACTORY\" src=\"https:\/\/pay.lpwstore.com\/wp-content\/uploads\/2020\/12\/MOC-31738-Solar-farm-for-a-Modular-City-Creator-by-gabizon-MOC-FACTORY.jpg\" alt=\"MOC-31738 Solar farm for a Modular City Creator by gabizon MOC FACTORY\" width=\"800\" height=\"800\" \/><\/a><figcaption id=\"caption-attachment-199282\" class=\"wp-caption-text\">MOC-31738 Fattoria solare per un creatore di citt\u00e0 modulare di gabizon MOC FACTORY<\/figcaption><\/figure>","protected":false},"excerpt":{"rendered":"<ul>\n<li>Includere <strong>311+<\/strong> pz<\/li>\n<li>Istruzioni PDF online<\/li>\n<li>Blocco in ABS di alta qualit\u00e0<\/li>\n<\/ul>","protected":false},"featured_media":21947,"comment_status":"open","ping_status":"closed","template":"","meta":{"_acf_changed":false},"product_cat":[371],"product_tag":[],"class_list":["product","first","instock","shipping-taxable","purchasable","product-type-simple"],"acf":[],"_links":{"self":[{"href":"https:\/\/mouldking.store\/it\/wp-json\/wp\/v2\/product\/21948","targetHints":{"allow":["GET"]}}],"collection":[{"href":"https:\/\/mouldking.store\/it\/wp-json\/wp\/v2\/product"}],"about":[{"href":"https:\/\/mouldking.store\/it\/wp-json\/wp\/v2\/types\/product"}],"replies":[{"embeddable":true,"href":"https:\/\/mouldking.store\/it\/wp-json\/wp\/v2\/comments?post=21948"}],"wp:featuredmedia":[{"embeddable":true,"href":"https:\/\/mouldking.store\/it\/wp-json\/wp\/v2\/media\/21947"}],"wp:attachment":[{"href":"https:\/\/mouldking.store\/it\/wp-json\/wp\/v2\/media?parent=21948"}],"wp:term":[{"taxonomy":"product_cat","embeddable":true,"href":"https:\/\/mouldking.store\/it\/wp-json\/wp\/v2\/product_cat?post=21948"},{"taxonomy":"product_tag","embeddable":true,"href":"https:\/\/mouldking.store\/it\/wp-json\/wp\/v2\/product_tag?post=21948"}],"curies":[{"name":"wp","href":"https:\/\/api.w.org\/{rel}","templated":true}]}}