{"id":41139,"date":"2023-02-03T14:31:15","date_gmt":"2023-02-03T07:31:15","guid":{"rendered":"https:\/\/mouldking.store\/shop\/sembo-611042-cute-and-meaty-afro-head-pufferfish-with-131-pieces\/"},"modified":"2023-02-05T04:06:46","modified_gmt":"2023-02-04T21:06:46","slug":"sembo-611042-cute-and-meaty-afro-head-pufferfish-with-131-pieces","status":"publish","type":"product","link":"https:\/\/mouldking.store\/it\/shop\/sembo-611042-cute-and-meaty-afro-head-pufferfish-with-131-pieces\/","title":{"rendered":"SEMBO 611042 Carino e carnoso: pesce palla afro-testa con 131 pezzi"},"content":{"rendered":"<div>\u2705 SEMBO 611042 Carino e carnoso: pesce palla afro-testa<br \/>&nbsp;<br \/>\u2705Il set di blocchi da costruzione \u00e8 progettato per bambini e adulti per creare una variet\u00e0 di forme. Con la combinazione di elementi costitutivi, le persone possono realizzare tutti i tipi di animali, fiori, edifici e altro ancora. I blocchi di costruzione sono durevoli ed ecologici.<br \/>&nbsp;<br \/>\ud83d\udeabIMPORTANTE!&nbsp;<br \/>&nbsp;<br \/>Nome prodotto: carino e carnoso: pesce palla afro-testa<br \/>&nbsp;<br \/>Categoria: Creatore<br \/>&nbsp;<br \/>Questo kit contiene: SEMBO 611042<br \/>&nbsp;<br \/>131 pezzi di mattoni di buona qualit\u00e0&nbsp;<br \/>&nbsp;<br \/>Dimensioni: 7,4 \u00d7 6,4 \u00d7 6,5 cm<br \/>&nbsp;<br \/>Istruzioni manuali&nbsp;<br \/>&nbsp;<br \/>\ud83d\udcccNatura del protagonista&nbsp;<br \/>&nbsp;<br \/>Ti presentiamo la nostra orgogliosa collezione chiamata &quot;Cute and Meaty: Afro-head Pufferfish&quot; da non perdere.&nbsp;<br \/>&nbsp;<br \/>Carino e carnoso: il pesce palla afro-testa \u00e8 un set di elementi costitutivi creato da Block Florist. Questo set \u00e8 nella serie delle piante, con 131 elementi costitutivi. La prima uscita di questo set sar\u00e0 nel 2022 e include un simpatico pesce palla con un loto di pietra sulla testa.<\/div>","protected":false},"excerpt":{"rendered":"<p>Marca: SEMBO<br \/>\nGenere: unisex<br \/>\nFascia d&#039;et\u00e0:&gt; 6 anni<br \/>\nNumero modello: 611042<br \/>\nClassificazione: assemblaggio<br \/>\nForma del blocco di plastica: mattoni autobloccanti<br \/>\nMateriale: plastica<br \/>\nTipo di plastica: ABS<br \/>\nMattoni Blocchi: 131 +<br \/>\nPrevendita<\/p>","protected":false},"featured_media":41137,"comment_status":"open","ping_status":"closed","template":"","meta":{"_acf_changed":false},"product_cat":[1365,371],"product_tag":[11072,8452,11218,9698,9767],"class_list":["product","first","instock","shipping-taxable","purchasable","product-type-simple"],"acf":[],"_links":{"self":[{"href":"https:\/\/mouldking.store\/it\/wp-json\/wp\/v2\/product\/41139","targetHints":{"allow":["GET"]}}],"collection":[{"href":"https:\/\/mouldking.store\/it\/wp-json\/wp\/v2\/product"}],"about":[{"href":"https:\/\/mouldking.store\/it\/wp-json\/wp\/v2\/types\/product"}],"replies":[{"embeddable":true,"href":"https:\/\/mouldking.store\/it\/wp-json\/wp\/v2\/comments?post=41139"}],"wp:featuredmedia":[{"embeddable":true,"href":"https:\/\/mouldking.store\/it\/wp-json\/wp\/v2\/media\/41137"}],"wp:attachment":[{"href":"https:\/\/mouldking.store\/it\/wp-json\/wp\/v2\/media?parent=41139"}],"wp:term":[{"taxonomy":"product_cat","embeddable":true,"href":"https:\/\/mouldking.store\/it\/wp-json\/wp\/v2\/product_cat?post=41139"},{"taxonomy":"product_tag","embeddable":true,"href":"https:\/\/mouldking.store\/it\/wp-json\/wp\/v2\/product_tag?post=41139"}],"curies":[{"name":"wp","href":"https:\/\/api.w.org\/{rel}","templated":true}]}}