{"id":41146,"date":"2023-02-03T14:43:25","date_gmt":"2023-02-03T07:43:25","guid":{"rendered":"https:\/\/mouldking.store\/shop\/sembo-701040-jacuzzi-altered-electric-hurricane-violet-with-1317-pieces\/"},"modified":"2023-02-03T14:43:25","modified_gmt":"2023-02-03T07:43:25","slug":"sembo-701040-jacuzzi-altered-electric-hurricane-violet-with-1317-pieces","status":"publish","type":"product","link":"https:\/\/mouldking.store\/it\/shop\/sembo-701040-jacuzzi-altered-electric-hurricane-violet-with-1317-pieces\/","title":{"rendered":"SEMBO 701040 Jacuzzi: Hurricane Violet elettrico alterato con 1317 pezzi"},"content":{"rendered":"<div>\u2705 Jacuzzi SEMBO 701040: Hurricane Violet elettrico alterato<br \/>&nbsp;<br \/>\u2705Altered Electric Hurricane Violet \u00e8 un veicolo elettrico all&#039;avanguardia che combina una tecnologia avanzata con un design audace e sportivo. Con un potente motore elettrico che eroga una coppia istantanea e un&#039;accelerazione fulminea, questo veicolo \u00e8 costruito per velocit\u00e0 e prestazioni.<br \/>&nbsp;<br \/>\ud83d\udeabIMPORTANTE!&nbsp;<br \/>&nbsp;<br \/>Nome prodotto: Jacuzzi: Altered Electric Hurricane Violet<br \/>&nbsp;<br \/>Categoria: Tecnica<br \/>&nbsp;<br \/>Questo kit contiene: SEMBO 701040<br \/>&nbsp;<br \/>1317 pezzi di mattoni di buona qualit\u00e0&nbsp;<br \/>&nbsp;<br \/>Dimensioni: 35,1 \u00d7 17,5 \u00d7 9,3 cm<br \/>&nbsp;<br \/>Istruzioni manuali&nbsp;<br \/>&nbsp;<br \/>\ud83d\udcccNatura del protagonista&nbsp;<br \/>&nbsp;<br \/>Ti presentiamo la nostra orgogliosa collezione chiamata &quot;Jacuzzi: Altered Electric Hurricane Violet&quot; da non perdere.&nbsp;<br \/>&nbsp;<br \/>L&#039;esterno \u00e8 caratterizzato da un sorprendente colore viola uragano che far\u00e0 sicuramente girare la testa, mentre l&#039;interno \u00e8 dotato della tecnologia pi\u00f9 recente e di materiali di alta qualit\u00e0 per un&#039;esperienza di guida confortevole e connessa. Sia che tu stia cercando un mezzo di trasporto ecologico o semplicemente desideri fare una dichiarazione sulla strada, Altered Electric Hurricane Violet \u00e8 un veicolo davvero impressionante. Changed Electric Hurricane Violet appartiene al set di blocchi di costruzione della serie di gruppi meccanici e l&#039;intero set contiene 1317 particelle di blocchi di costruzione. Prima uscita nel 2023.<\/div>","protected":false},"excerpt":{"rendered":"<p>Marca: SEMBO<br \/>\nGenere: unisex<br \/>\nFascia d&#039;et\u00e0:&gt; 6 anni<br \/>\nNumero modello: 701040<br \/>\nClassificazione: assemblaggio<br \/>\nForma del blocco di plastica: mattoni autobloccanti<br \/>\nMateriale: plastica<br \/>\nTipo di plastica: ABS<br \/>\nBlocchi di mattoni: 1317 +<br \/>\nPrevendita<\/p>","protected":false},"featured_media":41144,"comment_status":"open","ping_status":"closed","template":"","meta":{"_acf_changed":false},"product_cat":[1360,1357,364],"product_tag":[457,9981,389,11080],"class_list":["product","first","instock","shipping-taxable","purchasable","product-type-simple"],"acf":[],"_links":{"self":[{"href":"https:\/\/mouldking.store\/it\/wp-json\/wp\/v2\/product\/41146","targetHints":{"allow":["GET"]}}],"collection":[{"href":"https:\/\/mouldking.store\/it\/wp-json\/wp\/v2\/product"}],"about":[{"href":"https:\/\/mouldking.store\/it\/wp-json\/wp\/v2\/types\/product"}],"replies":[{"embeddable":true,"href":"https:\/\/mouldking.store\/it\/wp-json\/wp\/v2\/comments?post=41146"}],"wp:featuredmedia":[{"embeddable":true,"href":"https:\/\/mouldking.store\/it\/wp-json\/wp\/v2\/media\/41144"}],"wp:attachment":[{"href":"https:\/\/mouldking.store\/it\/wp-json\/wp\/v2\/media?parent=41146"}],"wp:term":[{"taxonomy":"product_cat","embeddable":true,"href":"https:\/\/mouldking.store\/it\/wp-json\/wp\/v2\/product_cat?post=41146"},{"taxonomy":"product_tag","embeddable":true,"href":"https:\/\/mouldking.store\/it\/wp-json\/wp\/v2\/product_tag?post=41146"}],"curies":[{"name":"wp","href":"https:\/\/api.w.org\/{rel}","templated":true}]}}