{"id":41190,"date":"2023-02-06T10:14:00","date_gmt":"2023-02-06T03:14:00","guid":{"rendered":"https:\/\/mouldking.store\/shop\/loz-1051-dream-castle-with-5427-pieces\/"},"modified":"2023-02-06T10:14:00","modified_gmt":"2023-02-06T03:14:00","slug":"loz-1051-dream-castle-with-5427-pieces","status":"publish","type":"product","link":"https:\/\/mouldking.store\/it\/shop\/loz-1051-dream-castle-with-5427-pieces\/","title":{"rendered":"LOZ 1051 Castello dei sogni con 5427 pezzi"},"content":{"rendered":"<div>\u2705 LOZ 1051 Castello dei sogni<br \/>&nbsp;<br \/>\u2705Dream Castle \u00e8 uno dei set di blocchi da costruzione pi\u00f9 unici al mondo. Si compone di 5427 pezzi, con diverse forme, colori e funzioni. Il set pu\u00f2 essere combinato per creare una variet\u00e0 di scene fantasiose, tra cui una casa, un parco divertimenti o fiabe.<br \/>&nbsp;<br \/>\ud83d\udeabIMPORTANTE!&nbsp;<\/p>\n<p>Nome prodotto: Castello dei sogni<\/p>\n<p>Categoria: Creatore&nbsp;<br \/>&nbsp;<br \/>Questo kit contiene: LOZ 1051<br \/>&nbsp;<br \/>5427 pezzi di mattoni di buona qualit\u00e0&nbsp;<br \/>&nbsp;<br \/>Dimensioni: 41,5 \u00d7 23,5 \u00d7 56 cm&nbsp;<br \/>&nbsp;<br \/>Istruzioni manuali&nbsp;<br \/>&nbsp;<br \/>\ud83d\udcccNatura del protagonista&nbsp;<br \/>&nbsp;<br \/>Ti presentiamo la nostra orgogliosa collezione chiamata &quot;Dream Castle&quot; da non perdere.&nbsp;<br \/>&nbsp;<br \/>Dream Castle \u00e8 un giocattolo destinato a genitori e figli, \u00e8 un luogo dove ritrovarsi e creare la propria storia. Per il bambino \u00e8 un magico mondo di divertimento, con figure di animali e accessori. \u00c8 anche un&#039;ottima opportunit\u00e0 per l&#039;interazione genitore-figlio, occupando l&#039;attenzione del bambino per ore e ore.<\/div>","protected":false},"excerpt":{"rendered":"<p>Marca: LOZZ<br \/>\nGenere: unisex<br \/>\nFascia d&#039;et\u00e0:&gt; 6 anni<br \/>\nNumero modello: 1051<br \/>\nClassificazione: assemblaggio<br \/>\nForma del blocco di plastica: mattoni autobloccanti<br \/>\nMateriale: plastica<br \/>\nTipo di plastica: ABS<br \/>\nBlocchi di mattoni: 5427 +<br \/>\nNessuna scatola<\/p>","protected":false},"featured_media":41183,"comment_status":"open","ping_status":"closed","template":"","meta":{"_acf_changed":false},"product_cat":[1365,1395,371,390],"product_tag":[787,11072,8452,2722,392],"class_list":["product","first","instock","shipping-taxable","purchasable","product-type-simple"],"acf":[],"_links":{"self":[{"href":"https:\/\/mouldking.store\/it\/wp-json\/wp\/v2\/product\/41190","targetHints":{"allow":["GET"]}}],"collection":[{"href":"https:\/\/mouldking.store\/it\/wp-json\/wp\/v2\/product"}],"about":[{"href":"https:\/\/mouldking.store\/it\/wp-json\/wp\/v2\/types\/product"}],"replies":[{"embeddable":true,"href":"https:\/\/mouldking.store\/it\/wp-json\/wp\/v2\/comments?post=41190"}],"wp:featuredmedia":[{"embeddable":true,"href":"https:\/\/mouldking.store\/it\/wp-json\/wp\/v2\/media\/41183"}],"wp:attachment":[{"href":"https:\/\/mouldking.store\/it\/wp-json\/wp\/v2\/media?parent=41190"}],"wp:term":[{"taxonomy":"product_cat","embeddable":true,"href":"https:\/\/mouldking.store\/it\/wp-json\/wp\/v2\/product_cat?post=41190"},{"taxonomy":"product_tag","embeddable":true,"href":"https:\/\/mouldking.store\/it\/wp-json\/wp\/v2\/product_tag?post=41190"}],"curies":[{"name":"wp","href":"https:\/\/api.w.org\/{rel}","templated":true}]}}