{"id":41211,"date":"2023-02-06T11:19:32","date_gmt":"2023-02-06T04:19:32","guid":{"rendered":"https:\/\/mouldking.store\/shop\/moc-factory-46894-leopard-2-a7-mbt-with-1244-pieces\/"},"modified":"2025-12-16T22:25:22","modified_gmt":"2025-12-16T15:25:22","slug":"moc-factory-46894-leopard-2-a7-mbt-with-1244-pieces","status":"publish","type":"product","link":"https:\/\/mouldking.store\/it\/shop\/moc-factory-46894-leopard-2-a7-mbt-with-1244-pieces\/","title":{"rendered":"MOC Factory 46894 Leopard 2 A7 MBT con 1244 pezzi"},"content":{"rendered":"<div>\u2705 MOC-46894 Leopardo 2 A7 MBT<\/p>\n<p>\u2705Il Leopard 2 A7 \u00e8 un Main Battle Tank (MBT) sviluppato dalla societ\u00e0 tedesca Krauss-Maffei Wegmann (KMW). \u00c8 una versione modernizzata del Leopard 2 MBT, che \u00e8 uno dei carri armati pi\u00f9 utilizzati in Europa. Il Leopard 2 A7 \u00e8 dotato di una serie di funzionalit\u00e0 avanzate, tra cui una nuova generazione di armature, un motore pi\u00f9 potente e sistemi di controllo e comunicazione del fuoco migliorati. La versione A7 \u00e8 progettata per un&#039;elevata mobilit\u00e0, sopravvivenza e potenza di fuoco, rendendola una piattaforma efficace per la guerra moderna. Il Leopard 2 A7 \u00e8 attualmente in servizio con diversi paesi ed \u00e8 stato utilizzato in numerosi conflitti, comprese le operazioni di mantenimento della pace e di stabilizzazione.<\/p>\n<p>\ud83d\udeabIMPORTANTE!<\/p>\n<p>Nome del prodotto: Leopard 2 A7 MBT<\/p>\n<p>Categoria: Militare<\/p>\n<p>Questo kit contiene: MOC-46894<\/p>\n<p>1244 pezzi di mattoni di buona qualit\u00e0<\/p>\n<p>Peso: 1250 g<\/p>\n<p>PDF Istruzioni<\/p>\n<p>\ud83d\udcccNatura del protagonista<\/p>\n<p>Presentazione della nostra orgogliosa collezione denominata &quot;Leopard 2 A7 MBT&quot; da non perdere.<\/p>\n<p>Il prodotto \u00e8 un modello del Leopard 2 che rappresenta l&#039;ultima tecnologia MBT. Raggiunge una modellazione superiore, dettagli di alta qualit\u00e0 e il massimo realismo nel design. Il veicolo \u00e8 stato modificato molte volte per massimizzarne l&#039;aspetto, che comprende una struttura ragionevole e un edificio solido con un design unico e abbinamenti di colori per conferirgli un eccellente valore ornamentale e da collezione.<\/p><\/div>","protected":false},"excerpt":{"rendered":"<p>Marca: Fabbrica MOC<br \/>\nGenere: unisex<br \/>\nFascia d&#039;et\u00e0:&gt; 12 anni<br \/>\nNumero modello: 46894<br \/>\nClassificazione: assemblaggio<br \/>\nForma del blocco di plastica: mattoni autobloccanti<br \/>\nMateriale: plastica<br \/>\nTipo di plastica: ABS<br \/>\nBlocchi di mattoni: 1244 +<br \/>\nTempo di organizzazione: 4-8 settimane<\/p>","protected":false},"featured_media":41206,"comment_status":"open","ping_status":"closed","template":"","meta":{"_acf_changed":false},"product_cat":[1350,1357,372,364],"product_tag":[11226,2641,374,485,389],"class_list":["product","first","instock","shipping-taxable","purchasable","product-type-simple"],"acf":[],"_links":{"self":[{"href":"https:\/\/mouldking.store\/it\/wp-json\/wp\/v2\/product\/41211","targetHints":{"allow":["GET"]}}],"collection":[{"href":"https:\/\/mouldking.store\/it\/wp-json\/wp\/v2\/product"}],"about":[{"href":"https:\/\/mouldking.store\/it\/wp-json\/wp\/v2\/types\/product"}],"replies":[{"embeddable":true,"href":"https:\/\/mouldking.store\/it\/wp-json\/wp\/v2\/comments?post=41211"}],"wp:featuredmedia":[{"embeddable":true,"href":"https:\/\/mouldking.store\/it\/wp-json\/wp\/v2\/media\/41206"}],"wp:attachment":[{"href":"https:\/\/mouldking.store\/it\/wp-json\/wp\/v2\/media?parent=41211"}],"wp:term":[{"taxonomy":"product_cat","embeddable":true,"href":"https:\/\/mouldking.store\/it\/wp-json\/wp\/v2\/product_cat?post=41211"},{"taxonomy":"product_tag","embeddable":true,"href":"https:\/\/mouldking.store\/it\/wp-json\/wp\/v2\/product_tag?post=41211"}],"curies":[{"name":"wp","href":"https:\/\/api.w.org\/{rel}","templated":true}]}}