{"id":41300,"date":"2023-02-07T11:44:38","date_gmt":"2023-02-07T04:44:38","guid":{"rendered":"https:\/\/mouldking.store\/shop\/moc-factory-103088-museum-of-natural-history-with-2604-pieces\/"},"modified":"2025-12-16T22:25:21","modified_gmt":"2025-12-16T15:25:21","slug":"moc-factory-103088-museum-of-natural-history-with-2604-pieces","status":"publish","type":"product","link":"https:\/\/mouldking.store\/it\/shop\/moc-factory-103088-museum-of-natural-history-with-2604-pieces\/","title":{"rendered":"MOC Factory 103088 Museo di Storia Naturale con 2604 Pezzi"},"content":{"rendered":"<div>\u2705 MOC-103088 Museo di Storia Naturale<\/p>\n<p>\u2705 L&#039;American Museum of Natural History (AMNH) \u00e8 un&#039;istituzione scientifica e culturale di fama mondiale situata a New York City. Fondato nel 1869, \u00e8 uno dei pi\u00f9 grandi musei del suo genere al mondo, con oltre 46 sale espositive e una collezione di oltre 32 milioni di esemplari e manufatti culturali. Le collezioni e le ricerche del museo coprono una vasta gamma di argomenti, tra cui l&#039;antropologia e la biologia.<\/p>\n<p>\ud83d\udeabIMPORTANTE!<\/p>\n<p>Nome del prodotto: Museo di Storia Naturale<\/p>\n<p>Categoria: Edificio modulare<\/p>\n<p>Questo kit contiene: MOC-103088<\/p>\n<p>2604 pezzi di mattoni di buona qualit\u00e0<\/p>\n<p>Dimensioni: 38,4 x 25,6 x 36 cm<\/p>\n<p>PDF Istruzioni<\/p>\n<p>\ud83d\udcccNatura del protagonista<\/p>\n<p>Presentazione della nostra orgogliosa collezione denominata &quot;Museo di storia naturale&quot; da non perdere.<\/p>\n<p>I mattoncini del Museo di storia naturale sono il regalo perfetto per qualsiasi aspirante architetto, interior designer o operaio edile. Questi blocchi offrono ore di divertimento e intrattenimento, nonch\u00e9 valore educativo grazie al loro design di alta qualit\u00e0. Questo set include una guida per aiutarti a costruire il museo dei tuoi sogni dalla A alla Z, al fine di simulare l&#039;esperienza di vita reale della progettazione e costruzione di questo tipo di edifici.<\/p><\/div>","protected":false},"excerpt":{"rendered":"<p>Marca: Fabbrica MOC<br \/>\nGenere: unisex<br \/>\nFascia d&#039;et\u00e0:&gt; 12 anni<br \/>\nNumero modello: 103088<br \/>\nClassificazione: assemblaggio<br \/>\nForma del blocco di plastica: mattoni autobloccanti<br \/>\nMateriale: plastica<br \/>\nTipo di plastica: ABS<br \/>\nBlocchi di mattoni: 2604 +<br \/>\nTempo di organizzazione: 4-8 settimane<\/p>","protected":false},"featured_media":41296,"comment_status":"open","ping_status":"closed","template":"","meta":{"_acf_changed":false},"product_cat":[1395,390],"product_tag":[11244,4883,11243,5679,392,3244],"class_list":["product","first","instock","shipping-taxable","purchasable","product-type-simple"],"acf":[],"_links":{"self":[{"href":"https:\/\/mouldking.store\/it\/wp-json\/wp\/v2\/product\/41300","targetHints":{"allow":["GET"]}}],"collection":[{"href":"https:\/\/mouldking.store\/it\/wp-json\/wp\/v2\/product"}],"about":[{"href":"https:\/\/mouldking.store\/it\/wp-json\/wp\/v2\/types\/product"}],"replies":[{"embeddable":true,"href":"https:\/\/mouldking.store\/it\/wp-json\/wp\/v2\/comments?post=41300"}],"wp:featuredmedia":[{"embeddable":true,"href":"https:\/\/mouldking.store\/it\/wp-json\/wp\/v2\/media\/41296"}],"wp:attachment":[{"href":"https:\/\/mouldking.store\/it\/wp-json\/wp\/v2\/media?parent=41300"}],"wp:term":[{"taxonomy":"product_cat","embeddable":true,"href":"https:\/\/mouldking.store\/it\/wp-json\/wp\/v2\/product_cat?post=41300"},{"taxonomy":"product_tag","embeddable":true,"href":"https:\/\/mouldking.store\/it\/wp-json\/wp\/v2\/product_tag?post=41300"}],"curies":[{"name":"wp","href":"https:\/\/api.w.org\/{rel}","templated":true}]}}