{"id":41468,"date":"2023-02-13T09:20:49","date_gmt":"2023-02-13T02:20:49","guid":{"rendered":"https:\/\/mouldking.store\/shop\/taigaole-t5029-batmobile-sports-car-with-1828-pieces\/"},"modified":"2023-02-13T09:20:49","modified_gmt":"2023-02-13T02:20:49","slug":"taigaole-t5029-batmobile-sports-car-with-1828-pieces","status":"publish","type":"product","link":"https:\/\/mouldking.store\/it\/shop\/taigaole-t5029-batmobile-sports-car-with-1828-pieces\/","title":{"rendered":"TaiGaoLe T5029 Batmobile Auto sportiva con 1828 pezzi"},"content":{"rendered":"<div>\u2705 Auto sportiva TaiGaoLe T5029 Batmobile<\/p>\n<p>\u2705La Batmobile \u00e8 un veicolo immaginario che appare nella serie DC Comics Batman. \u00c8 spesso raffigurato come un&#039;elegante auto sportiva ad alta tecnologia progettata appositamente per il supereroe Batman. La Batmobile \u00e8 dotata di una variet\u00e0 di gadget e armi, che la rendono uno dei veicoli pi\u00f9 iconici nella storia dei fumetti. In varie rappresentazioni del personaggio, la Batmobile ha assunto diverse forme e design, che vanno da una semplice auto sportiva a un veicolo simile a un carro armato altamente avanzato. Nonostante i suoi numerosi design diversi, la Batmobile \u00e8 sempre associata a Batman e alla sua lotta contro il crimine nelle strade di Gotham City.<\/p>\n<p>\ud83d\udeabIMPORTANTE!<\/p>\n<p>Nome prodotto: auto sportiva Batmobile<\/p>\n<p>Categoria: Tecnica<\/p>\n<p>Questo kit contiene: TaiGaoLe T5029<\/p>\n<p>1828 pezzi di mattoni di buona qualit\u00e0<\/p>\n<p>Dimensioni: 53,7 \u00d7 22,9 \u00d7 16 cm<\/p>\n<p>Istruzioni manuali<\/p>\n<p>\ud83d\udcccNatura del protagonista<\/p>\n<p>Presentazione della nostra orgogliosa collezione denominata &quot;Batmobile Sports Car&quot; da non perdere.<\/p>\n<p>La Batmobile \u00e8 un veicolo progettato per servire come trasporto personale di Batman. \u00c8 dotato di numerosi gadget e funzionalit\u00e0 specializzate, inclusa la capacit\u00e0 di volare. Questo set di mattoncini contiene 1828 mattoncini realizzati in plastica ABS e viene fornito con un libro pieno di istruzioni per la costruzione<\/p><\/div>","protected":false},"excerpt":{"rendered":"<p>Marca: TaiGaoLe<br \/>\nGenere: unisex<br \/>\nFascia d&#039;et\u00e0:&gt; 8 anni<br \/>\nNumero modello: T5029<br \/>\nClassificazione: assemblaggio<br \/>\nForma del blocco di plastica: mattoni autobloccanti<br \/>\nMateriale: plastica<br \/>\nTipo di plastica: ABS<br \/>\nBlocchi di mattoni: 1828 +<br \/>\nNessuna scatola<\/p>","protected":false},"featured_media":41463,"comment_status":"open","ping_status":"closed","template":"","meta":{"_acf_changed":false},"product_cat":[1360,1357,364],"product_tag":[11268,457,11150,389,11080],"class_list":["product","first","instock","shipping-taxable","purchasable","product-type-simple"],"acf":[],"_links":{"self":[{"href":"https:\/\/mouldking.store\/it\/wp-json\/wp\/v2\/product\/41468","targetHints":{"allow":["GET"]}}],"collection":[{"href":"https:\/\/mouldking.store\/it\/wp-json\/wp\/v2\/product"}],"about":[{"href":"https:\/\/mouldking.store\/it\/wp-json\/wp\/v2\/types\/product"}],"replies":[{"embeddable":true,"href":"https:\/\/mouldking.store\/it\/wp-json\/wp\/v2\/comments?post=41468"}],"wp:featuredmedia":[{"embeddable":true,"href":"https:\/\/mouldking.store\/it\/wp-json\/wp\/v2\/media\/41463"}],"wp:attachment":[{"href":"https:\/\/mouldking.store\/it\/wp-json\/wp\/v2\/media?parent=41468"}],"wp:term":[{"taxonomy":"product_cat","embeddable":true,"href":"https:\/\/mouldking.store\/it\/wp-json\/wp\/v2\/product_cat?post=41468"},{"taxonomy":"product_tag","embeddable":true,"href":"https:\/\/mouldking.store\/it\/wp-json\/wp\/v2\/product_tag?post=41468"}],"curies":[{"name":"wp","href":"https:\/\/api.w.org\/{rel}","templated":true}]}}