{"id":41486,"date":"2023-02-13T09:50:43","date_gmt":"2023-02-13T02:50:43","guid":{"rendered":"https:\/\/mouldking.store\/shop\/loz-1072-sichuan-style-hot-pot-with-4344-pieces\/"},"modified":"2023-02-13T09:50:43","modified_gmt":"2023-02-13T02:50:43","slug":"loz-1072-sichuan-style-hot-pot-with-4344-pieces","status":"publish","type":"product","link":"https:\/\/mouldking.store\/it\/shop\/loz-1072-sichuan-style-hot-pot-with-4344-pieces\/","title":{"rendered":"LOZ 1072 Pentola calda in stile Sichuan con 4344 pezzi"},"content":{"rendered":"<div>\u2705 Pentola calda in stile Sichuan LOZ 1072<\/p>\n<p>\u2705 La pentola calda in stile Sichuan \u00e8 un tipo di pentola calda originaria della provincia cinese del Sichuan. \u00c8 un tipo di pasto comune in cui i commensali cucinano una variet\u00e0 di ingredienti crudi in una pentola bollente di brodo saporito posta al centro del tavolo. Il brodo per la pentola calda in stile Sichuan \u00e8 tipicamente speziato e aromatico, realizzato con una miscela di spezie e condimenti, tra cui grani di pepe del Sichuan, zenzero, aglio e peperoncino.<\/p>\n<p>\ud83d\udeabIMPORTANTE!<\/p>\n<p>Nome del prodotto: pentola calda in stile Sichuan<\/p>\n<p>Categoria: Creatore<\/p>\n<p>Questo kit contiene: LOZ 1072<\/p>\n<p>4344 pezzi di mattoni di buona qualit\u00e0<\/p>\n<p>Istruzioni manuali<\/p>\n<p>\ud83d\udcccNatura del protagonista<\/p>\n<p>Ti presentiamo la nostra orgogliosa collezione chiamata &quot;Sichuan Style Hot Pot&quot; da non perdere.<\/p>\n<p>In un piatto caldo in stile Sichuan, i commensali selezionano ingredienti crudi come carne (come manzo, agnello o pollo), frutti di mare, verdure e noodles e li cucinano nel brodo al tavolo. Una volta che gli ingredienti sono cotti, vengono generalmente serviti con salse e condimenti, come salsa di soia, aceto e olio di peperoncino, per aggiungere ancora pi\u00f9 sapore al pasto. Blocchi di costruzione per pentole calde al gusto di Sichuan Shiwan presenta 4344 diversi blocchi di costruzione che ti permetteranno di creare una variet\u00e0 di piatti da cucina. Non importa quali siano le tue preferenze, questo fantastico set ha qualcosa per tutti.<\/p><\/div>","protected":false},"excerpt":{"rendered":"<p>Marca: LOZZ<br \/>\nGenere: unisex<br \/>\nFascia d&#039;et\u00e0:&gt; 6 anni<br \/>\nNumero modello: 1072<br \/>\nClassificazione: assemblaggio<br \/>\nForma del blocco di plastica: mattoni autobloccanti<br \/>\nMateriale: plastica<br \/>\nTipo di plastica: ABS<br \/>\nBlocchi di mattoni: 4344 +<br \/>\nNessuna scatola<\/p>","protected":false},"featured_media":41480,"comment_status":"open","ping_status":"closed","template":"","meta":{"_acf_changed":false},"product_cat":[1365,371],"product_tag":[11072,8452,5448,11272],"class_list":["product","first","instock","shipping-taxable","purchasable","product-type-simple"],"acf":[],"_links":{"self":[{"href":"https:\/\/mouldking.store\/it\/wp-json\/wp\/v2\/product\/41486","targetHints":{"allow":["GET"]}}],"collection":[{"href":"https:\/\/mouldking.store\/it\/wp-json\/wp\/v2\/product"}],"about":[{"href":"https:\/\/mouldking.store\/it\/wp-json\/wp\/v2\/types\/product"}],"replies":[{"embeddable":true,"href":"https:\/\/mouldking.store\/it\/wp-json\/wp\/v2\/comments?post=41486"}],"wp:featuredmedia":[{"embeddable":true,"href":"https:\/\/mouldking.store\/it\/wp-json\/wp\/v2\/media\/41480"}],"wp:attachment":[{"href":"https:\/\/mouldking.store\/it\/wp-json\/wp\/v2\/media?parent=41486"}],"wp:term":[{"taxonomy":"product_cat","embeddable":true,"href":"https:\/\/mouldking.store\/it\/wp-json\/wp\/v2\/product_cat?post=41486"},{"taxonomy":"product_tag","embeddable":true,"href":"https:\/\/mouldking.store\/it\/wp-json\/wp\/v2\/product_tag?post=41486"}],"curies":[{"name":"wp","href":"https:\/\/api.w.org\/{rel}","templated":true}]}}