{"id":41499,"date":"2023-02-13T10:37:24","date_gmt":"2023-02-13T03:37:24","guid":{"rendered":"https:\/\/mouldking.store\/shop\/cada-c61503-mercedes-benz-amg-one-with-3290-pieces\/"},"modified":"2024-01-16T15:46:19","modified_gmt":"2024-01-16T08:46:19","slug":"cada-c61503-mercedes-benz-amg-one-with-3290-pieces","status":"publish","type":"product","link":"https:\/\/mouldking.store\/it\/shop\/cada-c61503-mercedes-benz-amg-one-with-3290-pieces\/","title":{"rendered":"CaDa C61503 Mercedes-Benz AMG ONE con 3290 pezzi"},"content":{"rendered":"<div>\u2705 CaDA C61503 Mercedes-Benz AMG ONE<\/p>\n<p>\u2705La Mercedes-Benz AMG ONE \u00e8 una hypercar in edizione limitata prodotta da Mercedes-AMG, la divisione ad alte prestazioni di Mercedes-Benz. \u00c8 stato introdotto per la prima volta nel 2018 ed \u00e8 alimentato da un propulsore ibrido che combina un motore a combustione interna turbocompresso con quattro motori elettrici, producendo una potenza totale di oltre 1.000 cavalli.<\/p>\n<p>\ud83d\udeabIMPORTANTE!<\/p>\n<p>Nome prodotto: Mercedes-Benz AMG ONE<\/p>\n<p>Categoria: Tecnica<\/p>\n<p>Questo kit contiene: CaDA C61503<\/p>\n<p>3290 pezzi di mattoni di buona qualit\u00e0<\/p>\n<p>Istruzioni manuali<\/p>\n<p>\ud83d\udcccNatura del protagonista<\/p>\n<p>Presentazione della nostra orgogliosa collezione denominata &quot;Mercedes-Benz AMG ONE&quot; da non perdere.<\/p>\n<p>Mercedes-Benz ha creato un giocattolo completamente nuovo per tutti gli appassionati di auto, con Mercedes-AMG ONE. Questo set contiene 3290 particelle di blocchi da costruzione e pu\u00f2 essere acquistato traslucido o nero. La prima versione della Mercedes-AMG ONE sar\u00e0 nel 2023. L&#039;AMG ONE \u00e8 progettato per la guida in pista, con aerodinamica avanzata e costruzione leggera per offrire prestazioni elevate e agilit\u00e0. L&#039;auto \u00e8 dotata di caratteristiche tecnologiche avanzate come un sistema di sospensioni avanzato e sistemi avanzati di controllo della stabilit\u00e0, insieme a caratteristiche come una monoscocca in fibra di carbonio, sospensioni pushrod e aerodinamica attiva. Con solo 275 unit\u00e0 previste per la produzione, la Mercedes-Benz AMG ONE \u00e8 un&#039;auto altamente esclusiva e ricercata.<\/p><\/div>","protected":false},"excerpt":{"rendered":"<p>Marca: CaDa<br \/>\nGenere: unisex<br \/>\nFascia d&#039;et\u00e0:&gt; 14 anni<br \/>\nNumero modello: C61503<br \/>\nClassificazione: assemblaggio<br \/>\nForma del blocco di plastica: mattoni autobloccanti<br \/>\nMateriale: plastica<br \/>\nTipo di plastica: ABS<br \/>\nBlocchi di mattoni: 3290 +<br \/>\nIts production materials are very special. The tires and wheels are customized by Michelin, and authorization from Mercedes<\/p>","protected":false},"featured_media":41496,"comment_status":"open","ping_status":"closed","template":"","meta":{"_acf_changed":false},"product_cat":[1360,1357,364],"product_tag":[1456,457,4983,11275,1413,389,11080],"class_list":["product","first","outofstock","shipping-taxable","purchasable","product-type-simple"],"acf":[],"_links":{"self":[{"href":"https:\/\/mouldking.store\/it\/wp-json\/wp\/v2\/product\/41499","targetHints":{"allow":["GET"]}}],"collection":[{"href":"https:\/\/mouldking.store\/it\/wp-json\/wp\/v2\/product"}],"about":[{"href":"https:\/\/mouldking.store\/it\/wp-json\/wp\/v2\/types\/product"}],"replies":[{"embeddable":true,"href":"https:\/\/mouldking.store\/it\/wp-json\/wp\/v2\/comments?post=41499"}],"wp:featuredmedia":[{"embeddable":true,"href":"https:\/\/mouldking.store\/it\/wp-json\/wp\/v2\/media\/41496"}],"wp:attachment":[{"href":"https:\/\/mouldking.store\/it\/wp-json\/wp\/v2\/media?parent=41499"}],"wp:term":[{"taxonomy":"product_cat","embeddable":true,"href":"https:\/\/mouldking.store\/it\/wp-json\/wp\/v2\/product_cat?post=41499"},{"taxonomy":"product_tag","embeddable":true,"href":"https:\/\/mouldking.store\/it\/wp-json\/wp\/v2\/product_tag?post=41499"}],"curies":[{"name":"wp","href":"https:\/\/api.w.org\/{rel}","templated":true}]}}