{"id":41547,"date":"2023-02-15T10:33:12","date_gmt":"2023-02-15T03:33:12","guid":{"rendered":"https:\/\/mouldking.store\/shop\/moc-factory-89481-goose-goose-duck-werewolf-with-202-pieces\/"},"modified":"2025-12-16T22:25:18","modified_gmt":"2025-12-16T15:25:18","slug":"moc-factory-89481-goose-goose-duck-werewolf-with-202-pieces","status":"publish","type":"product","link":"https:\/\/mouldking.store\/it\/shop\/moc-factory-89481-goose-goose-duck-werewolf-with-202-pieces\/","title":{"rendered":"MOC Factory 89481 Oca Oca Anatra Lupo Mannaro con 202 Pezzi"},"content":{"rendered":"<div>\u2705 MOC-89481 Oca Oca Anatra Lupo Mannaro<\/p>\n<p>\u2705&quot;Goose Goose Duck&quot; \u00e8 un videogioco online multiplayer che viene spesso paragonato al popolare gioco &quot;Among Us&quot;. I giocatori assumono il ruolo di compagni di equipaggio su un&#039;astronave e devono completare vari compiti identificando ed eliminando anche eventuali impostori a bordo.<\/p>\n<p>\ud83d\udeabIMPORTANTE!<\/p>\n<p>Nome prodotto: oca oca anatra lupo mannaro<\/p>\n<p>Categoria: Creatore<\/p>\n<p>Questo kit contiene: MOC-89481<\/p>\n<p>202 pezzi di mattoni di buona qualit\u00e0<\/p>\n<p>Dimensioni: 4 x 3,7 x 5,9 cm<\/p>\n<p>Peso: 0,07 kg<\/p>\n<p>PDF Istruzioni<\/p>\n<p>\ud83d\udcccNatura del protagonista<\/p>\n<p>Presentazione della nostra orgogliosa collezione chiamata &quot;Goose Goose Duck Werewolf&quot; da non perdere.<\/p>\n<p>Il lupo mannaro \u00e8 un tipo di &quot;impostore&quot; che ha la capacit\u00e0 di trasformarsi in una forma pi\u00f9 potente ed eliminare altri giocatori, mentre gli altri giocatori devono lavorare insieme per identificare ed eliminare il lupo mannaro. Il gameplay di Goose Goose Duck coinvolge i giocatori che si muovono intorno all&#039;astronave e svolgono compiti, che possono includere la riparazione di attrezzature, la deviazione di energia o la pulizia. Tuttavia, ci sono uno o pi\u00f9 impostori tra l&#039;equipaggio che stanno cercando di sabotare la missione ed eliminare gli altri giocatori. Gli impostori possono muoversi sulla nave senza essere scoperti, ma devono stare attenti a non destare sospetti agendo in modo sospetto o facendosi vedere in posti dove non dovrebbero essere.<\/p><\/div>","protected":false},"excerpt":{"rendered":"<p>Marca: Fabbrica MOC<br \/>\nGenere: unisex<br \/>\nFascia d&#039;et\u00e0:&gt; 6 anni<br \/>\nNumero modello: 89481<br \/>\nClassificazione: assemblaggio<br \/>\nForma del blocco di plastica: mattoni autobloccanti<br \/>\nMateriale: plastica<br \/>\nTipo di plastica: ABS<br \/>\nBlocchi di mattoni: 202 +<br \/>\nNessuna scatola<\/p>","protected":false},"featured_media":41541,"comment_status":"open","ping_status":"closed","template":"","meta":{"_acf_changed":false},"product_cat":[1365,371,581,1408],"product_tag":[11072,8452,11282,9139,11281,434,11283],"class_list":["product","first","instock","shipping-taxable","purchasable","product-type-simple"],"acf":[],"_links":{"self":[{"href":"https:\/\/mouldking.store\/it\/wp-json\/wp\/v2\/product\/41547","targetHints":{"allow":["GET"]}}],"collection":[{"href":"https:\/\/mouldking.store\/it\/wp-json\/wp\/v2\/product"}],"about":[{"href":"https:\/\/mouldking.store\/it\/wp-json\/wp\/v2\/types\/product"}],"replies":[{"embeddable":true,"href":"https:\/\/mouldking.store\/it\/wp-json\/wp\/v2\/comments?post=41547"}],"wp:featuredmedia":[{"embeddable":true,"href":"https:\/\/mouldking.store\/it\/wp-json\/wp\/v2\/media\/41541"}],"wp:attachment":[{"href":"https:\/\/mouldking.store\/it\/wp-json\/wp\/v2\/media?parent=41547"}],"wp:term":[{"taxonomy":"product_cat","embeddable":true,"href":"https:\/\/mouldking.store\/it\/wp-json\/wp\/v2\/product_cat?post=41547"},{"taxonomy":"product_tag","embeddable":true,"href":"https:\/\/mouldking.store\/it\/wp-json\/wp\/v2\/product_tag?post=41547"}],"curies":[{"name":"wp","href":"https:\/\/api.w.org\/{rel}","templated":true}]}}