{"id":41641,"date":"2023-02-15T12:05:39","date_gmt":"2023-02-15T05:05:39","guid":{"rendered":"https:\/\/mouldking.store\/shop\/moc-factory-89477-bendy-boris-the-wolf-with-535-pieces\/"},"modified":"2025-12-16T22:25:18","modified_gmt":"2025-12-16T15:25:18","slug":"moc-factory-89477-bendy-boris-the-wolf-with-535-pieces","status":"publish","type":"product","link":"https:\/\/mouldking.store\/it\/shop\/moc-factory-89477-bendy-boris-the-wolf-with-535-pieces\/","title":{"rendered":"MOC Factory 89477 Bendy Boris il lupo con 535 pezzi"},"content":{"rendered":"<div>\u2705 MOC-89477 Bendy Boris il Lupo<\/p>\n<p>\u2705Bendy Boris the Wolf \u00e8 un personaggio del videogioco &quot;Bendy and the Ink Machine&quot;. \u00c8 un lupo dei cartoni animati che lavora come aiutante del personaggio titolare del gioco, Bendy. Boris \u00e8 raffigurato come un personaggio amichevole e leale con un comportamento giocoso, ed \u00e8 spesso visto aiutare il personaggio del giocatore a navigare attraverso i vari livelli del gioco.<\/p>\n<p>\ud83d\udeabIMPORTANTE!<\/p>\n<p>Nome prodotto: Bendy Boris il lupo<\/p>\n<p>Categoria: Creatore<\/p>\n<p>Questo kit contiene: MOC-89477<\/p>\n<p>535 pezzi di mattoni di buona qualit\u00e0<\/p>\n<p>Dimensioni: 20,2 x 12 x 34,3 cm<\/p>\n<p>Peso: 0,36 kg<\/p>\n<p>PDF Istruzioni<\/p>\n<p>\ud83d\udcccNatura del protagonista<\/p>\n<p>Presentazione della nostra orgogliosa collezione chiamata &quot;Bendy Boris the Wolf&quot; da non perdere.<\/p>\n<p>Nel gioco, il personaggio di Bendy Boris \u00e8 spesso ritratto come una vittima della malvagia Ink Machine, che ha trasformato molti degli altri personaggi del gioco in creature da incubo. Nonostante ci\u00f2, rimane fermo nella sua lealt\u00e0 al personaggio del giocatore ed \u00e8 un personaggio amato da molti fan del gioco.<\/p><\/div>","protected":false},"excerpt":{"rendered":"<p>Marca: Fabbrica MOC<br \/>\nGenere: unisex<br \/>\nFascia d&#039;et\u00e0:&gt; 8 anni<br \/>\nNumero modello: 89477<br \/>\nClassificazione: assemblaggio<br \/>\nForma del blocco di plastica: mattoni autobloccanti<br \/>\nMateriale: plastica<br \/>\nTipo di plastica: ABS<br \/>\nBlocchi di mattoni: 535 +<br \/>\nNessuna scatola<\/p>","protected":false},"featured_media":41633,"comment_status":"open","ping_status":"closed","template":"","meta":{"_acf_changed":false},"product_cat":[1365,371],"product_tag":[11300,11072,8452,9139,10010],"class_list":["product","first","instock","shipping-taxable","purchasable","product-type-simple"],"acf":[],"_links":{"self":[{"href":"https:\/\/mouldking.store\/it\/wp-json\/wp\/v2\/product\/41641","targetHints":{"allow":["GET"]}}],"collection":[{"href":"https:\/\/mouldking.store\/it\/wp-json\/wp\/v2\/product"}],"about":[{"href":"https:\/\/mouldking.store\/it\/wp-json\/wp\/v2\/types\/product"}],"replies":[{"embeddable":true,"href":"https:\/\/mouldking.store\/it\/wp-json\/wp\/v2\/comments?post=41641"}],"wp:featuredmedia":[{"embeddable":true,"href":"https:\/\/mouldking.store\/it\/wp-json\/wp\/v2\/media\/41633"}],"wp:attachment":[{"href":"https:\/\/mouldking.store\/it\/wp-json\/wp\/v2\/media?parent=41641"}],"wp:term":[{"taxonomy":"product_cat","embeddable":true,"href":"https:\/\/mouldking.store\/it\/wp-json\/wp\/v2\/product_cat?post=41641"},{"taxonomy":"product_tag","embeddable":true,"href":"https:\/\/mouldking.store\/it\/wp-json\/wp\/v2\/product_tag?post=41641"}],"curies":[{"name":"wp","href":"https:\/\/api.w.org\/{rel}","templated":true}]}}