{"id":41717,"date":"2023-02-15T15:08:45","date_gmt":"2023-02-15T08:08:45","guid":{"rendered":"https:\/\/mouldking.store\/shop\/custom-6201-super-heros-iron-hero-mechanical-iron-man-with-1385-pieces\/"},"modified":"2023-02-15T15:08:45","modified_gmt":"2023-02-15T08:08:45","slug":"custom-6201-super-heros-iron-hero-mechanical-iron-man-with-1385-pieces","status":"publish","type":"product","link":"https:\/\/mouldking.store\/it\/shop\/custom-6201-super-heros-iron-hero-mechanical-iron-man-with-1385-pieces\/","title":{"rendered":"Personalizzato 6201 Super Heros Iron Hero Mechanical Iron Man con 1385 pezzi"},"content":{"rendered":"<div>\u2705 Personalizzato 6201 Super Heros Iron Hero Mechanical Iron Man<\/p>\n<p>\u2705Iron Man \u00e8 un personaggio che indossa un&#039;armatura ad alta tecnologia che ne aumenta la forza, la velocit\u00e0 e la durata. La tuta \u00e8 alimentata da un reattore ad arco progettato da Stark e include una serie di armi e strumenti che consentono a Iron Man di volare e combattere il crimine.<\/p>\n<p>\ud83d\udeabIMPORTANTE!<\/p>\n<p>Nome del prodotto: Super Heros Iron Hero Mechanical Iron Man<\/p>\n<p>Categoria: film<\/p>\n<p>Questo kit contiene: Custom 6201<\/p>\n<p>1385 pezzi di mattoni di buona qualit\u00e0<\/p>\n<p>Dimensioni: 24 x 11 x 41 cm<\/p>\n<p>Istruzioni manuali<\/p>\n<p>\ud83d\udcccNatura del protagonista<\/p>\n<p>Presentazione della nostra orgogliosa collezione denominata &quot;Super Heros Iron Hero Mechanical Iron Man&quot; da non perdere.<\/p>\n<p>Durante le sue numerose apparizioni in fumetti, film e altri media, Iron Man ha affrontato una vasta gamma di cattivi e sfide, inclusi altri esseri superpotenti e minacce globali per l&#039;umanit\u00e0. \u00c8 noto per la sua arguzia, la sua mente strategica e i suoi gadget high-tech, ed \u00e8 spesso considerato uno dei personaggi pi\u00f9 iconici e amati dell&#039;Universo Marvel.<\/p><\/div>","protected":false},"excerpt":{"rendered":"<p>Marca: personalizzata<br \/>\nGenere: unisex<br \/>\nFascia d&#039;et\u00e0:&gt; 8 anni<br \/>\nNumero modello: 6201<br \/>\nClassificazione: assemblaggio<br \/>\nForma del blocco di plastica: mattoni autobloccanti<br \/>\nMateriale: plastica<br \/>\nTipo di plastica: ABS<br \/>\nBlocchi di mattoni: 1385 +<br \/>\nNessuna scatola<\/p>","protected":false},"featured_media":41714,"comment_status":"open","ping_status":"closed","template":"","meta":{"_acf_changed":false},"product_cat":[1365,581,1408],"product_tag":[8452,1856,434,2462],"class_list":["product","first","instock","shipping-taxable","purchasable","product-type-simple"],"acf":[],"_links":{"self":[{"href":"https:\/\/mouldking.store\/it\/wp-json\/wp\/v2\/product\/41717","targetHints":{"allow":["GET"]}}],"collection":[{"href":"https:\/\/mouldking.store\/it\/wp-json\/wp\/v2\/product"}],"about":[{"href":"https:\/\/mouldking.store\/it\/wp-json\/wp\/v2\/types\/product"}],"replies":[{"embeddable":true,"href":"https:\/\/mouldking.store\/it\/wp-json\/wp\/v2\/comments?post=41717"}],"wp:featuredmedia":[{"embeddable":true,"href":"https:\/\/mouldking.store\/it\/wp-json\/wp\/v2\/media\/41714"}],"wp:attachment":[{"href":"https:\/\/mouldking.store\/it\/wp-json\/wp\/v2\/media?parent=41717"}],"wp:term":[{"taxonomy":"product_cat","embeddable":true,"href":"https:\/\/mouldking.store\/it\/wp-json\/wp\/v2\/product_cat?post=41717"},{"taxonomy":"product_tag","embeddable":true,"href":"https:\/\/mouldking.store\/it\/wp-json\/wp\/v2\/product_tag?post=41717"}],"curies":[{"name":"wp","href":"https:\/\/api.w.org\/{rel}","templated":true}]}}