{"id":41723,"date":"2023-02-15T15:13:59","date_gmt":"2023-02-15T08:13:59","guid":{"rendered":"https:\/\/mouldking.store\/shop\/sembo-601075-cherry-blossom-season-cherry-tree-with-647-pieces\/"},"modified":"2023-02-15T15:13:59","modified_gmt":"2023-02-15T08:13:59","slug":"sembo-601075-cherry-blossom-season-cherry-tree-with-647-pieces","status":"publish","type":"product","link":"https:\/\/mouldking.store\/it\/shop\/sembo-601075-cherry-blossom-season-cherry-tree-with-647-pieces\/","title":{"rendered":"SEMBO 601075 Cherry Blossom Season Ciliegio con 647 pezzi"},"content":{"rendered":"<div>\u2705 SEMBO 601075 Cherry Blossom Season Ciliegio<\/p>\n<p>\u2705Un albero di ciliegio \u00e8 un tipo di albero da fiore che \u00e8 pi\u00f9 comunemente associato al Giappone, ma si pu\u00f2 trovare anche in altre parti del mondo. L&#039;albero produce bellissimi fiori rosa o bianchi che sbocciano in primavera, creando uno straordinario spettacolo di colori.<\/p>\n<p>\ud83d\udeabIMPORTANTE!<\/p>\n<p>Nome del prodotto: Ciliegio della stagione dei fiori di ciliegio<\/p>\n<p>Categoria: Creatore<\/p>\n<p>Questo kit contiene: SEMBO 601075<\/p>\n<p>647 pezzi di mattoni di buona qualit\u00e0<\/p>\n<p>Dimensioni: 38 x 14 x 14 cm<\/p>\n<p>Istruzioni manuali<\/p>\n<p>\ud83d\udcccNatura del protagonista<\/p>\n<p>Ti presentiamo la nostra orgogliosa collezione chiamata &quot;Cherry Blossom Season Cherry Tree&quot; da non perdere.<\/p>\n<p>I ciliegi in fiore sono un simbolo di rinnovamento e bellezza della natura, e sono spesso celebrati in Giappone e in altre culture come segno dell&#039;arrivo della primavera. La fioritura annuale dei fiori di ciliegio \u00e8 un evento molto atteso e le persone spesso si riuniscono per fare picnic, scattare foto e semplicemente godersi la bellezza degli alberi in fiore.<\/p><\/div>","protected":false},"excerpt":{"rendered":"<p>Marca: SEMBO<br \/>\nGenere: unisex<br \/>\nFascia d&#039;et\u00e0:&gt; 6 anni<br \/>\nNumero modello: 601075<br \/>\nClassificazione: assemblaggio<br \/>\nForma del blocco di plastica: mattoni autobloccanti<br \/>\nMateriale: plastica<br \/>\nTipo di plastica: ABS<br \/>\nMattoni Blocchi: 647 +<br \/>\nNessuna scatola<\/p>","protected":false},"featured_media":41718,"comment_status":"open","ping_status":"closed","template":"","meta":{"_acf_changed":false},"product_cat":[1365,371],"product_tag":[7155,11310,11309,11072,8452,5983],"class_list":["product","first","instock","shipping-taxable","purchasable","product-type-simple"],"acf":[],"_links":{"self":[{"href":"https:\/\/mouldking.store\/it\/wp-json\/wp\/v2\/product\/41723","targetHints":{"allow":["GET"]}}],"collection":[{"href":"https:\/\/mouldking.store\/it\/wp-json\/wp\/v2\/product"}],"about":[{"href":"https:\/\/mouldking.store\/it\/wp-json\/wp\/v2\/types\/product"}],"replies":[{"embeddable":true,"href":"https:\/\/mouldking.store\/it\/wp-json\/wp\/v2\/comments?post=41723"}],"wp:featuredmedia":[{"embeddable":true,"href":"https:\/\/mouldking.store\/it\/wp-json\/wp\/v2\/media\/41718"}],"wp:attachment":[{"href":"https:\/\/mouldking.store\/it\/wp-json\/wp\/v2\/media?parent=41723"}],"wp:term":[{"taxonomy":"product_cat","embeddable":true,"href":"https:\/\/mouldking.store\/it\/wp-json\/wp\/v2\/product_cat?post=41723"},{"taxonomy":"product_tag","embeddable":true,"href":"https:\/\/mouldking.store\/it\/wp-json\/wp\/v2\/product_tag?post=41723"}],"curies":[{"name":"wp","href":"https:\/\/api.w.org\/{rel}","templated":true}]}}