{"id":41790,"date":"2023-02-16T11:50:13","date_gmt":"2023-02-16T04:50:13","guid":{"rendered":"https:\/\/mouldking.store\/shop\/mould-king-12022-world-railways-alligator-electric-locomotive-with-919-pieces\/"},"modified":"2023-02-16T11:50:13","modified_gmt":"2023-02-16T04:50:13","slug":"mould-king-12022-world-railways-alligator-electric-locomotive-with-919-pieces","status":"publish","type":"product","link":"https:\/\/mouldking.store\/it\/shop\/mould-king-12022-world-railways-alligator-electric-locomotive-with-919-pieces\/","title":{"rendered":"MOLD KING 12022 World Railways: Locomotiva elettrica Alligator con 919 pezzi"},"content":{"rendered":"<div>\u2705MouldKing 12022 World Railways: locomotiva elettrica alligatore<\/p>\n<p>\u2705La locomotiva elettrica Alligator \u00e8 un tipo di locomotiva elettrica utilizzata su varie ferrovie in tutto il mondo. La locomotiva deve il suo nome al suo aspetto distintivo, che presenta un corpo lungo e stretto e una serie di sezioni incernierate che ricordano la parte posteriore di un alligatore.<\/p>\n<p>\ud83d\udeabIMPORTANTE!<\/p>\n<p>Nome prodotto: World Railways: locomotiva elettrica alligatore<\/p>\n<p>Categoria: Tecnica<\/p>\n<p>Questo kit contiene: MouldKing 12022<\/p>\n<p>919 pezzi di mattoni di buona qualit\u00e0<\/p>\n<p>Dimensioni: 48 \u00d7 5,9 \u00d7 13,9 cm<\/p>\n<p>Istruzioni manuali<\/p>\n<p>\ud83d\udcccNatura del protagonista<\/p>\n<p>Presentazione della nostra orgogliosa collezione denominata &quot;World Railways: Alligator Electric Locomotive&quot; da non perdere.<\/p>\n<p>La locomotiva elettrica Alligator \u00e8 stata introdotta per la prima volta all&#039;inizio del XX secolo ed \u00e8 stata utilizzata principalmente per il trasporto merci. \u00c8 stato progettato per essere potente ed efficiente, con la capacit\u00e0 di trasportare carichi pesanti su lunghe distanze. La locomotiva era alimentata da un motore elettrico, che traeva energia dalle linee elettriche aeree o da una batteria di bordo. Il design della locomotiva le ha permesso di operare in un&#039;ampia gamma di ambienti, comprese pendenze ripide e curve strette.<\/p><\/div>","protected":false},"excerpt":{"rendered":"<p>Marca: STAMPO KING<br \/>\nGenere: unisex<br \/>\nFascia d&#039;et\u00e0:&gt; 8 anni<br \/>\nNumero modello: 12022<br \/>\nClassificazione: assemblaggio<br \/>\nForma del blocco di plastica: mattoni autobloccanti<br \/>\nMateriale: plastica<br \/>\nTipo di plastica: ABS<br \/>\nBlocchi di mattoni: 919 +<br \/>\nPrevendita<\/p>","protected":false},"featured_media":41789,"comment_status":"open","ping_status":"closed","template":"","meta":{"_acf_changed":false},"product_cat":[1357,364],"product_tag":[11330,9981,2635,389,11080,8802],"class_list":["product","first","instock","shipping-taxable","purchasable","product-type-simple"],"acf":[],"_links":{"self":[{"href":"https:\/\/mouldking.store\/it\/wp-json\/wp\/v2\/product\/41790","targetHints":{"allow":["GET"]}}],"collection":[{"href":"https:\/\/mouldking.store\/it\/wp-json\/wp\/v2\/product"}],"about":[{"href":"https:\/\/mouldking.store\/it\/wp-json\/wp\/v2\/types\/product"}],"replies":[{"embeddable":true,"href":"https:\/\/mouldking.store\/it\/wp-json\/wp\/v2\/comments?post=41790"}],"wp:featuredmedia":[{"embeddable":true,"href":"https:\/\/mouldking.store\/it\/wp-json\/wp\/v2\/media\/41789"}],"wp:attachment":[{"href":"https:\/\/mouldking.store\/it\/wp-json\/wp\/v2\/media?parent=41790"}],"wp:term":[{"taxonomy":"product_cat","embeddable":true,"href":"https:\/\/mouldking.store\/it\/wp-json\/wp\/v2\/product_cat?post=41790"},{"taxonomy":"product_tag","embeddable":true,"href":"https:\/\/mouldking.store\/it\/wp-json\/wp\/v2\/product_tag?post=41790"}],"curies":[{"name":"wp","href":"https:\/\/api.w.org\/{rel}","templated":true}]}}