{"id":41865,"date":"2023-02-20T12:34:14","date_gmt":"2023-02-20T05:34:14","guid":{"rendered":"https:\/\/mouldking.store\/shop\/moc-factory-79958-crosshair-helmet-collection-with-111-pieces\/"},"modified":"2025-12-16T22:25:17","modified_gmt":"2025-12-16T15:25:17","slug":"moc-factory-79958-crosshair-helmet-collection-with-111-pieces","status":"publish","type":"product","link":"https:\/\/mouldking.store\/it\/shop\/moc-factory-79958-crosshair-helmet-collection-with-111-pieces\/","title":{"rendered":"MOC Factory 79958 Crosshair (Collezione Casco) con 111 Pezzi"},"content":{"rendered":"<div>\u2705 MOC 79958 Crosshair (Collezione Caschi)<\/p>\n<p>\u2705Crosshair \u00e8 un personaggio della serie animata di Star Wars &quot;The Bad Batch&quot;. \u00c8 un membro del titolare Bad Batch, un gruppo di clone trooper d&#039;\u00e9lite con mutazioni genetiche uniche che conferiscono loro abilit\u00e0 e abilit\u00e0 eccezionali. Crosshair \u00e8 noto per la sua eccezionale precisione e abilit\u00e0 nel tiro, nonch\u00e9 per la sua personalit\u00e0 fredda e calcolatrice.<\/p>\n<p>\ud83d\udeabIMPORTANTE!<\/p>\n<p>Nome prodotto: Crosshair (Collezione casco)<\/p>\n<p>Categoria: Guerre stellari<\/p>\n<p>Questo kit contiene: MOC 79958&nbsp;<\/p>\n<p>111 pezzi di mattoni di buona qualit\u00e0<\/p>\n<p>Dimensioni: 9,6 x 9,6 x 20 cm<\/p>\n<p>PDF Istruzioni<\/p>\n<p>\ud83d\udcccNatura del protagonista<\/p>\n<p>Presentazione della nostra orgogliosa collezione denominata &quot;Crosshair (Helmet Collection)&quot; da non perdere.<\/p>\n<p>Il casco di Crosshair \u00e8 distintivo, con un reticolo di mira sulla visiera che lo aiuta ad allineare i suoi colpi con precisione mortale. Il casco include anche un telemetro e un comlink integrato, che consente a Crosshair di comunicare con la sua squadra e coordinare gli attacchi. Il casco ha una combinazione di colori prevalentemente nera, con accenti rossi e bianchi.<\/p><\/div>","protected":false},"excerpt":{"rendered":"<p>Marca: Fabbrica MOC<br \/>\nGenere: unisex<br \/>\nFascia d&#039;et\u00e0:&gt; 8 anni<br \/>\nNumero modello: 79958<br \/>\nClassificazione: assemblaggio<br \/>\nForma del blocco di plastica: mattoni autobloccanti<br \/>\nMateriale: plastica<br \/>\nTipo di plastica: ABS<br \/>\nMattoni Blocchi: 111 +<br \/>\nNessuna scatola<\/p>","protected":false},"featured_media":41862,"comment_status":"open","ping_status":"closed","template":"","meta":{"_acf_changed":false},"product_cat":[581,6016,415,1408],"product_tag":[8149,11344,8047,434,2276,436],"class_list":["product","first","instock","shipping-taxable","purchasable","product-type-simple"],"acf":[],"_links":{"self":[{"href":"https:\/\/mouldking.store\/it\/wp-json\/wp\/v2\/product\/41865","targetHints":{"allow":["GET"]}}],"collection":[{"href":"https:\/\/mouldking.store\/it\/wp-json\/wp\/v2\/product"}],"about":[{"href":"https:\/\/mouldking.store\/it\/wp-json\/wp\/v2\/types\/product"}],"replies":[{"embeddable":true,"href":"https:\/\/mouldking.store\/it\/wp-json\/wp\/v2\/comments?post=41865"}],"wp:featuredmedia":[{"embeddable":true,"href":"https:\/\/mouldking.store\/it\/wp-json\/wp\/v2\/media\/41862"}],"wp:attachment":[{"href":"https:\/\/mouldking.store\/it\/wp-json\/wp\/v2\/media?parent=41865"}],"wp:term":[{"taxonomy":"product_cat","embeddable":true,"href":"https:\/\/mouldking.store\/it\/wp-json\/wp\/v2\/product_cat?post=41865"},{"taxonomy":"product_tag","embeddable":true,"href":"https:\/\/mouldking.store\/it\/wp-json\/wp\/v2\/product_tag?post=41865"}],"curies":[{"name":"wp","href":"https:\/\/api.w.org\/{rel}","templated":true}]}}