{"id":41905,"date":"2023-02-20T15:24:04","date_gmt":"2023-02-20T08:24:04","guid":{"rendered":"https:\/\/mouldking.store\/shop\/reobrix-66030-star-revenge-planet-book-with-3058-pieces\/"},"modified":"2023-02-20T15:24:04","modified_gmt":"2023-02-20T08:24:04","slug":"reobrix-66030-star-revenge-planet-book-with-3058-pieces","status":"publish","type":"product","link":"https:\/\/mouldking.store\/it\/shop\/reobrix-66030-star-revenge-planet-book-with-3058-pieces\/","title":{"rendered":"REOBRIX 66030 Star Revenge Planet Book con 3058 pezzi"},"content":{"rendered":"<div>\u2705 Reobrix 66030 Star Revenge Planet Book<br \/>&nbsp;<br \/>\u2705Lo Star Revenge Planet Book appartiene alla serie Star Wars di set di blocchi da costruzione e l&#039;intero set contiene 3058 particelle di blocchi da costruzione. Prima uscita nel 2023.<br \/>&nbsp;<br \/>\ud83d\udeabIMPORTANTE!&nbsp;<br \/>&nbsp;<br \/>Nome del prodotto: Star Revenge Planet Book<br \/>&nbsp;<br \/>Categoria: Guerre stellari<br \/>&nbsp;<br \/>Questo kit contiene: Reobrix 66030<br \/>&nbsp;<br \/>3058 pezzi di mattoni di buona qualit\u00e0&nbsp;<br \/>&nbsp;<br \/>Dimensioni: 64,5 \u00d7 15 \u00d7 29,5 cm<br \/>&nbsp;<br \/>Istruzioni manuali&nbsp;<br \/>&nbsp;<br \/>\ud83d\udcccNatura del protagonista&nbsp;<br \/>&nbsp;<br \/>Ti presentiamo la nostra orgogliosa collezione chiamata &quot;Star Revenge Planet Book&quot; da non perdere.&nbsp;<br \/>&nbsp;<br \/>I blocchi di costruzione sono un ottimo modo per passare il tempo e creare le tue creazioni uniche, quindi non sorprende che questi oggetti esistano da migliaia di anni. The Star Revenge Planet Book contiene 3058 particelle che puoi usare per costruire quello che vuoi. \u00c8 la prima uscita della serie nel 2023 ed \u00e8 stata creata perch\u00e9 c&#039;erano persone che volevano pi\u00f9 elementi costitutivi.<\/div>","protected":false},"excerpt":{"rendered":"<p>Marca: REOBRIX<br \/>\nGenere: unisex<br \/>\nFascia d&#039;et\u00e0:&gt; 14 anni<br \/>\nNumero modello: 66030<br \/>\nClassificazione: assemblaggio<br \/>\nForma del blocco di plastica: mattoni autobloccanti<br \/>\nMateriale: plastica<br \/>\nTipo di plastica: ABS<br \/>\nBlocchi di mattoni: 3058 +<br \/>\nNessuna scatola<br \/>\nPrevendita il 28 febbraio<\/p>","protected":false},"featured_media":41902,"comment_status":"open","ping_status":"closed","template":"","meta":{"_acf_changed":false},"product_cat":[581,6016,415,1408],"product_tag":[1411,434,11356,5488,2276,673,436],"class_list":["product","first","instock","shipping-taxable","purchasable","product-type-simple"],"acf":[],"_links":{"self":[{"href":"https:\/\/mouldking.store\/it\/wp-json\/wp\/v2\/product\/41905","targetHints":{"allow":["GET"]}}],"collection":[{"href":"https:\/\/mouldking.store\/it\/wp-json\/wp\/v2\/product"}],"about":[{"href":"https:\/\/mouldking.store\/it\/wp-json\/wp\/v2\/types\/product"}],"replies":[{"embeddable":true,"href":"https:\/\/mouldking.store\/it\/wp-json\/wp\/v2\/comments?post=41905"}],"wp:featuredmedia":[{"embeddable":true,"href":"https:\/\/mouldking.store\/it\/wp-json\/wp\/v2\/media\/41902"}],"wp:attachment":[{"href":"https:\/\/mouldking.store\/it\/wp-json\/wp\/v2\/media?parent=41905"}],"wp:term":[{"taxonomy":"product_cat","embeddable":true,"href":"https:\/\/mouldking.store\/it\/wp-json\/wp\/v2\/product_cat?post=41905"},{"taxonomy":"product_tag","embeddable":true,"href":"https:\/\/mouldking.store\/it\/wp-json\/wp\/v2\/product_tag?post=41905"}],"curies":[{"name":"wp","href":"https:\/\/api.w.org\/{rel}","templated":true}]}}