{"id":41909,"date":"2023-02-20T15:27:15","date_gmt":"2023-02-20T08:27:15","guid":{"rendered":"https:\/\/mouldking.store\/shop\/reobrix-682-shelby-gt500-racer-car-with-476-pieces\/"},"modified":"2023-02-20T15:27:15","modified_gmt":"2023-02-20T08:27:15","slug":"reobrix-682-shelby-gt500-racer-car-with-476-pieces","status":"publish","type":"product","link":"https:\/\/mouldking.store\/it\/shop\/reobrix-682-shelby-gt500-racer-car-with-476-pieces\/","title":{"rendered":"REOBRIX 682 Shelby GT500 Auto da corsa con 476 pezzi"},"content":{"rendered":"<div>\u2705 Auto da corsa Reobrix 682 Shelby GT500<br \/>&nbsp;<br \/>\u2705La Shelby GT500 \u00e8 un&#039;auto sportiva ad alte prestazioni progettata per le corse. \u00c8 basato sulla Ford Mustang, che \u00e8 stata modificata da Carroll Shelby, un ex pilota di auto da corsa e designer automobilistico.<br \/>&nbsp;<br \/>\ud83d\udeabIMPORTANTE!&nbsp;<br \/>&nbsp;<br \/>Nome del prodotto: auto da corsa Shelby GT500<br \/>&nbsp;<br \/>Categoria: Tecnica<br \/>&nbsp;<br \/>Questo kit contiene: Reobrix 682<br \/>&nbsp;<br \/>476 pezzi di mattoni di buona qualit\u00e0&nbsp;<br \/>&nbsp;<br \/>Dimensioni: 16,7 x 7,3 x 4,4 cm<br \/>&nbsp;<br \/>Istruzioni manuali&nbsp;<br \/>&nbsp;<br \/>\ud83d\udcccNatura del protagonista&nbsp;<br \/>&nbsp;<br \/>Presentazione della nostra orgogliosa collezione denominata &quot;Shelby GT500 Racer Car&quot; da non perdere.&nbsp;<br \/>&nbsp;<br \/>La GT500 Racer Car \u00e8 progettata specificamente per le corse ad alta velocit\u00e0, con caratteristiche come un motore ad alte prestazioni, un kit carrozzeria aerodinamico, sospensioni da corsa e pneumatici da corsa specializzati. L&#039;auto \u00e8 ridotta per ridurre il peso e aumentare le prestazioni e pu\u00f2 presentare design della livrea da corsa e loghi degli sponsor. La Shelby GT500 Racer Car ha avuto successo in una serie di competizioni di corse, tra cui gare di resistenza, corse su strada ed eventi di drifting. \u00c8 molto ricercato da collezionisti e appassionati di corse, che ne apprezzano le capacit\u00e0 prestazionali e il design iconico.<\/div>","protected":false},"excerpt":{"rendered":"<p>Marca: REOBRIX<br \/>\nGenere: unisex<br \/>\nFascia d&#039;et\u00e0:&gt; 14 anni<br \/>\nNumero modello: 682<br \/>\nClassificazione: assemblaggio<br \/>\nForma del blocco di plastica: mattoni autobloccanti<br \/>\nMateriale: plastica<br \/>\nTipo di plastica: ABS<br \/>\nMattoni Blocchi: 476 +<br \/>\nNessuna scatola<\/p>","protected":false},"featured_media":41906,"comment_status":"open","ping_status":"closed","template":"","meta":{"_acf_changed":false},"product_cat":[1360,1357,364],"product_tag":[457,11357,7761,7407,389,11080],"class_list":["product","first","instock","shipping-taxable","purchasable","product-type-simple"],"acf":[],"_links":{"self":[{"href":"https:\/\/mouldking.store\/it\/wp-json\/wp\/v2\/product\/41909","targetHints":{"allow":["GET"]}}],"collection":[{"href":"https:\/\/mouldking.store\/it\/wp-json\/wp\/v2\/product"}],"about":[{"href":"https:\/\/mouldking.store\/it\/wp-json\/wp\/v2\/types\/product"}],"replies":[{"embeddable":true,"href":"https:\/\/mouldking.store\/it\/wp-json\/wp\/v2\/comments?post=41909"}],"wp:featuredmedia":[{"embeddable":true,"href":"https:\/\/mouldking.store\/it\/wp-json\/wp\/v2\/media\/41906"}],"wp:attachment":[{"href":"https:\/\/mouldking.store\/it\/wp-json\/wp\/v2\/media?parent=41909"}],"wp:term":[{"taxonomy":"product_cat","embeddable":true,"href":"https:\/\/mouldking.store\/it\/wp-json\/wp\/v2\/product_cat?post=41909"},{"taxonomy":"product_tag","embeddable":true,"href":"https:\/\/mouldking.store\/it\/wp-json\/wp\/v2\/product_tag?post=41909"}],"curies":[{"name":"wp","href":"https:\/\/api.w.org\/{rel}","templated":true}]}}