{"id":42015,"date":"2023-02-22T10:29:52","date_gmt":"2023-02-22T03:29:52","guid":{"rendered":"https:\/\/mouldking.store\/shop\/moc-factory-90167-hookfang-dragon-with-123-pieces\/"},"modified":"2025-12-16T22:25:16","modified_gmt":"2025-12-16T15:25:16","slug":"moc-factory-90167-hookfang-dragon-with-123-pieces","status":"publish","type":"product","link":"https:\/\/mouldking.store\/it\/shop\/moc-factory-90167-hookfang-dragon-with-123-pieces\/","title":{"rendered":"MOC Factory 90167 Drago Zanna uncinata con 123 pezzi"},"content":{"rendered":"<div>\u2705 MOC-90167 Drago Zannauncinata<\/p>\n<p>\u2705Hookfang \u00e8 un personaggio drago del film d&#039;animazione DreamWorks &quot;Come addestrare il tuo drago&quot;. \u00c8 uno dei draghi principali della serie ed \u00e8 cavalcato dal personaggio Moccicoso.<\/p>\n<p>\ud83d\udeabIMPORTANTE!<\/p>\n<p>Nome del prodotto: Drago Zanna Uncinata<\/p>\n<p>Categoria: film<\/p>\n<p>Questo kit contiene: MOC-90167<\/p>\n<p>123 pezzi di mattoni di buona qualit\u00e0<\/p>\n<p>PDF Istruzioni<\/p>\n<p>\ud83d\udcccNatura del protagonista<\/p>\n<p>Ti presentiamo la nostra orgogliosa collezione chiamata &quot;Drago Zanna Uncinata&quot; da non perdere.<\/p>\n<p>Hookfang \u00e8 un drago Monstrous Nightmare, che \u00e8 una specie di drago caratterizzata da squame rosse, grandi ali e potente alito di fuoco. Hookfang \u00e8 particolarmente grande e muscoloso, e ha una serie distintiva di spine che gli scendono lungo la schiena. Nella serie, Hookfang \u00e8 noto per la sua forte volont\u00e0 e personalit\u00e0 testarda, spesso scontrandosi con Snotlout e richiedendo una mano ferma per essere addestrato. Tuttavia, \u00e8 anche ferocemente leale e protettivo nei confronti del suo cavaliere e degli altri draghi del gruppo.<\/p><\/div>","protected":false},"excerpt":{"rendered":"<p>Marca: Fabbrica MOC<br \/>\nGenere: unisex<br \/>\nFascia d&#039;et\u00e0:&gt; 6 anni<br \/>\nNumero modello: 90167<br \/>\nClassificazione: assemblaggio<br \/>\nForma del blocco di plastica: mattoni autobloccanti<br \/>\nMateriale: plastica<br \/>\nTipo di plastica: ABS<br \/>\nMattoni Blocchi: 123 +<br \/>\nNessuna scatola<\/p>","protected":false},"featured_media":42014,"comment_status":"open","ping_status":"closed","template":"","meta":{"_acf_changed":false},"product_cat":[1365,581,1408],"product_tag":[8452,1771,11382,434],"class_list":["product","first","instock","shipping-taxable","purchasable","product-type-simple"],"acf":[],"_links":{"self":[{"href":"https:\/\/mouldking.store\/it\/wp-json\/wp\/v2\/product\/42015","targetHints":{"allow":["GET"]}}],"collection":[{"href":"https:\/\/mouldking.store\/it\/wp-json\/wp\/v2\/product"}],"about":[{"href":"https:\/\/mouldking.store\/it\/wp-json\/wp\/v2\/types\/product"}],"replies":[{"embeddable":true,"href":"https:\/\/mouldking.store\/it\/wp-json\/wp\/v2\/comments?post=42015"}],"wp:featuredmedia":[{"embeddable":true,"href":"https:\/\/mouldking.store\/it\/wp-json\/wp\/v2\/media\/42014"}],"wp:attachment":[{"href":"https:\/\/mouldking.store\/it\/wp-json\/wp\/v2\/media?parent=42015"}],"wp:term":[{"taxonomy":"product_cat","embeddable":true,"href":"https:\/\/mouldking.store\/it\/wp-json\/wp\/v2\/product_cat?post=42015"},{"taxonomy":"product_tag","embeddable":true,"href":"https:\/\/mouldking.store\/it\/wp-json\/wp\/v2\/product_tag?post=42015"}],"curies":[{"name":"wp","href":"https:\/\/api.w.org\/{rel}","templated":true}]}}