{"id":42027,"date":"2023-02-22T10:41:32","date_gmt":"2023-02-22T03:41:32","guid":{"rendered":"https:\/\/mouldking.store\/shop\/reobrix-688-speed-champions-blue-rolls-royce-boat-tai-racer-car-with-417-pieces\/"},"modified":"2023-02-22T10:41:32","modified_gmt":"2023-02-22T03:41:32","slug":"reobrix-688-speed-champions-blue-rolls-royce-boat-tai-racer-car-with-417-pieces","status":"publish","type":"product","link":"https:\/\/mouldking.store\/it\/shop\/reobrix-688-speed-champions-blue-rolls-royce-boat-tai-racer-car-with-417-pieces\/","title":{"rendered":"REOBRIX 688 Speed Champions Blue Rolls-Royce Boat Tai Racer Car con 417 pezzi"},"content":{"rendered":"<div>\u2705 Reobrix 688 Speed Champions Blue Rolls-Royce Boat Tai Racer Car&nbsp;<br \/>&nbsp;<br \/>\u2705Rolls-Royce Boat Tail \u00e8 in realt\u00e0 un modello di auto di lusso di Rolls-Royce e non \u00e8 una barca o un&#039;auto da corsa. Il modello Boat Tail \u00e8 stato presentato a maggio 2021 ed \u00e8 un veicolo in edizione limitata altamente personalizzato creato per un cliente privato.<br \/>&nbsp;<br \/>\ud83d\udeabIMPORTANTE!&nbsp;<br \/>&nbsp;<br \/>Nome prodotto: Speed Champions Blue Rolls-Royce Boat Tai Racer Car&nbsp;<br \/>&nbsp;<br \/>Categoria: Tecnica<br \/>&nbsp;<br \/>Questo kit contiene: Reobrix 688<br \/>&nbsp;<br \/>417 pezzi di mattoni di buona qualit\u00e0&nbsp;<br \/>&nbsp;<br \/>Dimensioni: 19,1 x 7,9 x 5,3 cm<br \/>&nbsp;<br \/>Istruzioni manuali&nbsp;<br \/>&nbsp;<br \/>\ud83d\udcccNatura del protagonista&nbsp;<br \/>&nbsp;<br \/>Presentazione della nostra orgogliosa collezione denominata &quot;Speed Champions Blue Rolls-Royce Boat Tai Racer Car&quot; da non perdere.&nbsp;<br \/>&nbsp;<br \/>La Rolls-Royce Boat Tail \u00e8 una decappottabile a due porte e quattro posti che presenta un design distintivo ispirato alle classiche auto da carrozza degli anni &#039;20 e &#039;30. Ha un lungo cofano, un corpo ribassato e un&#039;estremit\u00e0 posteriore affusolata che ricorda la forma di una coda di barca. L&#039;auto \u00e8 costruita a mano e presenta una serie di dettagli su misura, tra cui una carrozzeria in alluminio lucidato a mano, ruote uniche e un cruscotto personalizzato.<\/div>","protected":false},"excerpt":{"rendered":"<p>Marca: REOBRIX<br \/>\nGenere: unisex<br \/>\nFascia d&#039;et\u00e0:&gt; 14 anni<br \/>\nNumero modello: 688<br \/>\nClassificazione: assemblaggio<br \/>\nForma del blocco di plastica: mattoni autobloccanti<br \/>\nMateriale: plastica<br \/>\nTipo di plastica: ABS<br \/>\nBlocchi di mattoni: 417 +<br \/>\nNessuna scatola<\/p>","protected":false},"featured_media":42023,"comment_status":"open","ping_status":"closed","template":"","meta":{"_acf_changed":false},"product_cat":[1360,1357,364],"product_tag":[6471,457,7761,3472,6633,11384,389,11080],"class_list":["product","first","instock","shipping-taxable","purchasable","product-type-simple"],"acf":[],"_links":{"self":[{"href":"https:\/\/mouldking.store\/it\/wp-json\/wp\/v2\/product\/42027","targetHints":{"allow":["GET"]}}],"collection":[{"href":"https:\/\/mouldking.store\/it\/wp-json\/wp\/v2\/product"}],"about":[{"href":"https:\/\/mouldking.store\/it\/wp-json\/wp\/v2\/types\/product"}],"replies":[{"embeddable":true,"href":"https:\/\/mouldking.store\/it\/wp-json\/wp\/v2\/comments?post=42027"}],"wp:featuredmedia":[{"embeddable":true,"href":"https:\/\/mouldking.store\/it\/wp-json\/wp\/v2\/media\/42023"}],"wp:attachment":[{"href":"https:\/\/mouldking.store\/it\/wp-json\/wp\/v2\/media?parent=42027"}],"wp:term":[{"taxonomy":"product_cat","embeddable":true,"href":"https:\/\/mouldking.store\/it\/wp-json\/wp\/v2\/product_cat?post=42027"},{"taxonomy":"product_tag","embeddable":true,"href":"https:\/\/mouldking.store\/it\/wp-json\/wp\/v2\/product_tag?post=42027"}],"curies":[{"name":"wp","href":"https:\/\/api.w.org\/{rel}","templated":true}]}}