{"id":42066,"date":"2023-02-22T11:24:09","date_gmt":"2023-02-22T04:24:09","guid":{"rendered":"https:\/\/mouldking.store\/shop\/moc-factory-66645-cozy-cabin-diorama-with-3871-pieces\/"},"modified":"2025-12-16T22:25:16","modified_gmt":"2025-12-16T15:25:16","slug":"moc-factory-66645-cozy-cabin-diorama-with-3871-pieces","status":"publish","type":"product","link":"https:\/\/mouldking.store\/it\/shop\/moc-factory-66645-cozy-cabin-diorama-with-3871-pieces\/","title":{"rendered":"MOC Factory 66645 Cabina accogliente Diorama con 3871 pezzi"},"content":{"rendered":"<div>\u2705 MOC-66645 Cabina accogliente Diorama<\/p>\n<p>\u2705Un accogliente diorama di cabina presenta in genere un modello in miniatura di una capanna di legno rustica immersa in un ambiente naturale, come una foresta o un paesaggio montano. Il diorama pu\u00f2 essere progettato per sembrare il pi\u00f9 realistico possibile o pu\u00f2 essere pi\u00f9 stilizzato, a seconda delle preferenze del costruttore.<\/p>\n<p>\ud83d\udeabIMPORTANTE!<\/p>\n<p>Nome prodotto: Cabina accogliente Diorama<\/p>\n<p>Categoria: Edificio modulare<\/p>\n<p>Questo kit contiene: MOC-66645<\/p>\n<p>3871 pezzi di mattoni di buona qualit\u00e0<\/p>\n<p>PDF Istruzioni<\/p>\n<p>\ud83d\udcccNatura del protagonista<\/p>\n<p>Ti presentiamo la nostra orgogliosa collezione chiamata &quot;Cozy Cabin Diorama&quot; da non perdere.<\/p>\n<p>La cabina stessa \u00e8 tipicamente realizzata in legno o altri materiali naturali ed \u00e8 decorata con dettagli come un portico, un camino, finestre e una porta. All&#039;interno della cabina, \u00e8 possibile aggiungere mobili e decorazioni in miniatura per creare un&#039;atmosfera accogliente e invitante, come una sedia a dondolo, un caminetto e un tavolino con i piatti. Il paesaggio naturale che circonda la cabina pu\u00f2 essere realizzato utilizzando materiali come schiuma, argilla o muschio per creare un effetto realistico. Alberi, rocce e altro fogliame possono essere aggiunti alla scena per renderla pi\u00f9 realistica.<\/p><\/div>","protected":false},"excerpt":{"rendered":"<p>Marca: Fabbrica MOC<br \/>\nGenere: unisex<br \/>\nFascia d&#039;et\u00e0:&gt; 12 anni<br \/>\nNumero modello: 66645<br \/>\nClassificazione: assemblaggio<br \/>\nForma del blocco di plastica: mattoni autobloccanti<br \/>\nMateriale: plastica<br \/>\nTipo di plastica: ABS<br \/>\nBlocchi di mattoni: 3871 +<br \/>\nTempo di organizzazione: 4-8 settimane<\/p>","protected":false},"featured_media":42064,"comment_status":"open","ping_status":"closed","template":"","meta":{"_acf_changed":false},"product_cat":[1395,390],"product_tag":[4883,8784,11099,392],"class_list":["product","first","instock","shipping-taxable","purchasable","product-type-simple"],"acf":[],"_links":{"self":[{"href":"https:\/\/mouldking.store\/it\/wp-json\/wp\/v2\/product\/42066","targetHints":{"allow":["GET"]}}],"collection":[{"href":"https:\/\/mouldking.store\/it\/wp-json\/wp\/v2\/product"}],"about":[{"href":"https:\/\/mouldking.store\/it\/wp-json\/wp\/v2\/types\/product"}],"replies":[{"embeddable":true,"href":"https:\/\/mouldking.store\/it\/wp-json\/wp\/v2\/comments?post=42066"}],"wp:featuredmedia":[{"embeddable":true,"href":"https:\/\/mouldking.store\/it\/wp-json\/wp\/v2\/media\/42064"}],"wp:attachment":[{"href":"https:\/\/mouldking.store\/it\/wp-json\/wp\/v2\/media?parent=42066"}],"wp:term":[{"taxonomy":"product_cat","embeddable":true,"href":"https:\/\/mouldking.store\/it\/wp-json\/wp\/v2\/product_cat?post=42066"},{"taxonomy":"product_tag","embeddable":true,"href":"https:\/\/mouldking.store\/it\/wp-json\/wp\/v2\/product_tag?post=42066"}],"curies":[{"name":"wp","href":"https:\/\/api.w.org\/{rel}","templated":true}]}}