{"id":42120,"date":"2023-02-22T15:13:41","date_gmt":"2023-02-22T08:13:41","guid":{"rendered":"https:\/\/mouldking.store\/shop\/jiestar-92034-new-century-gpx-high-intelligence-formula-isuzak-008-with-773-pieces\/"},"modified":"2023-02-22T15:13:41","modified_gmt":"2023-02-22T08:13:41","slug":"jiestar-92034-new-century-gpx-high-intelligence-formula-isuzak-008-with-773-pieces","status":"publish","type":"product","link":"https:\/\/mouldking.store\/it\/shop\/jiestar-92034-new-century-gpx-high-intelligence-formula-isuzak-008-with-773-pieces\/","title":{"rendered":"JIESTAR 92034 New Century GPX Formula ad alta intelligenza: Isuzak 008 con 773 pezzi"},"content":{"rendered":"<div>\u2705 JIESTAR 92034 New Century GPX Formula ad alta intelligenza: Isuzak 008<br \/>&nbsp;<br \/>\u2705 &quot;New Century GPX Cyber Formula&quot; \u00e8 una serie televisiva anime giapponese sulle corse automobilistiche futuristiche ad alta velocit\u00e0. &quot;Isuzak 008&quot; \u00e8 un modello di auto da corsa che appare nella serie anime. \u00c8 progettata e costruita dalla societ\u00e0 Isuzak ed \u00e8 una delle auto pi\u00f9 performanti nel campionato di corse Cyber Formula.<\/div>\n<div>&nbsp;<br \/>\ud83d\udeabIMPORTANTE!&nbsp;<br \/>&nbsp;<br \/>Nome prodotto: New Century GPX Formula ad alta intelligenza: Isuzak 008<br \/>&nbsp;<br \/>Categoria: film<br \/>&nbsp;<br \/>Questo kit contiene: JIESTAR 92034<br \/>&nbsp;<br \/>773 pezzi di mattoni di buona qualit\u00e0&nbsp;<br \/>&nbsp;<br \/>Dimensioni: 30,5 \u00d7 11,2 \u00d7 9,5 cm<br \/>&nbsp;<br \/>Istruzioni manuali&nbsp;<br \/>&nbsp;<br \/>\ud83d\udcccNatura del protagonista&nbsp;<br \/>&nbsp;<br \/>Ti presentiamo la nostra orgogliosa collezione denominata &quot;New Century GPX High Intelligence Formula: Isuzak 008&quot; da non perdere.&nbsp;<br \/>&nbsp;<br \/>Nell&#039;anime, l&#039;Isuzak 008 \u00e8 pilotato da diversi personaggi, incluso il protagonista principale della serie, Hayato Kazami. L&#039;auto \u00e8 nota per la sua eccezionale velocit\u00e0, manovrabilit\u00e0 e tecnologia avanzata, incluso un sistema di intelligenza artificiale che aiuta il pilota a prendere decisioni in frazioni di secondo durante le gare.<\/div>","protected":false},"excerpt":{"rendered":"<p>Marca: JIESTAR<br \/>\nGenere: unisex<br \/>\nFascia d&#039;et\u00e0:&gt; 6 anni<br \/>\nNumero modello: 92034<br \/>\nClassificazione: assemblaggio<br \/>\nForma del blocco di plastica: mattoni autobloccanti<br \/>\nMateriale: plastica<br \/>\nTipo di plastica: ABS<br \/>\nMattoni Blocchi: 773 +<br \/>\nPrevendita<\/p>","protected":false},"featured_media":42119,"comment_status":"open","ping_status":"closed","template":"","meta":{"_acf_changed":false},"product_cat":[1357,581,364,1408],"product_tag":[11407,434,389],"class_list":["product","first","instock","shipping-taxable","purchasable","product-type-simple"],"acf":[],"_links":{"self":[{"href":"https:\/\/mouldking.store\/it\/wp-json\/wp\/v2\/product\/42120","targetHints":{"allow":["GET"]}}],"collection":[{"href":"https:\/\/mouldking.store\/it\/wp-json\/wp\/v2\/product"}],"about":[{"href":"https:\/\/mouldking.store\/it\/wp-json\/wp\/v2\/types\/product"}],"replies":[{"embeddable":true,"href":"https:\/\/mouldking.store\/it\/wp-json\/wp\/v2\/comments?post=42120"}],"wp:featuredmedia":[{"embeddable":true,"href":"https:\/\/mouldking.store\/it\/wp-json\/wp\/v2\/media\/42119"}],"wp:attachment":[{"href":"https:\/\/mouldking.store\/it\/wp-json\/wp\/v2\/media?parent=42120"}],"wp:term":[{"taxonomy":"product_cat","embeddable":true,"href":"https:\/\/mouldking.store\/it\/wp-json\/wp\/v2\/product_cat?post=42120"},{"taxonomy":"product_tag","embeddable":true,"href":"https:\/\/mouldking.store\/it\/wp-json\/wp\/v2\/product_tag?post=42120"}],"curies":[{"name":"wp","href":"https:\/\/api.w.org\/{rel}","templated":true}]}}