{"id":42133,"date":"2023-02-22T18:32:33","date_gmt":"2023-02-22T11:32:33","guid":{"rendered":"https:\/\/mouldking.store\/shop\/sembo-609321-digimon-zombie-greymon-with-774-pieces\/"},"modified":"2023-03-10T10:46:59","modified_gmt":"2023-03-10T03:46:59","slug":"sembo-609321-digimon-zombie-greymon-with-774-pieces","status":"publish","type":"product","link":"https:\/\/mouldking.store\/it\/shop\/sembo-609321-digimon-zombie-greymon-with-774-pieces\/","title":{"rendered":"SEMBO 609321 Digimon: Zombie Greymon con 774 pezzi"},"content":{"rendered":"<div>\u2705 SEMBO 609321 Digimon: Zombie Greymon<br \/>&nbsp;<br \/>\u2705Zombie Greymon \u00e8 un personaggio Digimon che appare in vari media nel franchise Digimon. Come suggerisce il nome, Zombie Greymon \u00e8 una versione della specie Greymon che \u00e8 stata rianimata come una creatura non morta.<br \/>&nbsp;<br \/>\ud83d\udeabIMPORTANTE!&nbsp;<br \/>&nbsp;<br \/>Nome del prodotto: Digimon: Zombie Greymon<br \/>&nbsp;<br \/>Categoria: Creatore&nbsp;<br \/>&nbsp;<br \/>Questo kit contiene: SEMBO 609321<br \/>&nbsp;<br \/>774 pezzi di mattoni di buona qualit\u00e0&nbsp;<br \/>&nbsp;<br \/>Istruzioni manuali&nbsp;<br \/>&nbsp;<br \/>\ud83d\udcccNatura del protagonista&nbsp;<br \/>&nbsp;<br \/>Presentazione della nostra orgogliosa collezione chiamata &quot;Digimon: Zombie Greymon&quot; da non perdere.&nbsp;<br \/>&nbsp;<br \/>Lo zombi Greymon \u00e8 tipicamente raffigurato con un aspetto scheletrico in decomposizione con macchie di carne in decomposizione e occhi rossi luminosi. \u00c8 spesso associato all&#039;Area Oscura di Digiworld ed \u00e8 noto per i suoi potenti attacchi e la capacit\u00e0 di assorbire energia dagli avversari.<\/div>","protected":false},"excerpt":{"rendered":"<p>Marca: SEMBO<br \/>\nGenere: unisex<br \/>\nFascia d&#039;et\u00e0:&gt; 6 anni<br \/>\nNumero modello: 609321<br \/>\nClassificazione: assemblaggio<br \/>\nForma del blocco di plastica: mattoni autobloccanti<br \/>\nMateriale: plastica<br \/>\nTipo di plastica: ABS<br \/>\nMattoni Blocchi: 774 +<br \/>\nPrevendita<\/p>","protected":false},"featured_media":42132,"comment_status":"open","ping_status":"closed","template":"","meta":{"_acf_changed":false},"product_cat":[1365,371],"product_tag":[6470,11072,8452,11399,11416,11415],"class_list":["product","first","outofstock","shipping-taxable","purchasable","product-type-simple"],"acf":[],"_links":{"self":[{"href":"https:\/\/mouldking.store\/it\/wp-json\/wp\/v2\/product\/42133","targetHints":{"allow":["GET"]}}],"collection":[{"href":"https:\/\/mouldking.store\/it\/wp-json\/wp\/v2\/product"}],"about":[{"href":"https:\/\/mouldking.store\/it\/wp-json\/wp\/v2\/types\/product"}],"replies":[{"embeddable":true,"href":"https:\/\/mouldking.store\/it\/wp-json\/wp\/v2\/comments?post=42133"}],"wp:featuredmedia":[{"embeddable":true,"href":"https:\/\/mouldking.store\/it\/wp-json\/wp\/v2\/media\/42132"}],"wp:attachment":[{"href":"https:\/\/mouldking.store\/it\/wp-json\/wp\/v2\/media?parent=42133"}],"wp:term":[{"taxonomy":"product_cat","embeddable":true,"href":"https:\/\/mouldking.store\/it\/wp-json\/wp\/v2\/product_cat?post=42133"},{"taxonomy":"product_tag","embeddable":true,"href":"https:\/\/mouldking.store\/it\/wp-json\/wp\/v2\/product_tag?post=42133"}],"curies":[{"name":"wp","href":"https:\/\/api.w.org\/{rel}","templated":true}]}}