{"id":42157,"date":"2023-02-23T10:25:28","date_gmt":"2023-02-23T03:25:28","guid":{"rendered":"https:\/\/mouldking.store\/shop\/lw-7014-bumblebee-robot-deformation-with-792-pieces\/"},"modified":"2023-02-23T10:25:28","modified_gmt":"2023-02-23T03:25:28","slug":"lw-7014-bumblebee-robot-deformation-with-792-pieces","status":"publish","type":"product","link":"https:\/\/mouldking.store\/it\/shop\/lw-7014-bumblebee-robot-deformation-with-792-pieces\/","title":{"rendered":"LW 7014 Bumblebee Robot Deformazione con 792 pezzi"},"content":{"rendered":"<div>\u2705 LW 7014 Bumblebee Robot Deformazione<br \/>&nbsp;<br \/>\u2705Bumblebee \u00e8 un personaggio immaginario del franchise Transformers, nato come una serie di giocattoli prodotti da Hasbro negli anni &#039;80. Bumblebee \u00e8 raffigurato come un piccolo Autobot giallo che pu\u00f2 trasformarsi in un&#039;auto compatta.<br \/>&nbsp;<br \/>\ud83d\udeabIMPORTANTE!&nbsp;<br \/>&nbsp;<br \/>Nome prodotto: Bumblebee Robot Deformazione<br \/>&nbsp;<br \/>Categoria: Creatore&nbsp;<br \/>&nbsp;<br \/>Questo kit contiene: LW 7014<br \/>&nbsp;<br \/>792 pezzi di mattoni di buona qualit\u00e0&nbsp;<br \/>&nbsp;<br \/>Dimensioni: 19,3 \u00d7 25 cm<br \/>&nbsp;<br \/>Istruzioni manuali&nbsp;<br \/>&nbsp;<br \/>\ud83d\udcccNatura del protagonista&nbsp;<br \/>&nbsp;<br \/>Presentazione della nostra orgogliosa collezione denominata &quot;Bumblebee Robot Deformation&quot; da non perdere.&nbsp;<br \/>&nbsp;<br \/>Nella serie animata originale Transformers, Bumblebee \u00e8 stato interpretato come un guerriero leale e coraggioso che ha servito come esploratore e spia per gli Autobot. Era spesso descritto come giovane e inesperto, ma anche intraprendente e determinato. In adattamenti pi\u00f9 recenti, inclusa la serie di film Transformers live-action, Bumblebee \u00e8 stato interpretato come un guerriero eroico e coraggioso, ferocemente fedele ai suoi amici e alleati. \u00c8 spesso raffigurato come un combattente veloce e agile, con una gamma di armi e abilit\u00e0 a sua disposizione. La capacit\u00e0 di Bumblebee di trasformarsi da robot in macchina (o altro veicolo) \u00e8 una caratteristica centrale del suo personaggio, condivisa da molti altri Transformers. Questa capacit\u00e0 consente ai robot di camuffarsi da oggetti di uso quotidiano e di fondersi con la societ\u00e0 umana, fornendo anche un mezzo di trasporto.<\/div>","protected":false},"excerpt":{"rendered":"<p>Marca: LV<br \/>\nGenere: unisex<br \/>\nFascia d&#039;et\u00e0:&gt; 6 anni<br \/>\nNumero modello: 7014<br \/>\nClassificazione: assemblaggio<br \/>\nForma del blocco di plastica: mattoni autobloccanti<br \/>\nMateriale: plastica<br \/>\nTipo di plastica: ABS<br \/>\nBlocchi di mattoni: 792 +<br \/>\nNessuna scatola<\/p>","protected":false},"featured_media":42151,"comment_status":"open","ping_status":"closed","template":"","meta":{"_acf_changed":false},"product_cat":[1365,581,1408],"product_tag":[6798,8452,11420,434,590],"class_list":["product","first","instock","shipping-taxable","purchasable","product-type-simple"],"acf":[],"_links":{"self":[{"href":"https:\/\/mouldking.store\/it\/wp-json\/wp\/v2\/product\/42157","targetHints":{"allow":["GET"]}}],"collection":[{"href":"https:\/\/mouldking.store\/it\/wp-json\/wp\/v2\/product"}],"about":[{"href":"https:\/\/mouldking.store\/it\/wp-json\/wp\/v2\/types\/product"}],"replies":[{"embeddable":true,"href":"https:\/\/mouldking.store\/it\/wp-json\/wp\/v2\/comments?post=42157"}],"wp:featuredmedia":[{"embeddable":true,"href":"https:\/\/mouldking.store\/it\/wp-json\/wp\/v2\/media\/42151"}],"wp:attachment":[{"href":"https:\/\/mouldking.store\/it\/wp-json\/wp\/v2\/media?parent=42157"}],"wp:term":[{"taxonomy":"product_cat","embeddable":true,"href":"https:\/\/mouldking.store\/it\/wp-json\/wp\/v2\/product_cat?post=42157"},{"taxonomy":"product_tag","embeddable":true,"href":"https:\/\/mouldking.store\/it\/wp-json\/wp\/v2\/product_tag?post=42157"}],"curies":[{"name":"wp","href":"https:\/\/api.w.org\/{rel}","templated":true}]}}