{"id":42189,"date":"2023-02-23T11:36:05","date_gmt":"2023-02-23T04:36:05","guid":{"rendered":"https:\/\/mouldking.store\/shop\/moc-factory-124325-lotr-river-rock-landscape-with-1125-pieces\/"},"modified":"2025-12-16T22:25:15","modified_gmt":"2025-12-16T15:25:15","slug":"moc-factory-124325-lotr-river-rock-landscape-with-1125-pieces","status":"publish","type":"product","link":"https:\/\/mouldking.store\/it\/shop\/moc-factory-124325-lotr-river-rock-landscape-with-1125-pieces\/","title":{"rendered":"MOC Factory 124325 LOTR River Rock Landscape con 1125 pezzi"},"content":{"rendered":"<div>\u2705 MOC-124325 LOTR Paesaggio roccioso fluviale<\/p>\n<p>\u2705Il Signore degli Anelli (LOTR) presenta molti paesaggi e ambienti diversi, uno dei quali \u00e8 il paesaggio roccioso del fiume. Questo paesaggio \u00e8 caratterizzato da argini rocciosi, corsi d&#039;acqua in rapido movimento e pozze poco profonde. \u00c8 una caratteristica comune dei fiumi e dei torrenti che scorrono attraverso la Terra di Mezzo, il mondo immaginario in cui si svolge LOTR.<\/p>\n<p>\ud83d\udeabIMPORTANTE!<\/p>\n<p>Nome prodotto: LOTR River Rock Landscape<\/p>\n<p>Categoria: film<\/p>\n<p>Questo kit contiene: MOC-124325&nbsp;<\/p>\n<p>1125 pezzi di mattoni di buona qualit\u00e0<\/p>\n<p>PDF Istruzioni<\/p>\n<p>\ud83d\udcccNatura del protagonista<\/p>\n<p>Ti presentiamo la nostra orgogliosa collezione denominata &quot;LOTR River Rock Landscape&quot; da non perdere.<\/p>\n<p>Nella storia, personaggi come Frodo, Sam e Gollum viaggiano attraverso il paesaggio roccioso fluviale lungo le rive del fiume Anduin. Incontrano vari pericoli e ostacoli, come rapide, rocce nascoste e correnti pericolose. Il paesaggio roccioso del fiume ospita anche una variet\u00e0 di creature, come pesci, uccelli acquatici e persino ragni giganti.<\/p><\/div>","protected":false},"excerpt":{"rendered":"<p>Marca: Fabbrica MOC<br \/>\nGenere: unisex<br \/>\nFascia d&#039;et\u00e0:&gt; 12 anni<br \/>\nNumero modello: 124325<br \/>\nClassificazione: assemblaggio<br \/>\nForma del blocco di plastica: mattoni autobloccanti<br \/>\nMateriale: plastica<br \/>\nTipo di plastica: ABS<br \/>\nBlocchi di mattoni: 1125 +<br \/>\nTempo di organizzazione: 4-8 settimane<\/p>","protected":false},"featured_media":42186,"comment_status":"open","ping_status":"closed","template":"","meta":{"_acf_changed":false},"product_cat":[1365,581,1408],"product_tag":[8452,11427,434,10343,11426,6169],"class_list":["product","first","instock","shipping-taxable","purchasable","product-type-simple"],"acf":[],"_links":{"self":[{"href":"https:\/\/mouldking.store\/it\/wp-json\/wp\/v2\/product\/42189","targetHints":{"allow":["GET"]}}],"collection":[{"href":"https:\/\/mouldking.store\/it\/wp-json\/wp\/v2\/product"}],"about":[{"href":"https:\/\/mouldking.store\/it\/wp-json\/wp\/v2\/types\/product"}],"replies":[{"embeddable":true,"href":"https:\/\/mouldking.store\/it\/wp-json\/wp\/v2\/comments?post=42189"}],"wp:featuredmedia":[{"embeddable":true,"href":"https:\/\/mouldking.store\/it\/wp-json\/wp\/v2\/media\/42186"}],"wp:attachment":[{"href":"https:\/\/mouldking.store\/it\/wp-json\/wp\/v2\/media?parent=42189"}],"wp:term":[{"taxonomy":"product_cat","embeddable":true,"href":"https:\/\/mouldking.store\/it\/wp-json\/wp\/v2\/product_cat?post=42189"},{"taxonomy":"product_tag","embeddable":true,"href":"https:\/\/mouldking.store\/it\/wp-json\/wp\/v2\/product_tag?post=42189"}],"curies":[{"name":"wp","href":"https:\/\/api.w.org\/{rel}","templated":true}]}}