{"id":42224,"date":"2023-02-27T11:39:24","date_gmt":"2023-02-27T04:39:24","guid":{"rendered":"https:\/\/mouldking.store\/shop\/welleadz-wlz-6f-slr-vintage-camera-with-1027-pieces\/"},"modified":"2023-02-27T11:39:24","modified_gmt":"2023-02-27T04:39:24","slug":"welleadz-wlz-6f-slr-vintage-camera-with-1027-pieces","status":"publish","type":"product","link":"https:\/\/mouldking.store\/it\/shop\/welleadz-wlz-6f-slr-vintage-camera-with-1027-pieces\/","title":{"rendered":"Welleadz WLZ-6F SLR fotocamera vintage con 1027 pezzi"},"content":{"rendered":"<div>\u2705 Fotocamera vintage Welleadz WLZ-6F SLR<br \/>&nbsp;<br \/>\u2705Una fotocamera vintage SLR (single-lens reflex) \u00e8 un tipo di fotocamera a pellicola popolare a met\u00e0 del XX secolo. \u00c8 caratterizzato dall&#039;uso di un sistema di specchi e prismi che consente al fotografo di vedere il soggetto attraverso l&#039;obiettivo tramite uno specchio riflesso, che si solleva quando viene scattata la foto.<br \/>&nbsp;<br \/>\ud83d\udeabIMPORTANTE!&nbsp;<br \/>&nbsp;<br \/>Nome prodotto: fotocamera SLR vintage<br \/>&nbsp;<br \/>Categoria: Creatore&nbsp;<br \/>&nbsp;<br \/>Questo kit contiene: Welleadz WLZ-6F&nbsp;<br \/>&nbsp;<br \/>1027 pezzi di mattoni di buona qualit\u00e0&nbsp;<br \/>&nbsp;<br \/>Dimensioni: 18 \u00d7 5,4 \u00d7 16,2 cm<br \/>&nbsp;<br \/>Istruzioni manuali&nbsp;<br \/>&nbsp;<br \/>\ud83d\udcccNatura del protagonista&nbsp;<br \/>&nbsp;<br \/>Ti presentiamo la nostra orgogliosa collezione denominata &quot;SLR Vintage Camera&quot; da non perdere.&nbsp;<br \/>&nbsp;<br \/>Una fotocamera SLR vintage ha in genere un solido corpo in metallo con un rivestimento in pelle o plastica. Di solito ha obiettivi intercambiabili, che si attaccano al corpo della fotocamera tramite una baionetta o un attacco a vite. La fotocamera pu\u00f2 anche avere un esposimetro integrato o richiedere un esposimetro esterno per misurare la quantit\u00e0 di luce disponibile per lo scatto.<\/div>","protected":false},"excerpt":{"rendered":"<p>Marca: Welleadz<br \/>\nGenere: unisex<br \/>\nFascia d&#039;et\u00e0:&gt; 6 anni<br \/>\nNumero modello: WLZ-6F<br \/>\nClassificazione: assemblaggio<br \/>\nForma del blocco di plastica: mattoni autobloccanti<br \/>\nMateriale: plastica<br \/>\nTipo di plastica: ABS<br \/>\nBlocchi di mattoni: 1027 +<br \/>\nNessuna scatola<\/p>","protected":false},"featured_media":42219,"comment_status":"open","ping_status":"closed","template":"","meta":{"_acf_changed":false},"product_cat":[1365,371],"product_tag":[11430,11072,8452,7941],"class_list":["product","first","instock","shipping-taxable","purchasable","product-type-simple"],"acf":[],"_links":{"self":[{"href":"https:\/\/mouldking.store\/it\/wp-json\/wp\/v2\/product\/42224","targetHints":{"allow":["GET"]}}],"collection":[{"href":"https:\/\/mouldking.store\/it\/wp-json\/wp\/v2\/product"}],"about":[{"href":"https:\/\/mouldking.store\/it\/wp-json\/wp\/v2\/types\/product"}],"replies":[{"embeddable":true,"href":"https:\/\/mouldking.store\/it\/wp-json\/wp\/v2\/comments?post=42224"}],"wp:featuredmedia":[{"embeddable":true,"href":"https:\/\/mouldking.store\/it\/wp-json\/wp\/v2\/media\/42219"}],"wp:attachment":[{"href":"https:\/\/mouldking.store\/it\/wp-json\/wp\/v2\/media?parent=42224"}],"wp:term":[{"taxonomy":"product_cat","embeddable":true,"href":"https:\/\/mouldking.store\/it\/wp-json\/wp\/v2\/product_cat?post=42224"},{"taxonomy":"product_tag","embeddable":true,"href":"https:\/\/mouldking.store\/it\/wp-json\/wp\/v2\/product_tag?post=42224"}],"curies":[{"name":"wp","href":"https:\/\/api.w.org\/{rel}","templated":true}]}}