{"id":42231,"date":"2023-02-27T11:49:39","date_gmt":"2023-02-27T04:49:39","guid":{"rendered":"https:\/\/mouldking.store\/shop\/mould-king-10028-doge-charger-car-with-1439-pieces\/"},"modified":"2023-02-27T11:49:39","modified_gmt":"2023-02-27T04:49:39","slug":"mould-king-10028-doge-charger-car-with-1439-pieces","status":"publish","type":"product","link":"https:\/\/mouldking.store\/it\/shop\/mould-king-10028-doge-charger-car-with-1439-pieces\/","title":{"rendered":"MOLD KING 10028 Caricabatterie Doge con 1439 Pezzi"},"content":{"rendered":"<div>\u2705 Mould King 10028 Caricabatterie Doge&nbsp;<br \/>&nbsp;<br \/>\u2705La Dodge Charger \u00e8 una muscle car a quattro porte prodotta dalla casa automobilistica americana Dodge. \u00c8 in produzione dal 1966 ed \u00e8 attualmente alla sua settima generazione, introdotta nel 2011. La Charger \u00e8 nota per i suoi motori potenti, lo stile audace e le capacit\u00e0 ad alte prestazioni.<br \/>&nbsp;<br \/>\ud83d\udeabIMPORTANTE!&nbsp;<br \/>&nbsp;<br \/>Nome prodotto: caricabatteria Doge&nbsp;<br \/>&nbsp;<br \/>Categoria: Tecnica<br \/>&nbsp;<br \/>Questo kit contiene: Mold King 10028&nbsp;<br \/>&nbsp;<br \/>1439 pezzi di mattoni di buona qualit\u00e0&nbsp;<br \/>&nbsp;<br \/>Dimensioni: 32 x 14,6 x 9 cm<br \/>&nbsp;<br \/>Istruzioni manuali&nbsp;<br \/>&nbsp;<br \/>\ud83d\udcccNatura del protagonista&nbsp;<br \/>&nbsp;<br \/>Presentazione della nostra orgogliosa collezione denominata &quot;Doge Charger Car&quot; da non perdere.&nbsp;<br \/>&nbsp;<br \/>Oggi, la Dodge Charger \u00e8 ancora prodotta come una berlina a quattro porte con una gamma di motorizzazioni, tra cui un V6 da 3,6 litri, un V8 Hemi da 5,7 litri, un V8 da 6,4 litri e un V8 sovralimentato da 6,2 litri che produce fino a 797 cavalli nella Charger SRT Hellcat Redeye. La Charger continua ad essere una scelta popolare per coloro che desiderano un&#039;auto potente ed elegante con molto carattere.<\/div>","protected":false},"excerpt":{"rendered":"<p>Marca: STAMPO KING<br \/>\nGenere: unisex<br \/>\nFascia d&#039;et\u00e0:&gt; 14 anni<br \/>\nNumero modello: 10028<br \/>\nClassificazione: assemblaggio<br \/>\nForma del blocco di plastica: mattoni autobloccanti<br \/>\nMateriale: plastica<br \/>\nTipo di plastica: ABS<br \/>\nBlocchi di mattoni: 1439 +<br \/>\nNessuna scatola<\/p>","protected":false},"featured_media":42225,"comment_status":"open","ping_status":"closed","template":"","meta":{"_acf_changed":false},"product_cat":[1360,1357,364],"product_tag":[457,11154,389,11080],"class_list":["product","first","instock","shipping-taxable","purchasable","product-type-simple"],"acf":[],"_links":{"self":[{"href":"https:\/\/mouldking.store\/it\/wp-json\/wp\/v2\/product\/42231","targetHints":{"allow":["GET"]}}],"collection":[{"href":"https:\/\/mouldking.store\/it\/wp-json\/wp\/v2\/product"}],"about":[{"href":"https:\/\/mouldking.store\/it\/wp-json\/wp\/v2\/types\/product"}],"replies":[{"embeddable":true,"href":"https:\/\/mouldking.store\/it\/wp-json\/wp\/v2\/comments?post=42231"}],"wp:featuredmedia":[{"embeddable":true,"href":"https:\/\/mouldking.store\/it\/wp-json\/wp\/v2\/media\/42225"}],"wp:attachment":[{"href":"https:\/\/mouldking.store\/it\/wp-json\/wp\/v2\/media?parent=42231"}],"wp:term":[{"taxonomy":"product_cat","embeddable":true,"href":"https:\/\/mouldking.store\/it\/wp-json\/wp\/v2\/product_cat?post=42231"},{"taxonomy":"product_tag","embeddable":true,"href":"https:\/\/mouldking.store\/it\/wp-json\/wp\/v2\/product_tag?post=42231"}],"curies":[{"name":"wp","href":"https:\/\/api.w.org\/{rel}","templated":true}]}}