{"id":42311,"date":"2023-02-28T10:31:26","date_gmt":"2023-02-28T03:31:26","guid":{"rendered":"https:\/\/mouldking.store\/shop\/moc-factory-130443-avatar-rda-helicopter-aerospatiale-sa-2-samson-with-931-pieces\/"},"modified":"2025-12-16T22:25:15","modified_gmt":"2025-12-16T15:25:15","slug":"moc-factory-130443-avatar-rda-helicopter-aerospatiale-sa-2-samson-with-931-pieces","status":"publish","type":"product","link":"https:\/\/mouldking.store\/it\/shop\/moc-factory-130443-avatar-rda-helicopter-aerospatiale-sa-2-samson-with-931-pieces\/","title":{"rendered":"MOC Factory 130443 Avatar RDA Helicopter Aerospatiale SA-2 Samson con 931 pezzi"},"content":{"rendered":"<div>\u2705 MOC-130443 Avatar RDA Helicopter Aerospatiale SA-2 Sansone&nbsp;<\/p>\n<p>\u2705L&#039;Elicottero Avatar RDA Aerospatiale SA-2 Samson \u00e8 un elicottero immaginario presente nel film di fantascienza del 2009 &quot;Avatar&quot;, diretto da James Cameron.<\/p>\n<p>\ud83d\udeabIMPORTANTE!<\/p>\n<p>Nome del prodotto: Avatar RDA Helicopter Aerospatiale SA-2 Sansone&nbsp;<\/p>\n<p>Categoria: film<\/p>\n<p>Questo kit contiene: C9279<\/p>\n<p>931 pezzi di mattoni di buona qualit\u00e0<\/p>\n<p>Dimensioni: 48 x 32 x 10 cm<\/p>\n<p>Peso: 0,93 kg<\/p>\n<p>PDF Istruzioni<\/p>\n<p>\ud83d\udcccNatura del protagonista<\/p>\n<p>Presentazione della nostra orgogliosa collezione denominata &quot;Avatar RDA Helicopter Aerospatiale SA-2 Samson&quot; da non perdere.<\/p>\n<p>L&#039;SA-2 Samson ha un design distintivo, con due rotori montati su una fusoliera sottile. L&#039;elicottero \u00e8 in grado di trasportare grandi carichi utili, inclusi container e macchinari pesanti, e pu\u00f2 operare in una variet\u00e0 di ambienti, tra cui foreste, montagne e paludi. \u00c8 inoltre dotato di sensori avanzati e apparecchiature di comunicazione, che gli consentono di navigare nel terreno infido di Pandora e rimanere in contatto con le squadre di terra della RDA.<\/p><\/div>","protected":false},"excerpt":{"rendered":"<p>Marca: Fabbrica MOC<br \/>\nGenere: unisex<br \/>\nFascia d&#039;et\u00e0:&gt; 8 anni<br \/>\nNumero modello: 130443<br \/>\nClassificazione: assemblaggio<br \/>\nForma del blocco di plastica: mattoni autobloccanti<br \/>\nMateriale: plastica<br \/>\nTipo di plastica: ABS<br \/>\nBlocchi di mattoni: 931 +<br \/>\nNessuna scatola<\/p>","protected":false},"featured_media":42305,"comment_status":"open","ping_status":"closed","template":"","meta":{"_acf_changed":false},"product_cat":[1350,1357,372,581,364,1408],"product_tag":[2913,9139,5298,374,434,389],"class_list":["product","first","instock","shipping-taxable","purchasable","product-type-simple"],"acf":[],"_links":{"self":[{"href":"https:\/\/mouldking.store\/it\/wp-json\/wp\/v2\/product\/42311","targetHints":{"allow":["GET"]}}],"collection":[{"href":"https:\/\/mouldking.store\/it\/wp-json\/wp\/v2\/product"}],"about":[{"href":"https:\/\/mouldking.store\/it\/wp-json\/wp\/v2\/types\/product"}],"replies":[{"embeddable":true,"href":"https:\/\/mouldking.store\/it\/wp-json\/wp\/v2\/comments?post=42311"}],"wp:featuredmedia":[{"embeddable":true,"href":"https:\/\/mouldking.store\/it\/wp-json\/wp\/v2\/media\/42305"}],"wp:attachment":[{"href":"https:\/\/mouldking.store\/it\/wp-json\/wp\/v2\/media?parent=42311"}],"wp:term":[{"taxonomy":"product_cat","embeddable":true,"href":"https:\/\/mouldking.store\/it\/wp-json\/wp\/v2\/product_cat?post=42311"},{"taxonomy":"product_tag","embeddable":true,"href":"https:\/\/mouldking.store\/it\/wp-json\/wp\/v2\/product_tag?post=42311"}],"curies":[{"name":"wp","href":"https:\/\/api.w.org\/{rel}","templated":true}]}}