{"id":42337,"date":"2023-02-28T14:23:05","date_gmt":"2023-02-28T07:23:05","guid":{"rendered":"https:\/\/mouldking.store\/shop\/moc-factory-115338-h-iia-super-collection-with-716-pieces\/"},"modified":"2025-12-16T22:25:15","modified_gmt":"2025-12-16T15:25:15","slug":"moc-factory-115338-h-iia-super-collection-with-716-pieces","status":"publish","type":"product","link":"https:\/\/mouldking.store\/it\/shop\/moc-factory-115338-h-iia-super-collection-with-716-pieces\/","title":{"rendered":"MOC Factory 115338 Collezione H-IIA Super con 716 pezzi"},"content":{"rendered":"<div>\u2705 MOC-115338 Collezione H-IIA Super<\/p>\n<p>\u2705H-IIA \u00e8 una famiglia di veicoli di lancio sacrificabili giapponesi (ELV) gestiti dalla Japan Aerospace Exploration Agency (JAXA). La &quot;H&quot; sta per &quot;H-II&quot; e &quot;IIA&quot; indica &quot;Adattatore interstadio migliorato&quot;.<\/p>\n<p>\ud83d\udeabIMPORTANTE!<\/p>\n<p>Nome prodotto: Collezione H-IIA Super<\/p>\n<p>Categoria: Spazio<\/p>\n<p>Questo kit contiene: C9310<\/p>\n<p>716 pezzi di mattoni di buona qualit\u00e0<\/p>\n<p>Dimensioni: 8 x 8 x 24 cm<\/p>\n<p>Peso: 0,69 kg<\/p>\n<p>PDF Istruzioni<\/p>\n<p>\ud83d\udcccNatura del protagonista<\/p>\n<p>Presentazione della nostra orgogliosa collezione denominata &quot;Peso: 0,69 kg&quot; da non perdere.<\/p>\n<p>L&#039;H-IIA ha un design a due stadi, con propulsori a razzo solido collegati al primo stadio per fornire ulteriore spinta durante la fase iniziale del volo. Il secondo stadio del razzo \u00e8 alimentato da un motore a propellente liquido. L&#039;H-IIA \u00e8 in servizio dal 2001 e ha un buon track record di affidabilit\u00e0 e successo. \u00c8 diventata una componente importante del programma spaziale giapponese, supportando missioni sia nazionali che internazionali.<\/p><\/div>","protected":false},"excerpt":{"rendered":"<p>Marca: Fabbrica MOC<br \/>\nGenere: unisex<br \/>\nFascia d&#039;et\u00e0:&gt; 12 anni<br \/>\nNumero modello: 115338<br \/>\nClassificazione: assemblaggio<br \/>\nForma del blocco di plastica: mattoni autobloccanti<br \/>\nMateriale: plastica<br \/>\nTipo di plastica: ABS<br \/>\nBlocchi di mattoni: 716 +<br \/>\nNessuna scatola<\/p>","protected":false},"featured_media":42333,"comment_status":"open","ping_status":"closed","template":"","meta":{"_acf_changed":false},"product_cat":[6016],"product_tag":[11441,2276,11396],"class_list":["product","first","instock","shipping-taxable","purchasable","product-type-simple"],"acf":[],"_links":{"self":[{"href":"https:\/\/mouldking.store\/it\/wp-json\/wp\/v2\/product\/42337","targetHints":{"allow":["GET"]}}],"collection":[{"href":"https:\/\/mouldking.store\/it\/wp-json\/wp\/v2\/product"}],"about":[{"href":"https:\/\/mouldking.store\/it\/wp-json\/wp\/v2\/types\/product"}],"replies":[{"embeddable":true,"href":"https:\/\/mouldking.store\/it\/wp-json\/wp\/v2\/comments?post=42337"}],"wp:featuredmedia":[{"embeddable":true,"href":"https:\/\/mouldking.store\/it\/wp-json\/wp\/v2\/media\/42333"}],"wp:attachment":[{"href":"https:\/\/mouldking.store\/it\/wp-json\/wp\/v2\/media?parent=42337"}],"wp:term":[{"taxonomy":"product_cat","embeddable":true,"href":"https:\/\/mouldking.store\/it\/wp-json\/wp\/v2\/product_cat?post=42337"},{"taxonomy":"product_tag","embeddable":true,"href":"https:\/\/mouldking.store\/it\/wp-json\/wp\/v2\/product_tag?post=42337"}],"curies":[{"name":"wp","href":"https:\/\/api.w.org\/{rel}","templated":true}]}}