{"id":42452,"date":"2023-03-01T17:37:00","date_gmt":"2023-03-01T10:37:00","guid":{"rendered":"https:\/\/mouldking.store\/shop\/moc-factory-127125-sci-fi-clone-tank-cannon-with-463-pieces\/"},"modified":"2025-12-16T22:25:14","modified_gmt":"2025-12-16T15:25:14","slug":"moc-factory-127125-sci-fi-clone-tank-cannon-with-463-pieces","status":"publish","type":"product","link":"https:\/\/mouldking.store\/it\/shop\/moc-factory-127125-sci-fi-clone-tank-cannon-with-463-pieces\/","title":{"rendered":"MOC Factory 127125 Fantascienza Clone Tank Cannon con 463 pezzi"},"content":{"rendered":"<div>\u2705 MOC-127125 Cannone carro armato clone fantascientifico&nbsp;<\/p>\n<p>\u2705L&#039;AV-7 Cannon V.2 \u00e8 un&#039;arma immaginaria nell&#039;universo di Star Wars. \u00c8 un&#039;arma di artiglieria pesante utilizzata principalmente dal Grande Esercito della Repubblica, l&#039;organizzazione militare che ha combattuto contro l&#039;Esercito di Droidi Separatisti durante le Guerre dei Cloni.<\/p>\n<p>\ud83d\udeabIMPORTANTE!<\/p>\n<p>Nome prodotto: Cannone serbatoio clone fantascientifico&nbsp;<\/p>\n<p>Categoria: Guerre stellari<\/p>\n<p>Questo kit contiene: MOC-127125<\/p>\n<p>463 pezzi di mattoni di buona qualit\u00e0<\/p>\n<p>Peso: 300 g<\/p>\n<p>PDF Istruzioni<\/p>\n<p>\ud83d\udcccNatura del protagonista<\/p>\n<p>Presentazione della nostra orgogliosa collezione denominata &quot;Sci-Fi Clone Tank Cannon&quot; da non perdere.<\/p>\n<p>L&#039;AV-7 Cannon V.2 \u00e8 una piattaforma d&#039;arma mobile che pu\u00f2 essere schierata su vari tipi di terreno, comprese spiagge sabbiose e scogliere rocciose. \u00c8 dotato di un grande cannone rotante in grado di sparare potenti esplosioni di energia in grado di eliminare veicoli e strutture nemiche. Nella serie animata Star Wars: The Clone Wars, l&#039;AV-7 Cannon V.2 viene utilizzato in diverse battaglie chiave, tra cui la Battaglia di Umbara e la Battaglia di Ringo Vinda. L&#039;arma \u00e8 spesso gestita da clone troopers, che sono in grado di utilizzare la sua potenza di fuoco per ottenere vantaggi strategici contro le forze nemiche.<\/p><\/div>","protected":false},"excerpt":{"rendered":"<p>Marca: Fabbrica MOC<br \/>\nGenere: unisex<br \/>\nFascia d&#039;et\u00e0:&gt; 12 anni<br \/>\nNumero modello: 127125<br \/>\nClassificazione: assemblaggio<br \/>\nForma del blocco di plastica: mattoni autobloccanti<br \/>\nMateriale: plastica<br \/>\nTipo di plastica: ABS<br \/>\nMattoni Blocchi: 463 +<br \/>\nTempo di organizzazione: 4-8 settimane<\/p>","protected":false},"featured_media":42446,"comment_status":"open","ping_status":"closed","template":"","meta":{"_acf_changed":false},"product_cat":[1350,1357,372,581,6016,415,364,1408],"product_tag":[11460,374,434,2276,436,485,389],"class_list":["product","first","instock","shipping-taxable","purchasable","product-type-simple"],"acf":[],"_links":{"self":[{"href":"https:\/\/mouldking.store\/it\/wp-json\/wp\/v2\/product\/42452","targetHints":{"allow":["GET"]}}],"collection":[{"href":"https:\/\/mouldking.store\/it\/wp-json\/wp\/v2\/product"}],"about":[{"href":"https:\/\/mouldking.store\/it\/wp-json\/wp\/v2\/types\/product"}],"replies":[{"embeddable":true,"href":"https:\/\/mouldking.store\/it\/wp-json\/wp\/v2\/comments?post=42452"}],"wp:featuredmedia":[{"embeddable":true,"href":"https:\/\/mouldking.store\/it\/wp-json\/wp\/v2\/media\/42446"}],"wp:attachment":[{"href":"https:\/\/mouldking.store\/it\/wp-json\/wp\/v2\/media?parent=42452"}],"wp:term":[{"taxonomy":"product_cat","embeddable":true,"href":"https:\/\/mouldking.store\/it\/wp-json\/wp\/v2\/product_cat?post=42452"},{"taxonomy":"product_tag","embeddable":true,"href":"https:\/\/mouldking.store\/it\/wp-json\/wp\/v2\/product_tag?post=42452"}],"curies":[{"name":"wp","href":"https:\/\/api.w.org\/{rel}","templated":true}]}}