{"id":42530,"date":"2023-03-02T16:54:10","date_gmt":"2023-03-02T09:54:10","guid":{"rendered":"https:\/\/mouldking.store\/shop\/moc-factory-89458-my-singing-monsters-mammott-entbrat-bowgart-noggin-and-furcorn-with-168-pieces\/"},"modified":"2025-12-16T22:25:13","modified_gmt":"2025-12-16T15:25:13","slug":"moc-factory-89458-my-singing-monsters-mammott-entbrat-bowgart-noggin-and-furcorn-with-168-pieces","status":"publish","type":"product","link":"https:\/\/mouldking.store\/it\/shop\/moc-factory-89458-my-singing-monsters-mammott-entbrat-bowgart-noggin-and-furcorn-with-168-pieces\/","title":{"rendered":"MOC Factory 89458 My Singing Monsters Mammott Entbrat Bowgart Noggin e Furcorn con 168 pezzi"},"content":{"rendered":"<div>\u2705 MOC-89458 My Singing Monsters Mammott Entbrat Bowgart Noggin and Furcorn<\/p>\n<p>\u2705My Singing Monsters \u00e8 un popolare gioco per dispositivi mobili in cui i giocatori raccolgono e allevano vari mostri, ognuno con il proprio aspetto e suono unici. Mammott, Entbrat, Bowgart, Noggin e Furcorn sono alcuni dei mostri che si possono trovare nel gioco.<\/p>\n<p>\ud83d\udeabIMPORTANTE!<\/p>\n<p>Nome prodotto: My Singing Monsters Mammott Entbrat Bowgart Noggin e Furcorn<\/p>\n<p>Categoria: Creatore<\/p>\n<p>Questo kit contiene: C9317<\/p>\n<p>168 pezzi di mattoni di buona qualit\u00e0<\/p>\n<p>Dimensioni: 5,8 x 3,2 x 6,1 cm<\/p>\n<p>Peso: 0,06 kg<\/p>\n<p>PDF Istruzioni<\/p>\n<p>\ud83d\udcccNatura del protagonista<\/p>\n<p>Presentazione della nostra orgogliosa collezione chiamata &quot;My Singing Monsters Mammott Entbrat Bowgart Noggin and Furcorn&quot; da non perdere.<\/p>\n<p>Ogni mostro ha il suo suono unico e pu\u00f2 essere combinato con altri mostri per creare canzoni nuove e pi\u00f9 complesse. Il gioco \u00e8 noto per le sue melodie orecchiabili e gli adorabili design dei mostri, e ha una base di fan ampia e dedicata.<\/p><\/div>","protected":false},"excerpt":{"rendered":"<p>Marca: Fabbrica MOC<br \/>\nGenere: unisex<br \/>\nFascia d&#039;et\u00e0:&gt; 6 anni<br \/>\nNumero modello: 89458<br \/>\nClassificazione: assemblaggio<br \/>\nForma del blocco di plastica: mattoni autobloccanti<br \/>\nMateriale: plastica<br \/>\nTipo di plastica: ABS<br \/>\nMattoni Blocchi: 168 +<br \/>\nNessuna scatola originale<\/p>","protected":false},"featured_media":42521,"comment_status":"open","ping_status":"closed","template":"","meta":{"_acf_changed":false},"product_cat":[1365,371,581,1408],"product_tag":[11471,11072,8452,11470,11473,9139,11469,11468,434,11472,11467],"class_list":["product","first","instock","shipping-taxable","purchasable","product-type-simple"],"acf":[],"_links":{"self":[{"href":"https:\/\/mouldking.store\/it\/wp-json\/wp\/v2\/product\/42530","targetHints":{"allow":["GET"]}}],"collection":[{"href":"https:\/\/mouldking.store\/it\/wp-json\/wp\/v2\/product"}],"about":[{"href":"https:\/\/mouldking.store\/it\/wp-json\/wp\/v2\/types\/product"}],"replies":[{"embeddable":true,"href":"https:\/\/mouldking.store\/it\/wp-json\/wp\/v2\/comments?post=42530"}],"wp:featuredmedia":[{"embeddable":true,"href":"https:\/\/mouldking.store\/it\/wp-json\/wp\/v2\/media\/42521"}],"wp:attachment":[{"href":"https:\/\/mouldking.store\/it\/wp-json\/wp\/v2\/media?parent=42530"}],"wp:term":[{"taxonomy":"product_cat","embeddable":true,"href":"https:\/\/mouldking.store\/it\/wp-json\/wp\/v2\/product_cat?post=42530"},{"taxonomy":"product_tag","embeddable":true,"href":"https:\/\/mouldking.store\/it\/wp-json\/wp\/v2\/product_tag?post=42530"}],"curies":[{"name":"wp","href":"https:\/\/api.w.org\/{rel}","templated":true}]}}